{"id":1243,"date":"2024-07-25T19:10:47","date_gmt":"2024-07-25T17:10:47","guid":{"rendered":"https:\/\/terradominicata.com\/?page_id=1243"},"modified":"2025-02-05T12:32:49","modified_gmt":"2025-02-05T11:32:49","slug":"politica-de-devoluciones-y-reembolsos","status":"publish","type":"page","link":"https:\/\/terradominicata.com\/ca\/politica-de-devoluciones-y-reembolsos\/","title":{"rendered":"Pol\u00edtica de devoluciones y reembolsos"},"content":{"rendered":"<div data-elementor-type=\"wp-page\" data-elementor-id=\"1243\" class=\"elementor elementor-1243\" data-elementor-post-type=\"page\">\n\t\t\t\t<div class=\"elementor-element elementor-element-102b8578 e-flex e-con-boxed e-con e-parent\" data-id=\"102b8578\" data-element_type=\"container\">\n\t\t\t\t\t<div class=\"e-con-inner\">\n\t\t\t\t\t<\/div>\n\t\t\t\t<\/div>\n\t\t<div class=\"elementor-element elementor-element-6f6ba01 e-flex e-con-boxed e-con e-parent\" data-id=\"6f6ba01\" data-element_type=\"container\">\n\t\t\t\t\t<div class=\"e-con-inner\">\n\t\t\t\t<div class=\"elementor-element elementor-element-63c93ce elementor-widget elementor-widget-text-editor\" data-id=\"63c93ce\" data-element_type=\"widget\" data-widget_type=\"text-editor.default\">\n\t\t\t\t<div class=\"elementor-widget-container\">\n\t\t\t\t\t\t\t<h3>Pol\u00edtica de reemborsament<\/h3><p>La pol\u00edtica de devoluci\u00f3 \u00e9s la seg\u00fcent:<\/p><p>Per als bons regals: 14 dies des de l&#039;emissi\u00f3 del bo.<\/p><p>Per a les compres de vi: 14 dies des de la recepci\u00f3 de la comanda<\/p><p>Per a les reserves d&#039;hotel: segons el que indiqueu en les condicions de la tarifa d&#039;hotel escollida<\/p><p>Tots els reembossaments es faran sobre la mateixa forma de pagament de la compra.<\/p><p>Per sol\u00b7licitar un reemborsament podeu escriure&#039;ns a: info@terradominicata.com<\/p>\t\t\t\t\t\t<\/div>\n\t\t\t\t<\/div>\n\t\t\t\t\t<\/div>\n\t\t\t\t<\/div>\n\t\t\t\t<\/div>","protected":false},"excerpt":{"rendered":"<p>Pol\u00edtica de reembolso La pol\u00edtica de devoluci\u00f3n es la siguiente: Para los bonos regalo: 14 d\u00edas desde la emisi\u00f3n del bono. Para las compras de vino: 14 d\u00edas desde la recepci\u00f3n del pedido Para las reservas de hotel: seg\u00fan lo indicado en las condiciones de la tarifa de hotel escogida Todos los reeembolsos se har\u00e1n [&hellip;]<\/p>","protected":false},"author":1,"featured_media":0,"parent":0,"menu_order":0,"comment_status":"closed","ping_status":"closed","template":"","meta":{"site-sidebar-layout":"default","site-content-layout":"","ast-site-content-layout":"","site-content-style":"default","site-sidebar-style":"default","ast-global-header-display":"","ast-banner-title-visibility":"","ast-main-header-display":"","ast-hfb-above-header-display":"","ast-hfb-below-header-display":"","ast-hfb-mobile-header-display":"","site-post-title":"","ast-breadcrumbs-content":"","ast-featured-img":"","footer-sml-layout":"","theme-transparent-header-meta":"","adv-header-id-meta":"","stick-header-meta":"","header-above-stick-meta":"","header-main-stick-meta":"","header-below-stick-meta":"","astra-migrate-meta-layouts":"default","ast-page-background-enabled":"default","ast-page-background-meta":{"desktop":{"background-color":"var(--ast-global-color-4)","background-image":"","background-repeat":"repeat","background-position":"center center","background-size":"auto","background-attachment":"scroll","background-type":"","background-media":"","overlay-type":"","overlay-color":"","overlay-opacity":"","overlay-gradient":""},"tablet":{"background-color":"","background-image":"","background-repeat":"repeat","background-position":"center center","background-size":"auto","background-attachment":"scroll","background-type":"","background-media":"","overlay-type":"","overlay-color":"","overlay-opacity":"","overlay-gradient":""},"mobile":{"background-color":"","background-image":"","background-repeat":"repeat","background-position":"center center","background-size":"auto","background-attachment":"scroll","background-type":"","background-media":"","overlay-type":"","overlay-color":"","overlay-opacity":"","overlay-gradient":""}},"ast-content-background-meta":{"desktop":{"background-color":"var(--ast-global-color-5)","background-image":"","background-repeat":"repeat","background-position":"center center","background-size":"auto","background-attachment":"scroll","background-type":"","background-media":"","overlay-type":"","overlay-color":"","overlay-opacity":"","overlay-gradient":""},"tablet":{"background-color":"var(--ast-global-color-5)","background-image":"","background-repeat":"repeat","background-position":"center center","background-size":"auto","background-attachment":"scroll","background-type":"","background-media":"","overlay-type":"","overlay-color":"","overlay-opacity":"","overlay-gradient":""},"mobile":{"background-color":"var(--ast-global-color-5)","background-image":"","background-repeat":"repeat","background-position":"center center","background-size":"auto","background-attachment":"scroll","background-type":"","background-media":"","overlay-type":"","overlay-color":"","overlay-opacity":"","overlay-gradient":""}},"footnotes":""},"class_list":["post-1243","page","type-page","status-publish","hentry"],"acf":[],"yoast_head":"<!-- This site is optimized with the Yoast SEO plugin v23.0 - https:\/\/yoast.com\/wordpress\/plugins\/seo\/ -->\n<title>Pol\u00edtica de devoluciones y reembolsos - Terra Dominicata<\/title>\n<meta name=\"robots\" content=\"index, follow, max-snippet:-1, max-image-preview:large, max-video-preview:-1\" \/>\n<link rel=\"canonical\" href=\"https:\/\/terradominicata.com\/ca\/politica-de-devoluciones-y-reembolsos\/\" \/>\n<meta property=\"og:locale\" content=\"ca_ES\" \/>\n<meta property=\"og:type\" content=\"article\" \/>\n<meta property=\"og:title\" content=\"Pol\u00edtica de devoluciones y reembolsos - Terra Dominicata\" \/>\n<meta property=\"og:description\" content=\"Pol\u00edtica de reembolso La pol\u00edtica de devoluci\u00f3n es la siguiente: Para los bonos regalo: 14 d\u00edas desde la emisi\u00f3n del bono. Para las compras de vino: 14 d\u00edas desde la recepci\u00f3n del pedido Para las reservas de hotel: seg\u00fan lo indicado en las condiciones de la tarifa de hotel escogida Todos los reeembolsos se har\u00e1n [&hellip;]\" \/>\n<meta property=\"og:url\" content=\"https:\/\/terradominicata.com\/ca\/politica-de-devoluciones-y-reembolsos\/\" \/>\n<meta property=\"og:site_name\" content=\"Terra Dominicata\" \/>\n<meta property=\"article:modified_time\" content=\"2025-02-05T11:32:49+00:00\" \/>\n<meta name=\"twitter:card\" content=\"summary_large_image\" \/>\n<meta name=\"twitter:label1\" content=\"Temps estimat de lectura\" \/>\n\t<meta name=\"twitter:data1\" content=\"1 minut\" \/>\n<script type=\"application\/ld+json\" class=\"yoast-schema-graph\">{\"@context\":\"https:\/\/schema.org\",\"@graph\":[{\"@type\":\"WebPage\",\"@id\":\"https:\/\/terradominicata.com\/politica-de-devoluciones-y-reembolsos\/\",\"url\":\"https:\/\/terradominicata.com\/politica-de-devoluciones-y-reembolsos\/\",\"name\":\"Pol\u00edtica de devoluciones y reembolsos - Terra Dominicata\",\"isPartOf\":{\"@id\":\"https:\/\/terradominicata.com\/#website\"},\"datePublished\":\"2024-07-25T17:10:47+00:00\",\"dateModified\":\"2025-02-05T11:32:49+00:00\",\"breadcrumb\":{\"@id\":\"https:\/\/terradominicata.com\/politica-de-devoluciones-y-reembolsos\/#breadcrumb\"},\"inLanguage\":\"ca\",\"potentialAction\":[{\"@type\":\"ReadAction\",\"target\":[\"https:\/\/terradominicata.com\/politica-de-devoluciones-y-reembolsos\/\"]}]},{\"@type\":\"BreadcrumbList\",\"@id\":\"https:\/\/terradominicata.com\/politica-de-devoluciones-y-reembolsos\/#breadcrumb\",\"itemListElement\":[{\"@type\":\"ListItem\",\"position\":1,\"name\":\"Portada\",\"item\":\"https:\/\/terradominicata.com\/\"},{\"@type\":\"ListItem\",\"position\":2,\"name\":\"Pol\u00edtica de devoluciones y reembolsos\"}]},{\"@type\":\"WebSite\",\"@id\":\"https:\/\/terradominicata.com\/#website\",\"url\":\"https:\/\/terradominicata.com\/\",\"name\":\"Terra Dominicata\",\"description\":\"\",\"publisher\":{\"@id\":\"https:\/\/terradominicata.com\/#organization\"},\"potentialAction\":[{\"@type\":\"SearchAction\",\"target\":{\"@type\":\"EntryPoint\",\"urlTemplate\":\"https:\/\/terradominicata.com\/?s={search_term_string}\"},\"query-input\":\"required name=search_term_string\"}],\"inLanguage\":\"ca\"},{\"@type\":\"Organization\",\"@id\":\"https:\/\/terradominicata.com\/#organization\",\"name\":\"Terra Dominicata\",\"url\":\"https:\/\/terradominicata.com\/\",\"logo\":{\"@type\":\"ImageObject\",\"inLanguage\":\"ca\",\"@id\":\"https:\/\/terradominicata.com\/#\/schema\/logo\/image\/\",\"url\":\"https:\/\/terradominicata.com\/wp-content\/uploads\/2024\/05\/Recurso-1.svg\",\"contentUrl\":\"https:\/\/terradominicata.com\/wp-content\/uploads\/2024\/05\/Recurso-1.svg\",\"width\":427,\"height\":91,\"caption\":\"Terra Dominicata\"},\"image\":{\"@id\":\"https:\/\/terradominicata.com\/#\/schema\/logo\/image\/\"}}]}<\/script>\n<!-- \/ Yoast SEO plugin. -->","yoast_head_json":{"title":"Pol\u00edtica de devoluciones y reembolsos - Terra Dominicata","robots":{"index":"index","follow":"follow","max-snippet":"max-snippet:-1","max-image-preview":"max-image-preview:large","max-video-preview":"max-video-preview:-1"},"canonical":"https:\/\/terradominicata.com\/ca\/politica-de-devoluciones-y-reembolsos\/","og_locale":"ca_ES","og_type":"article","og_title":"Pol\u00edtica de devoluciones y reembolsos - Terra Dominicata","og_description":"Pol\u00edtica de reembolso La pol\u00edtica de devoluci\u00f3n es la siguiente: Para los bonos regalo: 14 d\u00edas desde la emisi\u00f3n del bono. Para las compras de vino: 14 d\u00edas desde la recepci\u00f3n del pedido Para las reservas de hotel: seg\u00fan lo indicado en las condiciones de la tarifa de hotel escogida Todos los reeembolsos se har\u00e1n [&hellip;]","og_url":"https:\/\/terradominicata.com\/ca\/politica-de-devoluciones-y-reembolsos\/","og_site_name":"Terra Dominicata","article_modified_time":"2025-02-05T11:32:49+00:00","twitter_card":"summary_large_image","twitter_misc":{"Temps estimat de lectura":"1 minut"},"schema":{"@context":"https:\/\/schema.org","@graph":[{"@type":"WebPage","@id":"https:\/\/terradominicata.com\/politica-de-devoluciones-y-reembolsos\/","url":"https:\/\/terradominicata.com\/politica-de-devoluciones-y-reembolsos\/","name":"Pol\u00edtica de devoluciones y reembolsos - Terra Dominicata","isPartOf":{"@id":"https:\/\/terradominicata.com\/#website"},"datePublished":"2024-07-25T17:10:47+00:00","dateModified":"2025-02-05T11:32:49+00:00","breadcrumb":{"@id":"https:\/\/terradominicata.com\/politica-de-devoluciones-y-reembolsos\/#breadcrumb"},"inLanguage":"ca","potentialAction":[{"@type":"ReadAction","target":["https:\/\/terradominicata.com\/politica-de-devoluciones-y-reembolsos\/"]}]},{"@type":"BreadcrumbList","@id":"https:\/\/terradominicata.com\/politica-de-devoluciones-y-reembolsos\/#breadcrumb","itemListElement":[{"@type":"ListItem","position":1,"name":"Portada","item":"https:\/\/terradominicata.com\/"},{"@type":"ListItem","position":2,"name":"Pol\u00edtica de devoluciones y reembolsos"}]},{"@type":"WebSite","@id":"https:\/\/terradominicata.com\/#website","url":"https:\/\/terradominicata.com\/","name":"Terra Dominicata","description":"","publisher":{"@id":"https:\/\/terradominicata.com\/#organization"},"potentialAction":[{"@type":"SearchAction","target":{"@type":"EntryPoint","urlTemplate":"https:\/\/terradominicata.com\/?s={search_term_string}"},"query-input":"required name=search_term_string"}],"inLanguage":"ca"},{"@type":"Organization","@id":"https:\/\/terradominicata.com\/#organization","name":"Terra Dominicata","url":"https:\/\/terradominicata.com\/","logo":{"@type":"ImageObject","inLanguage":"ca","@id":"https:\/\/terradominicata.com\/#\/schema\/logo\/image\/","url":"https:\/\/terradominicata.com\/wp-content\/uploads\/2024\/05\/Recurso-1.svg","contentUrl":"https:\/\/terradominicata.com\/wp-content\/uploads\/2024\/05\/Recurso-1.svg","width":427,"height":91,"caption":"Terra Dominicata"},"image":{"@id":"https:\/\/terradominicata.com\/#\/schema\/logo\/image\/"}}]}},"_links":{"self":[{"href":"https:\/\/terradominicata.com\/ca\/wp-json\/wp\/v2\/pages\/1243","targetHints":{"allow":["GET"]}}],"collection":[{"href":"https:\/\/terradominicata.com\/ca\/wp-json\/wp\/v2\/pages"}],"about":[{"href":"https:\/\/terradominicata.com\/ca\/wp-json\/wp\/v2\/types\/page"}],"author":[{"embeddable":true,"href":"https:\/\/terradominicata.com\/ca\/wp-json\/wp\/v2\/users\/1"}],"replies":[{"embeddable":true,"href":"https:\/\/terradominicata.com\/ca\/wp-json\/wp\/v2\/comments?post=1243"}],"version-history":[{"count":0,"href":"https:\/\/terradominicata.com\/ca\/wp-json\/wp\/v2\/pages\/1243\/revisions"}],"wp:attachment":[{"href":"https:\/\/terradominicata.com\/ca\/wp-json\/wp\/v2\/media?parent=1243"}],"curies":[{"name":"wp","href":"https:\/\/api.w.org\/{rel}","templated":true}]}}