{"id":3,"date":"2024-05-30T10:40:23","date_gmt":"2024-05-30T08:40:23","guid":{"rendered":"https:\/\/terradominicata.com\/?page_id=3"},"modified":"2025-02-05T12:38:53","modified_gmt":"2025-02-05T11:38:53","slug":"politica-de-privacidad","status":"publish","type":"page","link":"https:\/\/terradominicata.com\/ca\/politica-de-privacidad\/","title":{"rendered":"Pol\u00edtica de privadesa"},"content":{"rendered":"<div data-elementor-type=\"wp-page\" data-elementor-id=\"3\" class=\"elementor elementor-3\" data-elementor-post-type=\"page\">\n\t\t\t\t<div class=\"elementor-element elementor-element-17b3fa1a e-flex e-con-boxed e-con e-parent\" data-id=\"17b3fa1a\" data-element_type=\"container\">\n\t\t\t\t\t<div class=\"e-con-inner\">\n\t\t\t\t\t<\/div>\n\t\t\t\t<\/div>\n\t\t<div class=\"elementor-element elementor-element-f48b0b2 e-flex e-con-boxed e-con e-parent\" data-id=\"f48b0b2\" data-element_type=\"container\">\n\t\t\t\t\t<div class=\"e-con-inner\">\n\t\t\t\t<div class=\"elementor-element elementor-element-55de21b elementor-widget elementor-widget-text-editor\" data-id=\"55de21b\" data-element_type=\"widget\" data-widget_type=\"text-editor.default\">\n\t\t\t\t<div class=\"elementor-widget-container\">\n\t\t\t\t\t\t\t<div>\n<div>\n<div>\n<div>\n<h4>Pol\u00edtica de privadesa<\/h4>\n<p>Informaci\u00f3 b\u00e0sica sobre protecci\u00f3 de dades<br>Responsable: Wine Friendly Hotels SL<\/p>\n<p>Finalitat: Gestionar i atendre les sol\u00b7licituds a trav\u00e9s de la p\u00e0gina web.<\/p>\n<p>Legitimaci\u00f3: Consentiment de linteressat.<\/p>\n<p>Destinataris: No se cediran dades a tercers, excepte obligaci\u00f3 legal.<\/p>\n<p>Drets: Teniu dret a accedir, rectificar i suprimir les dades, aix\u00ed com altres drets indicats a la informaci\u00f3 addicional, que podeu exercir enviant un correu a info@terradominicata.com<br>Proced\u00e8ncia: El mateix interessat.<\/p>\n<p>Qui \u00e9s el responsable del tractament de les dades?<br>Wine Friendly Hotels SL amb CIF B65163941 i domicili social situat a l&#039;Avinguda del Baix Llobregat, 9-11 \u2013 El Prat de Llobregat, en concepte de propiet\u00e0ria de www.terradominicata.com , \u00e9s responsable de tractar i protegir les teves dades personals segons el que estableix el Reglament67 Protecci\u00f36.<\/p>\n<p>Amb quina finalitat fem servir les teves dades personals?<br>Usarem les teves dades, obtingudes online, entre altres finalitats per gestionar el teu registre com a usuari, gestionar la compra de productes o serveis, atendre les teves consultes, aix\u00ed com per, en cas que vulguis, enviar-te les nostres comunicacions personalitzades. Depenent dels productes, serveis o funcionalitats de qu\u00e8 vulguis gaudir a cada moment necessitarem tractar unes dades o altres, que en general seran, segons el cas, les seg\u00fcents:<\/p>\n<p>* les teves dades identificatives (per exemple, el teu nom, cognom, idioma i pa\u00eds des d&#039;on interactues amb nosaltres, dades de contacte, etc);<br>* informaci\u00f3 econ\u00f2mica i transaccional (per exemple, les teves dades de pagament o de targeta, informaci\u00f3 sobre les compres, comandes, devolucions, etc.);<br>* dades de connexi\u00f3, geolocalitzaci\u00f3 i navegaci\u00f3 (en cas que interactu\u00efs amb nosaltres des del m\u00f2bil, per exemple);<br>* informaci\u00f3 comercial (per exemple, si est\u00e0s subscrit a la nostra newsletter), dades sobre els teus gustos i prefer\u00e8ncies.<\/p>\n<p>Recorda que, quan et demanem que emplenis les teves dades personals per donar-te acc\u00e9s a alguna funcionalitat o servei de la Plataforma, marcarem alguns camps com a obligatoris, ja que s\u00f3n dades que necessitem per poder prestar-te el servei o donar-te acc\u00e9s a la funcionalitat en q\u00fcesti\u00f3. Si us plau, tingues en compte que si decideixes no facilitar-nos aquestes dades, \u00e9s possible que no puguis completar el teu registre com a usuari o que no puguis gaudir d&#039;aquests serveis o funcionalitats.<\/p>\n<p>Per qu\u00e8 els fem servir?<br>Estem legitimats per tractar les teves dades per diferents motius. El principal, \u00e9s que necessitem tractar-los per executar el contracte que acceptes amb nosaltres en registrar-te i en fer una compra o gaudir d&#039;algun dels nostres serveis o funcionalitats, encara que hi ha altres raons que ens legitimen, com l&#039;inter\u00e8s a atendre les teves consultes o el consentiment que ens prestes per enviar-te les nostres newsletter, entre d&#039;altres.<\/p>\n<p>\u00bf Amb qui compartim les teves dades?<br>No compartirem dades amb tercers, llevat de donar compliment a obligacions legals, tribut\u00e0ries i en mat\u00e8ria de prevenci\u00f3 del blanqueig de capitals i finan\u00e7ament del terrorisme.<\/p>\n<p>Durant quant de temps conservarem les vostres dades?<br>Les teves dades seran tractades amb la m\u00e0xima confidencialitat per gestionar la nostra relaci\u00f3 comercial. Les dades es conservaran fins que sol\u00b7liciteu la supressi\u00f3 a la seg\u00fcent adre\u00e7a info@terradominicata.com o ho estableixi una disposici\u00f3 legal. Podeu presentar una reclamaci\u00f3 davant l&#039;autoritat de control competent (www.agpd.es) si considereu que el tractament no s&#039;ajusta a la normativa vigent.<\/p>\n<p>Quina \u00e9s la legitimaci\u00f3 per al tractament de les teves dades?<br>Wine Friendly Hotels est\u00e0 legitimada per tractar les teves dades perqu\u00e8 s\u00f3n necess\u00e0ries per prestar el servei sol\u00b7licitat o pel consentiment que ens atorgues als diferents formularis de contacte de la web. Les dades no se cediran a tercers excepte en els casos en qu\u00e8 hi hagi una obligaci\u00f3 legal.<\/p>\n<p>Per exercir els drets d&#039;acc\u00e9s, rectificaci\u00f3, supressi\u00f3 i portabilitat de les vostres dades, i la limitaci\u00f3 o oposici\u00f3 al vostre tractament, us heu d&#039;adre\u00e7ar per escrit a e.vives@terradominicata.com<br>Com a Usuari, mitjan\u00e7ant la marcaci\u00f3 de les caselles corresponents i entrada de dades als camps, marcats amb un asterisc (*) al formulari de contacte o presentats en formularis de desc\u00e0rrega, acceptes expressament i de forma lliure i inequ\u00edvoca, que les teves dades s\u00f3n necessaris per atendre la teva petici\u00f3, per part del prestador, sent volunt\u00e0ria la inclusi\u00f3 de dades als camps restants. Com a Usuari garanteixes que les dades personals facilitades s\u00f3n veraces i et fas responsable de comunicar-ne qualsevol modificaci\u00f3.<\/p>\n<p>Wine Friendly Hotels SL est\u00e0 complint amb totes les disposicions de les normatives per al tractament de les dades personals de la seva responsabilitat, i amb els principis descrits a l&#039;article 5 del GDPR, pels quals s\u00f3n tractats de manera l\u00edcita, lleial i transparent en relaci\u00f3 amb linteressat i adequats, pertinents i limitats al necessari en relaci\u00f3 amb els fins per als quals s\u00f3n tractats.<\/p>\n<p>Wine Friendly Hotels SL garanteix que ha implementat pol\u00edtiques t\u00e8cniques i organitzatives apropiades per aplicar les mesures de seguretat que estableixen el GDPR per tal de protegir els drets i les llibertats dels Usuaris i els ha comunicat la informaci\u00f3 adequada perqu\u00e8 puguin exercir-los.<\/p>\n<p>Quins s\u00f3n els vostres drets quan ens facilita les vostres dades?<br>Podeu exercir en qualsevol moment el vostre dret d&#039;acc\u00e9s, rectificaci\u00f3, supressi\u00f3 i portabilitat de les vostres dades, aix\u00ed com a la limitaci\u00f3 o oposici\u00f3 al vostre tractament. Tamb\u00e9 tens dret a retirar el consentiment prestat, aix\u00ed com a reclamar davant de l&#039;Autoritat de control pertinent.<\/p>\n<p>Podr\u00e0s exercitar els teus drets escrivint-nos un correu electr\u00f2nic a la nostra adre\u00e7a info@terradominicata.com, simplement indicant-nos el motiu de la teva sol\u00b7licitud. En cas que ho considerem necessari per poder-te identificar, podrem sol\u00b7licitar-te c\u00f2pia d&#039;un document acreditatiu de la teva identitat.<\/p>\n<p>Per a qualsevol consulta o aclariment que necessiti amb relaci\u00f3 a la protecci\u00f3 de dades pots posar-te en contacte amb Wine Friendly Hotels a trav\u00e9s del nostre correu electr\u00f2nic: e.vives@terradominicata.com<\/p>\n<p>Informaci\u00f3 addicional<br>Tant l&#039;acc\u00e9s a la p\u00e0gina web com l&#039;\u00fas que es pugui fer de la informaci\u00f3 que cont\u00e9 s\u00f3n de la responsabilitat exclusiva de qui el duu a terme. Wine Friendly Hotels es reserva la facultat d&#039;efectuar, en qualsevol moment i sense necessitat de previ av\u00eds, modificacions i actualitzacions sobre la informaci\u00f3 continguda a la P\u00e0gina Web oa la seva configuraci\u00f3 i presentaci\u00f3. Wine Friendly Hotels no pot garantir ni es responsabilitza de l&#039;exist\u00e8ncia d&#039;errors en l&#039;acc\u00e9s a la p\u00e0gina web, ni al seu contingut, ni que aquest estigui oportunament actualitzat, encara que realitzar\u00e0 els esfor\u00e7os necessaris per evitar-los i, si escau, reparar-los o actualitzar-los com m\u00e9s aviat millor. De la mateixa manera, tampoc no es responsabilitza de les conseq\u00fc\u00e8ncies derivades de la seva interacci\u00f3 ni dels efectes que aquesta interacci\u00f3 pugui comportar a les aplicacions de programari i\/o als equips de maquinari dels usuaris.<\/p>\n<p>Les dades obtingudes a trav\u00e9s de formularis, correu electr\u00f2nic o altres vies es guardaran exclusivament per poder realitzar la gesti\u00f3 de les comandes, i en cap concepte amb finalitats publicit\u00e0ries, exceptuant el cas que hagueu seleccionat l&#039;opci\u00f3 de rebre publicitat de Wine Friendly Hotels, ni seran cedits a tercers.<\/p>\n<p>D&#039;haver atorgat pr\u00e8viament el vostre consentiment expr\u00e9s, utilitzarem la vostra adre\u00e7a de correu electr\u00f2nic per a l&#039;enviament de comunicacions comercials. Pots donar-te de baixa de les mateixes en qualsevol moment, fent clic al link previst per a aix\u00f2 a l&#039;e-mail amb aquesta comunicaci\u00f3 comercial.<\/p>\n<p>Canvis en la pol\u00edtica de privadesa<br>\u00c9s possible que modifiquem la informaci\u00f3 continguda en aquesta Pol\u00edtica de Privadesa quan ho estimem convenient. En cas que ho fem, t&#039;ho notificarem per diferents vies a trav\u00e9s de la Plataforma (per exemple, mitjan\u00e7ant un banner, un pop-up o una notificaci\u00f3 push), o fins i tot t&#039;ho comunicarem a la teva adre\u00e7a de correu electr\u00f2nic quan el canvi en q\u00fcesti\u00f3 sigui significatiu envers la teva privadesa, de manera que puguis revisar els canvis, valorar-los i, si escau, oposar-te o donar-te de baixa en algun servei o funcionalitat. En qualsevol cas, et suggerim que revisis aquesta Pol\u00edtica de Privadesa de tant en tant per si hi hagu\u00e9s canvis menors o introdu\u00efm alguna millora interactiva, aprofitant que sempre la trobar\u00e0s com a punt permanent d&#039;informaci\u00f3 a la nostra Web.<\/p>\n<p>Informaci\u00f3 sobre Cookies<br>Utilitzem cookies i dispositius similars per facilitar la teva navegaci\u00f3 a la Plataforma, con\u00e8ixer com interactues amb Wine Friendly Hotels i, en determinats casos, poder mostrar publicitat en funci\u00f3 dels teus h\u00e0bits de navegaci\u00f3. Tamb\u00e9 s&#039;utilitzen amb la finalitat d&#039;emmagatzemar les dades de la cistella de la compra i millorar la usabilitat en la navegaci\u00f3, si ho desitges, pots configurar el teu navegador per ser avisat a la pantalla de la recepci\u00f3 de cookies i per impedir la instal\u00b7laci\u00f3 de cookies al disc dur. Si us plau, consulta les instruccions i manuals al navegador per ampliar la seva informaci\u00f3.<\/p>\n<\/div>\n<\/div>\n<\/div>\n<\/div>\t\t\t\t\t\t<\/div>\n\t\t\t\t<\/div>\n\t\t\t\t\t<\/div>\n\t\t\t\t<\/div>\n\t\t\t\t<\/div>","protected":false},"excerpt":{"rendered":"<p>Pol\u00edtica de privacidad Informaci\u00f3n b\u00e1sica sobre protecci\u00f3n de datosResponsable: Wine Friendly Hotels S.L. Finalidad: Gestionar y atender las solicitudes a trav\u00e9s de la p\u00e1gina web. Legitimaci\u00f3n: Consentimiento del interesado. Destinatarios: No se ceder\u00e1n datos a terceros, salvo obligaci\u00f3n legal. Derechos: Tiene derecho a acceder, rectificar y suprimir los datos, as\u00ed como otros derechos indicados en [&hellip;]<\/p>","protected":false},"author":1,"featured_media":0,"parent":0,"menu_order":0,"comment_status":"closed","ping_status":"open","template":"","meta":{"site-sidebar-layout":"default","site-content-layout":"","ast-site-content-layout":"","site-content-style":"default","site-sidebar-style":"default","ast-global-header-display":"","ast-banner-title-visibility":"","ast-main-header-display":"","ast-hfb-above-header-display":"","ast-hfb-below-header-display":"","ast-hfb-mobile-header-display":"","site-post-title":"","ast-breadcrumbs-content":"","ast-featured-img":"","footer-sml-layout":"","theme-transparent-header-meta":"","adv-header-id-meta":"","stick-header-meta":"","header-above-stick-meta":"","header-main-stick-meta":"","header-below-stick-meta":"","astra-migrate-meta-layouts":"default","ast-page-background-enabled":"default","ast-page-background-meta":{"desktop":{"background-color":"var(--ast-global-color-4)","background-image":"","background-repeat":"repeat","background-position":"center center","background-size":"auto","background-attachment":"scroll","background-type":"","background-media":"","overlay-type":"","overlay-color":"","overlay-opacity":"","overlay-gradient":""},"tablet":{"background-color":"","background-image":"","background-repeat":"repeat","background-position":"center center","background-size":"auto","background-attachment":"scroll","background-type":"","background-media":"","overlay-type":"","overlay-color":"","overlay-opacity":"","overlay-gradient":""},"mobile":{"background-color":"","background-image":"","background-repeat":"repeat","background-position":"center center","background-size":"auto","background-attachment":"scroll","background-type":"","background-media":"","overlay-type":"","overlay-color":"","overlay-opacity":"","overlay-gradient":""}},"ast-content-background-meta":{"desktop":{"background-color":"var(--ast-global-color-5)","background-image":"","background-repeat":"repeat","background-position":"center center","background-size":"auto","background-attachment":"scroll","background-type":"","background-media":"","overlay-type":"","overlay-color":"","overlay-opacity":"","overlay-gradient":""},"tablet":{"background-color":"var(--ast-global-color-5)","background-image":"","background-repeat":"repeat","background-position":"center center","background-size":"auto","background-attachment":"scroll","background-type":"","background-media":"","overlay-type":"","overlay-color":"","overlay-opacity":"","overlay-gradient":""},"mobile":{"background-color":"var(--ast-global-color-5)","background-image":"","background-repeat":"repeat","background-position":"center center","background-size":"auto","background-attachment":"scroll","background-type":"","background-media":"","overlay-type":"","overlay-color":"","overlay-opacity":"","overlay-gradient":""}},"footnotes":""},"class_list":["post-3","page","type-page","status-publish","hentry"],"acf":[],"yoast_head":"<!-- This site is optimized with the Yoast SEO plugin v23.0 - https:\/\/yoast.com\/wordpress\/plugins\/seo\/ -->\n<title>Pol\u00edtica de privacidad - Terra Dominicata<\/title>\n<meta name=\"robots\" content=\"index, follow, max-snippet:-1, max-image-preview:large, max-video-preview:-1\" \/>\n<link rel=\"canonical\" href=\"https:\/\/terradominicata.com\/ca\/politica-de-privacidad\/\" \/>\n<meta property=\"og:locale\" content=\"ca_ES\" \/>\n<meta property=\"og:type\" content=\"article\" \/>\n<meta property=\"og:title\" content=\"Pol\u00edtica de privacidad - Terra Dominicata\" \/>\n<meta property=\"og:description\" content=\"Pol\u00edtica de privacidad Informaci\u00f3n b\u00e1sica sobre protecci\u00f3n de datosResponsable: Wine Friendly Hotels S.L. Finalidad: Gestionar y atender las solicitudes a trav\u00e9s de la p\u00e1gina web. Legitimaci\u00f3n: Consentimiento del interesado. Destinatarios: No se ceder\u00e1n datos a terceros, salvo obligaci\u00f3n legal. Derechos: Tiene derecho a acceder, rectificar y suprimir los datos, as\u00ed como otros derechos indicados en [&hellip;]\" \/>\n<meta property=\"og:url\" content=\"https:\/\/terradominicata.com\/ca\/politica-de-privacidad\/\" \/>\n<meta property=\"og:site_name\" content=\"Terra Dominicata\" \/>\n<meta property=\"article:modified_time\" content=\"2025-02-05T11:38:53+00:00\" \/>\n<meta name=\"twitter:card\" content=\"summary_large_image\" \/>\n<meta name=\"twitter:label1\" content=\"Temps estimat de lectura\" \/>\n\t<meta name=\"twitter:data1\" content=\"7 minuts\" \/>\n<script type=\"application\/ld+json\" class=\"yoast-schema-graph\">{\"@context\":\"https:\/\/schema.org\",\"@graph\":[{\"@type\":\"WebPage\",\"@id\":\"https:\/\/terradominicata.com\/politica-de-privacidad\/\",\"url\":\"https:\/\/terradominicata.com\/politica-de-privacidad\/\",\"name\":\"Pol\u00edtica de privacidad - Terra Dominicata\",\"isPartOf\":{\"@id\":\"https:\/\/terradominicata.com\/#website\"},\"datePublished\":\"2024-05-30T08:40:23+00:00\",\"dateModified\":\"2025-02-05T11:38:53+00:00\",\"breadcrumb\":{\"@id\":\"https:\/\/terradominicata.com\/politica-de-privacidad\/#breadcrumb\"},\"inLanguage\":\"ca\",\"potentialAction\":[{\"@type\":\"ReadAction\",\"target\":[\"https:\/\/terradominicata.com\/politica-de-privacidad\/\"]}]},{\"@type\":\"BreadcrumbList\",\"@id\":\"https:\/\/terradominicata.com\/politica-de-privacidad\/#breadcrumb\",\"itemListElement\":[{\"@type\":\"ListItem\",\"position\":1,\"name\":\"Portada\",\"item\":\"https:\/\/terradominicata.com\/\"},{\"@type\":\"ListItem\",\"position\":2,\"name\":\"Pol\u00edtica de privacidad\"}]},{\"@type\":\"WebSite\",\"@id\":\"https:\/\/terradominicata.com\/#website\",\"url\":\"https:\/\/terradominicata.com\/\",\"name\":\"Terra Dominicata\",\"description\":\"\",\"publisher\":{\"@id\":\"https:\/\/terradominicata.com\/#organization\"},\"potentialAction\":[{\"@type\":\"SearchAction\",\"target\":{\"@type\":\"EntryPoint\",\"urlTemplate\":\"https:\/\/terradominicata.com\/?s={search_term_string}\"},\"query-input\":\"required name=search_term_string\"}],\"inLanguage\":\"ca\"},{\"@type\":\"Organization\",\"@id\":\"https:\/\/terradominicata.com\/#organization\",\"name\":\"Terra Dominicata\",\"url\":\"https:\/\/terradominicata.com\/\",\"logo\":{\"@type\":\"ImageObject\",\"inLanguage\":\"ca\",\"@id\":\"https:\/\/terradominicata.com\/#\/schema\/logo\/image\/\",\"url\":\"https:\/\/terradominicata.com\/wp-content\/uploads\/2024\/05\/Recurso-1.svg\",\"contentUrl\":\"https:\/\/terradominicata.com\/wp-content\/uploads\/2024\/05\/Recurso-1.svg\",\"width\":427,\"height\":91,\"caption\":\"Terra Dominicata\"},\"image\":{\"@id\":\"https:\/\/terradominicata.com\/#\/schema\/logo\/image\/\"}}]}<\/script>\n<!-- \/ Yoast SEO plugin. -->","yoast_head_json":{"title":"Pol\u00edtica de privacidad - Terra Dominicata","robots":{"index":"index","follow":"follow","max-snippet":"max-snippet:-1","max-image-preview":"max-image-preview:large","max-video-preview":"max-video-preview:-1"},"canonical":"https:\/\/terradominicata.com\/ca\/politica-de-privacidad\/","og_locale":"ca_ES","og_type":"article","og_title":"Pol\u00edtica de privacidad - Terra Dominicata","og_description":"Pol\u00edtica de privacidad Informaci\u00f3n b\u00e1sica sobre protecci\u00f3n de datosResponsable: Wine Friendly Hotels S.L. Finalidad: Gestionar y atender las solicitudes a trav\u00e9s de la p\u00e1gina web. Legitimaci\u00f3n: Consentimiento del interesado. Destinatarios: No se ceder\u00e1n datos a terceros, salvo obligaci\u00f3n legal. Derechos: Tiene derecho a acceder, rectificar y suprimir los datos, as\u00ed como otros derechos indicados en [&hellip;]","og_url":"https:\/\/terradominicata.com\/ca\/politica-de-privacidad\/","og_site_name":"Terra Dominicata","article_modified_time":"2025-02-05T11:38:53+00:00","twitter_card":"summary_large_image","twitter_misc":{"Temps estimat de lectura":"7 minuts"},"schema":{"@context":"https:\/\/schema.org","@graph":[{"@type":"WebPage","@id":"https:\/\/terradominicata.com\/politica-de-privacidad\/","url":"https:\/\/terradominicata.com\/politica-de-privacidad\/","name":"Pol\u00edtica de privacidad - Terra Dominicata","isPartOf":{"@id":"https:\/\/terradominicata.com\/#website"},"datePublished":"2024-05-30T08:40:23+00:00","dateModified":"2025-02-05T11:38:53+00:00","breadcrumb":{"@id":"https:\/\/terradominicata.com\/politica-de-privacidad\/#breadcrumb"},"inLanguage":"ca","potentialAction":[{"@type":"ReadAction","target":["https:\/\/terradominicata.com\/politica-de-privacidad\/"]}]},{"@type":"BreadcrumbList","@id":"https:\/\/terradominicata.com\/politica-de-privacidad\/#breadcrumb","itemListElement":[{"@type":"ListItem","position":1,"name":"Portada","item":"https:\/\/terradominicata.com\/"},{"@type":"ListItem","position":2,"name":"Pol\u00edtica de privacidad"}]},{"@type":"WebSite","@id":"https:\/\/terradominicata.com\/#website","url":"https:\/\/terradominicata.com\/","name":"Terra Dominicata","description":"","publisher":{"@id":"https:\/\/terradominicata.com\/#organization"},"potentialAction":[{"@type":"SearchAction","target":{"@type":"EntryPoint","urlTemplate":"https:\/\/terradominicata.com\/?s={search_term_string}"},"query-input":"required name=search_term_string"}],"inLanguage":"ca"},{"@type":"Organization","@id":"https:\/\/terradominicata.com\/#organization","name":"Terra Dominicata","url":"https:\/\/terradominicata.com\/","logo":{"@type":"ImageObject","inLanguage":"ca","@id":"https:\/\/terradominicata.com\/#\/schema\/logo\/image\/","url":"https:\/\/terradominicata.com\/wp-content\/uploads\/2024\/05\/Recurso-1.svg","contentUrl":"https:\/\/terradominicata.com\/wp-content\/uploads\/2024\/05\/Recurso-1.svg","width":427,"height":91,"caption":"Terra Dominicata"},"image":{"@id":"https:\/\/terradominicata.com\/#\/schema\/logo\/image\/"}}]}},"_links":{"self":[{"href":"https:\/\/terradominicata.com\/ca\/wp-json\/wp\/v2\/pages\/3","targetHints":{"allow":["GET"]}}],"collection":[{"href":"https:\/\/terradominicata.com\/ca\/wp-json\/wp\/v2\/pages"}],"about":[{"href":"https:\/\/terradominicata.com\/ca\/wp-json\/wp\/v2\/types\/page"}],"author":[{"embeddable":true,"href":"https:\/\/terradominicata.com\/ca\/wp-json\/wp\/v2\/users\/1"}],"replies":[{"embeddable":true,"href":"https:\/\/terradominicata.com\/ca\/wp-json\/wp\/v2\/comments?post=3"}],"version-history":[{"count":0,"href":"https:\/\/terradominicata.com\/ca\/wp-json\/wp\/v2\/pages\/3\/revisions"}],"wp:attachment":[{"href":"https:\/\/terradominicata.com\/ca\/wp-json\/wp\/v2\/media?parent=3"}],"curies":[{"name":"wp","href":"https:\/\/api.w.org\/{rel}","templated":true}]}}