{"id":3691,"date":"2025-01-27T19:58:02","date_gmt":"2025-01-27T18:58:02","guid":{"rendered":"https:\/\/terradominicata.com\/?page_id=3691"},"modified":"2025-01-27T19:59:11","modified_gmt":"2025-01-27T18:59:11","slug":"politica-de-envio","status":"publish","type":"page","link":"https:\/\/terradominicata.com\/ca\/politica-de-envio\/","title":{"rendered":"Pol\u00edtica d&#039;enviament"},"content":{"rendered":"<div data-elementor-type=\"wp-page\" data-elementor-id=\"3691\" class=\"elementor elementor-3691\" data-elementor-post-type=\"page\">\n\t\t\t\t<div class=\"elementor-element elementor-element-102b8578 e-flex e-con-boxed e-con e-parent\" data-id=\"102b8578\" data-element_type=\"container\">\n\t\t\t\t\t<div class=\"e-con-inner\">\n\t\t\t\t\t<\/div>\n\t\t\t\t<\/div>\n\t\t<div class=\"elementor-element elementor-element-6f6ba01 e-flex e-con-boxed e-con e-parent\" data-id=\"6f6ba01\" data-element_type=\"container\">\n\t\t\t\t\t<div class=\"e-con-inner\">\n\t\t\t\t<div class=\"elementor-element elementor-element-32947da elementor-widget elementor-widget-text-editor\" data-id=\"32947da\" data-element_type=\"widget\" data-widget_type=\"text-editor.default\">\n\t\t\t\t<div class=\"elementor-widget-container\">\n\t\t\t\t\t\t\t<div class=\"u2pext1a u2pext19 _1fragem28 _1fragem7d _1fragemmc u2pext1e u2pext1b _1fragemiw _1fragemh3 _1fragemf0\"><div id=\"shipping-policy-policy-modalTitle\" class=\"u2pext1i u2pext1h _1fragemnq _1fragemkk\"><h3 class=\"n8k95w1 n8k95w0 _1fragemlj n8k95w2\">Pol\u00edtica d&#039;enviament<\/h3><\/div><button class=\"u2pext1k u2pext1j _1fragemeg _1fragemg9 _1fragemcn _1fragemi2 _1fragemle _1fragemqg _1fragemqy _1fragem1y _1fragemt0 _1fragemt5 _1fragemsi _1fragemsn _1fragemsc _1fragemsw\" type=\"button\" aria-label=\"Tancar\"><\/button><\/div><div class=\"u2pext13 u2pext12 _1fragemnq u2pext1o u2pext1n _1fragemiw _1fragemh3 _1fragemd7\"><div class=\"jHvVd\"><div class=\"go06b0\"><p><strong>Quant trigar\u00e0 a arribar la meva comanda?<\/strong><\/p><ul><li>Per als bons regals: us ho enviareu per email en un termini m\u00e0xim de 24h.<\/li><li>Pel vi: el termini de lliurament de les comandes \u00e9s de 24-72 hores laborables des que es realitza la comanda (\u00fanicament per a enviaments peninsulars). Per a la resta de destins el termini \u00e9s de 3-6 dies.<\/li><\/ul><p>Si per algun motiu la comanda s&#039;hagu\u00e9s de retardar ens posarem en contacte amb tu per comunicar-t&#039;ho.<\/p><p>Un cop realitzada la comanda, no est\u00e0 perm\u00e8s fer cap canvi en la direcci\u00f3 d&#039;enviament, llevat que el client corri amb les despeses i sigui expressament acceptat per les parts.<\/p><p><strong>Quin \u00e9s el cost de la tramesa?<\/strong><\/p><ul><li>Per als bons regals: l&#039;enviament per email \u00e9s gratu\u00eft.<\/li><li>Pel vi: el cost dep\u00e8n del pes del mateix:<ul><li>Espanya (pen\u00ednsula): fins a 6 ampolles de 75cl., 9\u20ac<\/li><li>Balears: fins a 6 ampolles de 75cl., 15\u20ac<\/li><li>Can\u00e0ries, Ceuta i Melilla: no fem enviaments<\/li><li>Pa\u00efsos UE: fins a 6 ampolles de 75cl., 20\u20ac<\/li><li>Su\u00efssa: fins a 6 ampolles de 75cl., 30\u20ac<\/li><li>USA: fins a 6 ampolles de 75cl., 120\u20ac<\/li><\/ul><\/li><\/ul><p><strong>Qu\u00e8 passa si no estic a l&#039;adre\u00e7a que vaig indicar quan el missatger lliurar\u00e0 la comanda?<\/strong><\/p><p>Despr\u00e9s d&#039;un primer intent de lliurament, el transportista us deixar\u00e0 un av\u00eds perqu\u00e8 us poseu en contacte amb ell i fixeu una nova data de lliurament. Aquest lliurament es pot fer a l&#039;adre\u00e7a d&#039;enviament que ens vau indicar o b\u00e9 a alguna de les oficines del transportista.<br \/>Despr\u00e9s d&#039;un altre intent fallit, la teva comanda ser\u00e0 cancel\u00b7lada i te&#039;n tornarem l&#039;import restant les despeses de devoluci\u00f3 del paquet.<\/p><p><strong>Qu\u00e8 faig si la meva comanda no arriba?<\/strong><\/p><p>Si transcorregut un termini de 5 dies laborables des de la confirmaci\u00f3 de la teva comanda no ho has rebut, posa&#039;t en contacte amb nosaltres a trav\u00e9s del correu e.vives@terradominicata.com<\/p><\/div><\/div><\/div>\t\t\t\t\t\t<\/div>\n\t\t\t\t<\/div>\n\t\t\t\t\t<\/div>\n\t\t\t\t<\/div>\n\t\t\t\t<\/div>","protected":false},"excerpt":{"rendered":"<p>Pol\u00edtica de env\u00edo \u00bfCu\u00e1nto tardar\u00e1 en llegar mi pedido? Para los bonos regalo: se lo enviareos por email en un plazo m\u00e1ximo de 24h. Para el vino: el plazo de entrega de los pedidos es de 24-72 horas laborables desde que se realiza el pedido (\u00fanicamente para env\u00edos peninsulares). Para el resto de destinos el [&hellip;]<\/p>","protected":false},"author":3,"featured_media":0,"parent":0,"menu_order":0,"comment_status":"closed","ping_status":"closed","template":"","meta":{"site-sidebar-layout":"default","site-content-layout":"","ast-site-content-layout":"","site-content-style":"default","site-sidebar-style":"default","ast-global-header-display":"","ast-banner-title-visibility":"","ast-main-header-display":"","ast-hfb-above-header-display":"","ast-hfb-below-header-display":"","ast-hfb-mobile-header-display":"","site-post-title":"","ast-breadcrumbs-content":"","ast-featured-img":"","footer-sml-layout":"","theme-transparent-header-meta":"","adv-header-id-meta":"","stick-header-meta":"","header-above-stick-meta":"","header-main-stick-meta":"","header-below-stick-meta":"","astra-migrate-meta-layouts":"default","ast-page-background-enabled":"default","ast-page-background-meta":{"desktop":{"background-color":"var(--ast-global-color-4)","background-image":"","background-repeat":"repeat","background-position":"center center","background-size":"auto","background-attachment":"scroll","background-type":"","background-media":"","overlay-type":"","overlay-color":"","overlay-opacity":"","overlay-gradient":""},"tablet":{"background-color":"","background-image":"","background-repeat":"repeat","background-position":"center center","background-size":"auto","background-attachment":"scroll","background-type":"","background-media":"","overlay-type":"","overlay-color":"","overlay-opacity":"","overlay-gradient":""},"mobile":{"background-color":"","background-image":"","background-repeat":"repeat","background-position":"center center","background-size":"auto","background-attachment":"scroll","background-type":"","background-media":"","overlay-type":"","overlay-color":"","overlay-opacity":"","overlay-gradient":""}},"ast-content-background-meta":{"desktop":{"background-color":"var(--ast-global-color-5)","background-image":"","background-repeat":"repeat","background-position":"center center","background-size":"auto","background-attachment":"scroll","background-type":"","background-media":"","overlay-type":"","overlay-color":"","overlay-opacity":"","overlay-gradient":""},"tablet":{"background-color":"var(--ast-global-color-5)","background-image":"","background-repeat":"repeat","background-position":"center center","background-size":"auto","background-attachment":"scroll","background-type":"","background-media":"","overlay-type":"","overlay-color":"","overlay-opacity":"","overlay-gradient":""},"mobile":{"background-color":"var(--ast-global-color-5)","background-image":"","background-repeat":"repeat","background-position":"center center","background-size":"auto","background-attachment":"scroll","background-type":"","background-media":"","overlay-type":"","overlay-color":"","overlay-opacity":"","overlay-gradient":""}},"footnotes":""},"class_list":["post-3691","page","type-page","status-publish","hentry"],"acf":[],"yoast_head":"<!-- This site is optimized with the Yoast SEO plugin v23.0 - https:\/\/yoast.com\/wordpress\/plugins\/seo\/ -->\n<title>Pol\u00edtica de env\u00edo - Terra Dominicata<\/title>\n<meta name=\"robots\" content=\"index, follow, max-snippet:-1, max-image-preview:large, max-video-preview:-1\" \/>\n<link rel=\"canonical\" href=\"https:\/\/terradominicata.com\/ca\/politica-de-envio\/\" \/>\n<meta property=\"og:locale\" content=\"ca_ES\" \/>\n<meta property=\"og:type\" content=\"article\" \/>\n<meta property=\"og:title\" content=\"Pol\u00edtica de env\u00edo - Terra Dominicata\" \/>\n<meta property=\"og:description\" content=\"Pol\u00edtica de env\u00edo \u00bfCu\u00e1nto tardar\u00e1 en llegar mi pedido? Para los bonos regalo: se lo enviareos por email en un plazo m\u00e1ximo de 24h. Para el vino: el plazo de entrega de los pedidos es de 24-72 horas laborables desde que se realiza el pedido (\u00fanicamente para env\u00edos peninsulares). Para el resto de destinos el [&hellip;]\" \/>\n<meta property=\"og:url\" content=\"https:\/\/terradominicata.com\/ca\/politica-de-envio\/\" \/>\n<meta property=\"og:site_name\" content=\"Terra Dominicata\" \/>\n<meta property=\"article:modified_time\" content=\"2025-01-27T18:59:11+00:00\" \/>\n<meta name=\"twitter:card\" content=\"summary_large_image\" \/>\n<meta name=\"twitter:label1\" content=\"Temps estimat de lectura\" \/>\n\t<meta name=\"twitter:data1\" content=\"2 minuts\" \/>\n<script type=\"application\/ld+json\" class=\"yoast-schema-graph\">{\"@context\":\"https:\/\/schema.org\",\"@graph\":[{\"@type\":\"WebPage\",\"@id\":\"https:\/\/terradominicata.com\/politica-de-envio\/\",\"url\":\"https:\/\/terradominicata.com\/politica-de-envio\/\",\"name\":\"Pol\u00edtica de env\u00edo - Terra Dominicata\",\"isPartOf\":{\"@id\":\"https:\/\/terradominicata.com\/#website\"},\"datePublished\":\"2025-01-27T18:58:02+00:00\",\"dateModified\":\"2025-01-27T18:59:11+00:00\",\"breadcrumb\":{\"@id\":\"https:\/\/terradominicata.com\/politica-de-envio\/#breadcrumb\"},\"inLanguage\":\"ca\",\"potentialAction\":[{\"@type\":\"ReadAction\",\"target\":[\"https:\/\/terradominicata.com\/politica-de-envio\/\"]}]},{\"@type\":\"BreadcrumbList\",\"@id\":\"https:\/\/terradominicata.com\/politica-de-envio\/#breadcrumb\",\"itemListElement\":[{\"@type\":\"ListItem\",\"position\":1,\"name\":\"Portada\",\"item\":\"https:\/\/terradominicata.com\/\"},{\"@type\":\"ListItem\",\"position\":2,\"name\":\"Pol\u00edtica de env\u00edo\"}]},{\"@type\":\"WebSite\",\"@id\":\"https:\/\/terradominicata.com\/#website\",\"url\":\"https:\/\/terradominicata.com\/\",\"name\":\"Terra Dominicata\",\"description\":\"\",\"publisher\":{\"@id\":\"https:\/\/terradominicata.com\/#organization\"},\"potentialAction\":[{\"@type\":\"SearchAction\",\"target\":{\"@type\":\"EntryPoint\",\"urlTemplate\":\"https:\/\/terradominicata.com\/?s={search_term_string}\"},\"query-input\":\"required name=search_term_string\"}],\"inLanguage\":\"ca\"},{\"@type\":\"Organization\",\"@id\":\"https:\/\/terradominicata.com\/#organization\",\"name\":\"Terra Dominicata\",\"url\":\"https:\/\/terradominicata.com\/\",\"logo\":{\"@type\":\"ImageObject\",\"inLanguage\":\"ca\",\"@id\":\"https:\/\/terradominicata.com\/#\/schema\/logo\/image\/\",\"url\":\"https:\/\/terradominicata.com\/wp-content\/uploads\/2024\/05\/Recurso-1.svg\",\"contentUrl\":\"https:\/\/terradominicata.com\/wp-content\/uploads\/2024\/05\/Recurso-1.svg\",\"width\":427,\"height\":91,\"caption\":\"Terra Dominicata\"},\"image\":{\"@id\":\"https:\/\/terradominicata.com\/#\/schema\/logo\/image\/\"}}]}<\/script>\n<!-- \/ Yoast SEO plugin. -->","yoast_head_json":{"title":"Pol\u00edtica de env\u00edo - Terra Dominicata","robots":{"index":"index","follow":"follow","max-snippet":"max-snippet:-1","max-image-preview":"max-image-preview:large","max-video-preview":"max-video-preview:-1"},"canonical":"https:\/\/terradominicata.com\/ca\/politica-de-envio\/","og_locale":"ca_ES","og_type":"article","og_title":"Pol\u00edtica de env\u00edo - Terra Dominicata","og_description":"Pol\u00edtica de env\u00edo \u00bfCu\u00e1nto tardar\u00e1 en llegar mi pedido? Para los bonos regalo: se lo enviareos por email en un plazo m\u00e1ximo de 24h. Para el vino: el plazo de entrega de los pedidos es de 24-72 horas laborables desde que se realiza el pedido (\u00fanicamente para env\u00edos peninsulares). Para el resto de destinos el [&hellip;]","og_url":"https:\/\/terradominicata.com\/ca\/politica-de-envio\/","og_site_name":"Terra Dominicata","article_modified_time":"2025-01-27T18:59:11+00:00","twitter_card":"summary_large_image","twitter_misc":{"Temps estimat de lectura":"2 minuts"},"schema":{"@context":"https:\/\/schema.org","@graph":[{"@type":"WebPage","@id":"https:\/\/terradominicata.com\/politica-de-envio\/","url":"https:\/\/terradominicata.com\/politica-de-envio\/","name":"Pol\u00edtica de env\u00edo - Terra Dominicata","isPartOf":{"@id":"https:\/\/terradominicata.com\/#website"},"datePublished":"2025-01-27T18:58:02+00:00","dateModified":"2025-01-27T18:59:11+00:00","breadcrumb":{"@id":"https:\/\/terradominicata.com\/politica-de-envio\/#breadcrumb"},"inLanguage":"ca","potentialAction":[{"@type":"ReadAction","target":["https:\/\/terradominicata.com\/politica-de-envio\/"]}]},{"@type":"BreadcrumbList","@id":"https:\/\/terradominicata.com\/politica-de-envio\/#breadcrumb","itemListElement":[{"@type":"ListItem","position":1,"name":"Portada","item":"https:\/\/terradominicata.com\/"},{"@type":"ListItem","position":2,"name":"Pol\u00edtica de env\u00edo"}]},{"@type":"WebSite","@id":"https:\/\/terradominicata.com\/#website","url":"https:\/\/terradominicata.com\/","name":"Terra Dominicata","description":"","publisher":{"@id":"https:\/\/terradominicata.com\/#organization"},"potentialAction":[{"@type":"SearchAction","target":{"@type":"EntryPoint","urlTemplate":"https:\/\/terradominicata.com\/?s={search_term_string}"},"query-input":"required name=search_term_string"}],"inLanguage":"ca"},{"@type":"Organization","@id":"https:\/\/terradominicata.com\/#organization","name":"Terra Dominicata","url":"https:\/\/terradominicata.com\/","logo":{"@type":"ImageObject","inLanguage":"ca","@id":"https:\/\/terradominicata.com\/#\/schema\/logo\/image\/","url":"https:\/\/terradominicata.com\/wp-content\/uploads\/2024\/05\/Recurso-1.svg","contentUrl":"https:\/\/terradominicata.com\/wp-content\/uploads\/2024\/05\/Recurso-1.svg","width":427,"height":91,"caption":"Terra Dominicata"},"image":{"@id":"https:\/\/terradominicata.com\/#\/schema\/logo\/image\/"}}]}},"_links":{"self":[{"href":"https:\/\/terradominicata.com\/ca\/wp-json\/wp\/v2\/pages\/3691","targetHints":{"allow":["GET"]}}],"collection":[{"href":"https:\/\/terradominicata.com\/ca\/wp-json\/wp\/v2\/pages"}],"about":[{"href":"https:\/\/terradominicata.com\/ca\/wp-json\/wp\/v2\/types\/page"}],"author":[{"embeddable":true,"href":"https:\/\/terradominicata.com\/ca\/wp-json\/wp\/v2\/users\/3"}],"replies":[{"embeddable":true,"href":"https:\/\/terradominicata.com\/ca\/wp-json\/wp\/v2\/comments?post=3691"}],"version-history":[{"count":0,"href":"https:\/\/terradominicata.com\/ca\/wp-json\/wp\/v2\/pages\/3691\/revisions"}],"wp:attachment":[{"href":"https:\/\/terradominicata.com\/ca\/wp-json\/wp\/v2\/media?parent=3691"}],"curies":[{"name":"wp","href":"https:\/\/api.w.org\/{rel}","templated":true}]}}