{"id":3701,"date":"2025-01-28T10:06:15","date_gmt":"2025-01-28T09:06:15","guid":{"rendered":"https:\/\/terradominicata.com\/?page_id=3701"},"modified":"2025-02-05T12:34:28","modified_gmt":"2025-02-05T11:34:28","slug":"terminos-del-servicio","status":"publish","type":"page","link":"https:\/\/terradominicata.com\/ca\/terminos-del-servicio\/","title":{"rendered":"Termes del servei"},"content":{"rendered":"<div data-elementor-type=\"wp-page\" data-elementor-id=\"3701\" class=\"elementor elementor-3701\" data-elementor-post-type=\"page\">\n\t\t\t\t<div class=\"elementor-element elementor-element-17b3fa1a e-flex e-con-boxed e-con e-parent\" data-id=\"17b3fa1a\" data-element_type=\"container\">\n\t\t\t\t\t<div class=\"e-con-inner\">\n\t\t\t\t\t<\/div>\n\t\t\t\t<\/div>\n\t\t<div class=\"elementor-element elementor-element-f48b0b2 e-flex e-con-boxed e-con e-parent\" data-id=\"f48b0b2\" data-element_type=\"container\">\n\t\t\t\t\t<div class=\"e-con-inner\">\n\t\t\t\t<div class=\"elementor-element elementor-element-55de21b elementor-widget elementor-widget-text-editor\" data-id=\"55de21b\" data-element_type=\"widget\" data-widget_type=\"text-editor.default\">\n\t\t\t\t<div class=\"elementor-widget-container\">\n\t\t\t\t\t\t\t<div class=\"u2pext1a u2pext19 _1fragem28 _1fragem7d _1fragemmc u2pext1e u2pext1b _1fragemiw _1fragemh3 _1fragemf0\"><div id=\"privacy-policy-policy-modalTitle\" class=\"u2pext1i u2pext1h _1fragemnq _1fragemkk\"><h4>Termes del servei<\/h4><p>1. Identificaci\u00f3 del titular de la Web<br \/>Wine Friendly Hotels SL<br \/>B65163941<br \/>Avinguda Baix Llobregat 9-11<br \/>08820 \u2013 El Prat de Llobregat<\/p><p>2. Acceptaci\u00f3 de l&#039;usuari<br \/>Aquestes Condicions d&#039;\u00das regulen l&#039;acc\u00e9s i la utilitzaci\u00f3 de la p\u00e0gina web http:\/\/www.terradominicata.com que Wine Friendly Hotels SL posa a disposici\u00f3 dels Usuaris a Internet.<\/p><p>Wine Friendly Hotels SL pot oferir a trav\u00e9s de la p\u00e0gina web serveis que podran trobar-se sotmesos a unes condicions particulars pr\u00f2pies sobre les quals s&#039;informar\u00e0 l&#039;Usuari en cada cas concret.<\/p><p>L&#039;acc\u00e9s i la navegaci\u00f3 a la mateixa impliquen l&#039;acceptaci\u00f3 sense reserves d&#039;aquestes Condicions d&#039;\u00fas.<\/p><p>3. Acc\u00e9s a la p\u00e0gina web<br \/>Aquesta p\u00e0gina Web va adre\u00e7ada exclusivament a Usuaris majors (18 anys). En general no s&#039;exigeix el registre previ com a Usuari per a l&#039;acc\u00e9s i l&#039;\u00fas de la p\u00e0gina web, sens perjudici que per a la utilitzaci\u00f3 de determinats serveis o continguts d&#039;aquesta s&#039;hagi de realitzar aquest registre.<\/p><p>Les dades dels Usuaris obtingudes a trav\u00e9s de la subscripci\u00f3 o registre estan protegides mitjan\u00e7ant contrasenyes triades per ells mateixos. L&#039;Usuari es compromet a mantenir la contrasenya en secret ia protegir-la d&#039;usos no autoritzats per tercers. L&#039;Usuari haur\u00e0 de notificar a Wine Friendly Hotels SL immediatament qualsevol \u00fas no consentit del vostre compte o qualsevol violaci\u00f3 de la seguretat relacionada amb el servei de la p\u00e0gina Web, de la qual hagi tingut coneixement.<\/p><p>Wine Friendly Hotels SL adopta les mesures t\u00e8cniques i organitzatives necess\u00e0ries per garantir la protecci\u00f3 de les dades de car\u00e0cter personal i evitar la seva alteraci\u00f3, p\u00e8rdua, tractament i\/o acc\u00e9s no autoritzat, tenint en compte l&#039;estat de la t\u00e8cnica, la naturalesa de les dades emmagatzemades i els riscos a qu\u00e8 estan exposats, tot aix\u00f2, d&#039;acord amb all\u00f2 establert per la legislaci\u00f3 espanyola de Protecci\u00f3 de Dades de Car\u00e0cter Personal.<\/p><p>4. \u00das correcte de la Web<br \/>L&#039;Usuari es compromet a utilitzar la Web, els continguts i serveis de conformitat amb la Llei, aquestes Condicions d&#039;\u00fas, els bons costums i l&#039;ordre p\u00fablic. De la mateixa manera l&#039;Usuari s&#039;obliga a no utilitzar la Web o els serveis que es prestin a trav\u00e9s d&#039;aquesta, amb fins o efectes il\u00b7l\u00edcits o contraris al contingut de les presents Condicions d&#039;\u00fas, lesius dels interessos o drets de tercers, o que de qualsevol manera puguin danyar, inutilitzar o deteriorar el Web o els seus serveis, o impedir un gaudi normal del Web per altres Usuaris.<\/p><p>Aix\u00ed mateix, l&#039;Usuari es compromet expressament a no destruir, alterar, inutilitzar o, de qualsevol altra manera, fer malb\u00e9 les dades, programes o documents electr\u00f2nics que es trobin a la Web.<\/p><p>L&#039;Usuari es compromet a no obstaculitzar l&#039;acc\u00e9s d&#039;altres Usuaris al servei d&#039;acc\u00e9s mitjan\u00e7ant el consum massiu dels recursos inform\u00e0tics a trav\u00e9s dels quals Wine Friendly Hotels SL presta el servei, aix\u00ed com realitzar accions que facin malb\u00e9, interrompin o generin errors en aquests sistemes.<\/p><p>L&#039;Usuari es compromet a no introduir programes, virus, macros, applets, controls ActiveX o qualsevol altre dispositiu l\u00f2gic o seq\u00fc\u00e8ncia de car\u00e0cters que causin o siguin susceptibles de causar qualsevol tipus d&#039;alteraci\u00f3 als sistemes inform\u00e0tics de Wine Friendly Hotels SL o de tercers.<\/p><p>5. Publicitat<br \/>Part del lloc web pot acollir continguts publicitaris o estar patrocinat. Els anunciants i patrocinadors s\u00f3n els \u00fanics responsables d&#039;assegurar-se que el material rem\u00e8s per a la seva inclusi\u00f3 al lloc web compleix les lleis que en cada cas puguin ser aplicables.<\/p><p>Wine Friendly Hotels SL no ser\u00e0 responsable de qualsevol error, inexactitud o irregularitat que puguin incloure els continguts publicitaris o els patrocinadors. En tot cas, per interposar qualsevol reclamaci\u00f3 relacionada amb els continguts publicitaris inserits en aquest lloc web, podeu adre\u00e7ar-vos a la seg\u00fcent adre\u00e7a de correu electr\u00f2nic: e.vives@terradominicata.com<\/p><p>6. Enlla\u00e7os de tercers<br \/>Les presents Condicions d&#039;\u00fas es refereixen \u00fanicament a la p\u00e0gina web i continguts de Wine Friendly Hotels SL. No s&#039;apliquen als enlla\u00e7os oa les p\u00e0gines web de tercers accessibles a trav\u00e9s de la p\u00e0gina web.<\/p><p>Aquests enlla\u00e7os nom\u00e9s es proporcionen per informar l&#039;Usuari sobre l&#039;exist\u00e8ncia d&#039;altres fonts d&#039;informaci\u00f3 sobre un tema concret, i la inclusi\u00f3 d&#039;un enlla\u00e7 no implica l&#039;aprovaci\u00f3 de la p\u00e0gina web enlla\u00e7ada per part de Wine Friendly Hotels SL<\/p><p>7. Propietat Intel\u00b7lectual i industrial<br \/>Tots els continguts de la p\u00e0gina web, tret que s&#039;indiqui el contrari, s\u00f3n titularitat exclusiva de Wine Friendly Hotels SL i, amb car\u00e0cter enunciatiu, que no limitatiu, el disseny gr\u00e0fic, codi font, logos, textos, gr\u00e0fics, il\u00b7lustracions, fotografies, i altres elements que apareixen a la p\u00e0gina web.<\/p><p>Igualment, tots els noms comercials, marques o signes distintius de qualsevol classe continguts a la p\u00e0gina web estan protegits per la Llei.<\/p><p>Wine Friendly Hotels SL no concedeix cap tipus de llic\u00e8ncia o autoritzaci\u00f3 d&#039;\u00fas personal a l&#039;Usuari sobre els seus drets de propietat intel\u00b7lectual i industrial o sobre qualsevol altre dret relacionat amb la seva Web i els serveis que s&#039;hi ofereixen.<\/p><p>Per aix\u00f2, l&#039;Usuari reconeix que la reproducci\u00f3, la distribuci\u00f3, la comercialitzaci\u00f3, la transformaci\u00f3 i, en general, qualsevol altra forma d&#039;explotaci\u00f3, per qualsevol procediment, de tot o part dels continguts d&#039;aquesta p\u00e0gina Web constitueix una infracci\u00f3 dels drets de propietat intel\u00b7lectual i\/o industrial de Wine Friendly Hotels o del titular dels mateixos.<\/p><p>8. Llei aplicable i jurisdicci\u00f3<br \/>En cas que sorgeixi qualsevol conflicte o discrep\u00e0ncia en la interpretaci\u00f3 o aplicaci\u00f3 de les presents Condicions d&#039;\u00fas, els Jutjats i Tribunals que, si escau, coneixeran de l&#039;assumpte seran els que disposi la normativa aplicable en mat\u00e8ria de jurisdicci\u00f3 competent, i que tractant-se de consumidors finals, es correspondr\u00e0 amb la del lloc del compliment de lobligaci\u00f3, o la del domicili del consumidor.<\/p><p>Tot aix\u00f2 sense perju\u00ed de la facultat de l&#039;Usuari d&#039;acudir a la Junta Arbitral de Consum de la seua demarcaci\u00f3.<\/p><p>En cas que es tracti d&#039;una empresa, les dues parts se sotmeten, amb ren\u00fancia expressa a qualsevol altre fur, als jutjats i tribunals de Barcelona (Espanya).<\/p><p>9. Modificaci\u00f3 de les condicions d\u00fas<br \/>Wine Friendly Hotels SL es reserva el dret de desenvolupar o actualitzar en qualsevol moment l&#039;Av\u00eds Legal per la qual cosa l&#039;usuari l&#039;haur\u00e0 de llegir peri\u00f2dicament.<\/p><\/div><\/div>\t\t\t\t\t\t<\/div>\n\t\t\t\t<\/div>\n\t\t\t\t\t<\/div>\n\t\t\t\t<\/div>\n\t\t\t\t<\/div>","protected":false},"excerpt":{"rendered":"<p>T\u00e9rminos del servicio 1. Identificaci\u00f3n del titular de la WebWine Friendly Hotels S.L.B65163941Avinguda Baix Llobregat 9-1108820 \u2013 El Prat de Llobregat 2. Aceptaci\u00f3n del UsuarioLas presentes Condiciones de Uso regulan el acceso y la utilizaci\u00f3n de la p\u00e1gina Web http:\/\/www.terradominicata.com que Wine Friendly Hotels S.L. pone a disposici\u00f3n de los Usuarios en Internet. Wine Friendly [&hellip;]<\/p>","protected":false},"author":3,"featured_media":0,"parent":0,"menu_order":0,"comment_status":"closed","ping_status":"open","template":"","meta":{"site-sidebar-layout":"default","site-content-layout":"","ast-site-content-layout":"","site-content-style":"default","site-sidebar-style":"default","ast-global-header-display":"","ast-banner-title-visibility":"","ast-main-header-display":"","ast-hfb-above-header-display":"","ast-hfb-below-header-display":"","ast-hfb-mobile-header-display":"","site-post-title":"","ast-breadcrumbs-content":"","ast-featured-img":"","footer-sml-layout":"","theme-transparent-header-meta":"","adv-header-id-meta":"","stick-header-meta":"","header-above-stick-meta":"","header-main-stick-meta":"","header-below-stick-meta":"","astra-migrate-meta-layouts":"default","ast-page-background-enabled":"default","ast-page-background-meta":{"desktop":{"background-color":"var(--ast-global-color-4)","background-image":"","background-repeat":"repeat","background-position":"center center","background-size":"auto","background-attachment":"scroll","background-type":"","background-media":"","overlay-type":"","overlay-color":"","overlay-opacity":"","overlay-gradient":""},"tablet":{"background-color":"","background-image":"","background-repeat":"repeat","background-position":"center center","background-size":"auto","background-attachment":"scroll","background-type":"","background-media":"","overlay-type":"","overlay-color":"","overlay-opacity":"","overlay-gradient":""},"mobile":{"background-color":"","background-image":"","background-repeat":"repeat","background-position":"center center","background-size":"auto","background-attachment":"scroll","background-type":"","background-media":"","overlay-type":"","overlay-color":"","overlay-opacity":"","overlay-gradient":""}},"ast-content-background-meta":{"desktop":{"background-color":"var(--ast-global-color-5)","background-image":"","background-repeat":"repeat","background-position":"center center","background-size":"auto","background-attachment":"scroll","background-type":"","background-media":"","overlay-type":"","overlay-color":"","overlay-opacity":"","overlay-gradient":""},"tablet":{"background-color":"var(--ast-global-color-5)","background-image":"","background-repeat":"repeat","background-position":"center center","background-size":"auto","background-attachment":"scroll","background-type":"","background-media":"","overlay-type":"","overlay-color":"","overlay-opacity":"","overlay-gradient":""},"mobile":{"background-color":"var(--ast-global-color-5)","background-image":"","background-repeat":"repeat","background-position":"center center","background-size":"auto","background-attachment":"scroll","background-type":"","background-media":"","overlay-type":"","overlay-color":"","overlay-opacity":"","overlay-gradient":""}},"footnotes":""},"class_list":["post-3701","page","type-page","status-publish","hentry"],"acf":[],"yoast_head":"<!-- This site is optimized with the Yoast SEO plugin v23.0 - https:\/\/yoast.com\/wordpress\/plugins\/seo\/ -->\n<title>T\u00e9rminos del servicio - Terra Dominicata<\/title>\n<meta name=\"robots\" content=\"index, follow, max-snippet:-1, max-image-preview:large, max-video-preview:-1\" \/>\n<link rel=\"canonical\" href=\"https:\/\/terradominicata.com\/ca\/terminos-del-servicio\/\" \/>\n<meta property=\"og:locale\" content=\"ca_ES\" \/>\n<meta property=\"og:type\" content=\"article\" \/>\n<meta property=\"og:title\" content=\"T\u00e9rminos del servicio - Terra Dominicata\" \/>\n<meta property=\"og:description\" content=\"T\u00e9rminos del servicio 1. Identificaci\u00f3n del titular de la WebWine Friendly Hotels S.L.B65163941Avinguda Baix Llobregat 9-1108820 \u2013 El Prat de Llobregat 2. Aceptaci\u00f3n del UsuarioLas presentes Condiciones de Uso regulan el acceso y la utilizaci\u00f3n de la p\u00e1gina Web http:\/\/www.terradominicata.com que Wine Friendly Hotels S.L. pone a disposici\u00f3n de los Usuarios en Internet. Wine Friendly [&hellip;]\" \/>\n<meta property=\"og:url\" content=\"https:\/\/terradominicata.com\/ca\/terminos-del-servicio\/\" \/>\n<meta property=\"og:site_name\" content=\"Terra Dominicata\" \/>\n<meta property=\"article:modified_time\" content=\"2025-02-05T11:34:28+00:00\" \/>\n<meta name=\"twitter:card\" content=\"summary_large_image\" \/>\n<meta name=\"twitter:label1\" content=\"Temps estimat de lectura\" \/>\n\t<meta name=\"twitter:data1\" content=\"5 minuts\" \/>\n<script type=\"application\/ld+json\" class=\"yoast-schema-graph\">{\"@context\":\"https:\/\/schema.org\",\"@graph\":[{\"@type\":\"WebPage\",\"@id\":\"https:\/\/terradominicata.com\/terminos-del-servicio\/\",\"url\":\"https:\/\/terradominicata.com\/terminos-del-servicio\/\",\"name\":\"T\u00e9rminos del servicio - Terra Dominicata\",\"isPartOf\":{\"@id\":\"https:\/\/terradominicata.com\/#website\"},\"datePublished\":\"2025-01-28T09:06:15+00:00\",\"dateModified\":\"2025-02-05T11:34:28+00:00\",\"breadcrumb\":{\"@id\":\"https:\/\/terradominicata.com\/terminos-del-servicio\/#breadcrumb\"},\"inLanguage\":\"ca\",\"potentialAction\":[{\"@type\":\"ReadAction\",\"target\":[\"https:\/\/terradominicata.com\/terminos-del-servicio\/\"]}]},{\"@type\":\"BreadcrumbList\",\"@id\":\"https:\/\/terradominicata.com\/terminos-del-servicio\/#breadcrumb\",\"itemListElement\":[{\"@type\":\"ListItem\",\"position\":1,\"name\":\"Portada\",\"item\":\"https:\/\/terradominicata.com\/\"},{\"@type\":\"ListItem\",\"position\":2,\"name\":\"T\u00e9rminos del servicio\"}]},{\"@type\":\"WebSite\",\"@id\":\"https:\/\/terradominicata.com\/#website\",\"url\":\"https:\/\/terradominicata.com\/\",\"name\":\"Terra Dominicata\",\"description\":\"\",\"publisher\":{\"@id\":\"https:\/\/terradominicata.com\/#organization\"},\"potentialAction\":[{\"@type\":\"SearchAction\",\"target\":{\"@type\":\"EntryPoint\",\"urlTemplate\":\"https:\/\/terradominicata.com\/?s={search_term_string}\"},\"query-input\":\"required name=search_term_string\"}],\"inLanguage\":\"ca\"},{\"@type\":\"Organization\",\"@id\":\"https:\/\/terradominicata.com\/#organization\",\"name\":\"Terra Dominicata\",\"url\":\"https:\/\/terradominicata.com\/\",\"logo\":{\"@type\":\"ImageObject\",\"inLanguage\":\"ca\",\"@id\":\"https:\/\/terradominicata.com\/#\/schema\/logo\/image\/\",\"url\":\"https:\/\/terradominicata.com\/wp-content\/uploads\/2024\/05\/Recurso-1.svg\",\"contentUrl\":\"https:\/\/terradominicata.com\/wp-content\/uploads\/2024\/05\/Recurso-1.svg\",\"width\":427,\"height\":91,\"caption\":\"Terra Dominicata\"},\"image\":{\"@id\":\"https:\/\/terradominicata.com\/#\/schema\/logo\/image\/\"}}]}<\/script>\n<!-- \/ Yoast SEO plugin. -->","yoast_head_json":{"title":"T\u00e9rminos del servicio - Terra Dominicata","robots":{"index":"index","follow":"follow","max-snippet":"max-snippet:-1","max-image-preview":"max-image-preview:large","max-video-preview":"max-video-preview:-1"},"canonical":"https:\/\/terradominicata.com\/ca\/terminos-del-servicio\/","og_locale":"ca_ES","og_type":"article","og_title":"T\u00e9rminos del servicio - Terra Dominicata","og_description":"T\u00e9rminos del servicio 1. Identificaci\u00f3n del titular de la WebWine Friendly Hotels S.L.B65163941Avinguda Baix Llobregat 9-1108820 \u2013 El Prat de Llobregat 2. Aceptaci\u00f3n del UsuarioLas presentes Condiciones de Uso regulan el acceso y la utilizaci\u00f3n de la p\u00e1gina Web http:\/\/www.terradominicata.com que Wine Friendly Hotels S.L. pone a disposici\u00f3n de los Usuarios en Internet. Wine Friendly [&hellip;]","og_url":"https:\/\/terradominicata.com\/ca\/terminos-del-servicio\/","og_site_name":"Terra Dominicata","article_modified_time":"2025-02-05T11:34:28+00:00","twitter_card":"summary_large_image","twitter_misc":{"Temps estimat de lectura":"5 minuts"},"schema":{"@context":"https:\/\/schema.org","@graph":[{"@type":"WebPage","@id":"https:\/\/terradominicata.com\/terminos-del-servicio\/","url":"https:\/\/terradominicata.com\/terminos-del-servicio\/","name":"T\u00e9rminos del servicio - Terra Dominicata","isPartOf":{"@id":"https:\/\/terradominicata.com\/#website"},"datePublished":"2025-01-28T09:06:15+00:00","dateModified":"2025-02-05T11:34:28+00:00","breadcrumb":{"@id":"https:\/\/terradominicata.com\/terminos-del-servicio\/#breadcrumb"},"inLanguage":"ca","potentialAction":[{"@type":"ReadAction","target":["https:\/\/terradominicata.com\/terminos-del-servicio\/"]}]},{"@type":"BreadcrumbList","@id":"https:\/\/terradominicata.com\/terminos-del-servicio\/#breadcrumb","itemListElement":[{"@type":"ListItem","position":1,"name":"Portada","item":"https:\/\/terradominicata.com\/"},{"@type":"ListItem","position":2,"name":"T\u00e9rminos del servicio"}]},{"@type":"WebSite","@id":"https:\/\/terradominicata.com\/#website","url":"https:\/\/terradominicata.com\/","name":"Terra Dominicata","description":"","publisher":{"@id":"https:\/\/terradominicata.com\/#organization"},"potentialAction":[{"@type":"SearchAction","target":{"@type":"EntryPoint","urlTemplate":"https:\/\/terradominicata.com\/?s={search_term_string}"},"query-input":"required name=search_term_string"}],"inLanguage":"ca"},{"@type":"Organization","@id":"https:\/\/terradominicata.com\/#organization","name":"Terra Dominicata","url":"https:\/\/terradominicata.com\/","logo":{"@type":"ImageObject","inLanguage":"ca","@id":"https:\/\/terradominicata.com\/#\/schema\/logo\/image\/","url":"https:\/\/terradominicata.com\/wp-content\/uploads\/2024\/05\/Recurso-1.svg","contentUrl":"https:\/\/terradominicata.com\/wp-content\/uploads\/2024\/05\/Recurso-1.svg","width":427,"height":91,"caption":"Terra Dominicata"},"image":{"@id":"https:\/\/terradominicata.com\/#\/schema\/logo\/image\/"}}]}},"_links":{"self":[{"href":"https:\/\/terradominicata.com\/ca\/wp-json\/wp\/v2\/pages\/3701","targetHints":{"allow":["GET"]}}],"collection":[{"href":"https:\/\/terradominicata.com\/ca\/wp-json\/wp\/v2\/pages"}],"about":[{"href":"https:\/\/terradominicata.com\/ca\/wp-json\/wp\/v2\/types\/page"}],"author":[{"embeddable":true,"href":"https:\/\/terradominicata.com\/ca\/wp-json\/wp\/v2\/users\/3"}],"replies":[{"embeddable":true,"href":"https:\/\/terradominicata.com\/ca\/wp-json\/wp\/v2\/comments?post=3701"}],"version-history":[{"count":0,"href":"https:\/\/terradominicata.com\/ca\/wp-json\/wp\/v2\/pages\/3701\/revisions"}],"wp:attachment":[{"href":"https:\/\/terradominicata.com\/ca\/wp-json\/wp\/v2\/media?parent=3701"}],"curies":[{"name":"wp","href":"https:\/\/api.w.org\/{rel}","templated":true}]}}