{"id":3031,"date":"2024-07-01T15:33:10","date_gmt":"2024-07-01T13:33:10","guid":{"rendered":"https:\/\/terradominicata.com\/?post_type=product&#038;p=3031"},"modified":"2026-03-22T11:18:20","modified_gmt":"2026-03-22T10:18:20","slug":"umbra-75-cl","status":"publish","type":"product","link":"https:\/\/terradominicata.com\/ca\/producte\/umbra-75-cl\/","title":{"rendered":"Umbra 75 cl."},"content":{"rendered":"<div>Umbra \u00e9s un vi rosat elaborat a partir de la varietat Garnatxa. S&#039;elabora al celler Terra Dominicata d&#039;Escaladei.<\/div>\n<div><\/div>\n<p>&nbsp;<\/p>\n<div>Capacitat: 75 cl.<\/div>\n<div>Graduaci\u00f3: 14,5%<\/div>\n<div><\/div>\n<div><\/div>\n<p>&nbsp;<\/p>\n<h4>Nota de tast<\/h4>\n<div>\n<div style=\"text-align: center;\">\n<div style=\"text-align: left;\">De color rosa p\u00e0l\u00b7lid. Al nas surten notes de maduixes fresques i tocs de anisats. A la boca \u00e9s fresc, ampli i molt glic\u00e8ric. Surten notes bals\u00e0miques a retronasal.<\/div>\n<\/div>\n<div style=\"text-align: center;\"><\/div>\n<\/div>\n<div><\/div>\n<div><\/div>\n<p>&nbsp;<\/p>\n<h4>Pol\u00edtica de devoluci\u00f3<\/h4>\n<div>Ampolles defectuoses: si per qualsevol motiu alguna de les ampolles presenta algun defecte, no la consumiu, tapeu-la i poseu-vos en contacte amb nosaltres per procedir al canvi.<\/div>\n<div>Desperfectes en el transport: si la vostra comanda \u00e9s lliurada amb desperfectes, ens ho ha de comunicar durant les 24 hores posteriors al lliurament.<\/div>","protected":false},"excerpt":{"rendered":"<p>Umbra es un vino rosado elaborado a partir de la variedad Garnacha. Se elabora en la bodega Terra Dominicata de Escaladei. &nbsp; Capacidad: 75 cl. Graduaci\u00f3n: 14,5% &nbsp; Nota de cata De color rosa p\u00e1lido. En nariz salen notas de fresas frescas y toques de anisados. En boca es fresco, amplio y muy glic\u00e9rico. Salen [&hellip;]<\/p>","protected":false},"featured_media":3032,"comment_status":"open","ping_status":"closed","template":"","meta":{"site-sidebar-layout":"default","site-content-layout":"","ast-site-content-layout":"default","site-content-style":"default","site-sidebar-style":"default","ast-global-header-display":"","ast-banner-title-visibility":"","ast-main-header-display":"","ast-hfb-above-header-display":"","ast-hfb-below-header-display":"","ast-hfb-mobile-header-display":"","site-post-title":"","ast-breadcrumbs-content":"","ast-featured-img":"","footer-sml-layout":"","theme-transparent-header-meta":"default","adv-header-id-meta":"","stick-header-meta":"","header-above-stick-meta":"","header-main-stick-meta":"","header-below-stick-meta":"","astra-migrate-meta-layouts":"set","ast-page-background-enabled":"default","ast-page-background-meta":{"desktop":{"background-color":"var(--ast-global-color-4)","background-image":"","background-repeat":"repeat","background-position":"center center","background-size":"auto","background-attachment":"scroll","background-type":"","background-media":"","overlay-type":"","overlay-color":"","overlay-opacity":"","overlay-gradient":""},"tablet":{"background-color":"","background-image":"","background-repeat":"repeat","background-position":"center center","background-size":"auto","background-attachment":"scroll","background-type":"","background-media":"","overlay-type":"","overlay-color":"","overlay-opacity":"","overlay-gradient":""},"mobile":{"background-color":"","background-image":"","background-repeat":"repeat","background-position":"center center","background-size":"auto","background-attachment":"scroll","background-type":"","background-media":"","overlay-type":"","overlay-color":"","overlay-opacity":"","overlay-gradient":""}},"ast-content-background-meta":{"desktop":{"background-color":"var(--ast-global-color-5)","background-image":"","background-repeat":"repeat","background-position":"center center","background-size":"auto","background-attachment":"scroll","background-type":"","background-media":"","overlay-type":"","overlay-color":"","overlay-opacity":"","overlay-gradient":""},"tablet":{"background-color":"var(--ast-global-color-5)","background-image":"","background-repeat":"repeat","background-position":"center center","background-size":"auto","background-attachment":"scroll","background-type":"","background-media":"","overlay-type":"","overlay-color":"","overlay-opacity":"","overlay-gradient":""},"mobile":{"background-color":"var(--ast-global-color-5)","background-image":"","background-repeat":"repeat","background-position":"center center","background-size":"auto","background-attachment":"scroll","background-type":"","background-media":"","overlay-type":"","overlay-color":"","overlay-opacity":"","overlay-gradient":""}}},"product_brand":[],"product_cat":[36,25],"product_tag":[],"class_list":{"0":"post-3031","1":"product","2":"type-product","3":"status-publish","4":"has-post-thumbnail","6":"product_cat-botiga","7":"product_cat-vino","8":"product_shipping_class-vino","9":"desktop-align-left","10":"tablet-align-left","11":"mobile-align-left","12":"ast-product-gallery-layout-vertical-slider","13":"ast-magnify-disabled","14":"ast-product-tabs-layout-horizontal","16":"first","17":"instock","18":"taxable","19":"shipping-taxable","20":"purchasable","21":"product-type-simple"},"acf":[],"yoast_head":"<!-- This site is optimized with the Yoast SEO plugin v23.0 - https:\/\/yoast.com\/wordpress\/plugins\/seo\/ -->\n<title>Umbra 75 cl. - Terra Dominicata<\/title>\n<meta name=\"robots\" content=\"index, follow, max-snippet:-1, max-image-preview:large, max-video-preview:-1\" \/>\n<link rel=\"canonical\" href=\"https:\/\/terradominicata.com\/ca\/producte\/umbra-75-cl\/\" \/>\n<meta property=\"og:locale\" content=\"ca_ES\" \/>\n<meta property=\"og:type\" content=\"article\" \/>\n<meta property=\"og:title\" content=\"Umbra 75 cl. - Terra Dominicata\" \/>\n<meta property=\"og:description\" content=\"Umbra es un vino rosado elaborado a partir de la variedad Garnacha. Se elabora en la bodega Terra Dominicata de Escaladei. &nbsp; Capacidad: 75 cl. Graduaci\u00f3n: 14,5% &nbsp; Nota de cata De color rosa p\u00e1lido. En nariz salen notas de fresas frescas y toques de anisados. En boca es fresco, amplio y muy glic\u00e9rico. Salen [&hellip;]\" \/>\n<meta property=\"og:url\" content=\"https:\/\/terradominicata.com\/ca\/producte\/umbra-75-cl\/\" \/>\n<meta property=\"og:site_name\" content=\"Terra Dominicata\" \/>\n<meta property=\"article:modified_time\" content=\"2026-03-22T10:18:20+00:00\" \/>\n<meta property=\"og:image\" content=\"https:\/\/terradominicata.com\/wp-content\/uploads\/2024\/08\/umbra-scaled.jpg\" \/>\n\t<meta property=\"og:image:width\" content=\"2560\" \/>\n\t<meta property=\"og:image:height\" content=\"2560\" \/>\n\t<meta property=\"og:image:type\" content=\"image\/jpeg\" \/>\n<meta name=\"twitter:card\" content=\"summary_large_image\" \/>\n<meta name=\"twitter:label1\" content=\"Temps estimat de lectura\" \/>\n\t<meta name=\"twitter:data1\" content=\"1 minut\" \/>\n<script type=\"application\/ld+json\" class=\"yoast-schema-graph\">{\"@context\":\"https:\/\/schema.org\",\"@graph\":[{\"@type\":\"WebPage\",\"@id\":\"https:\/\/terradominicata.com\/producto\/umbra-75-cl\/\",\"url\":\"https:\/\/terradominicata.com\/producto\/umbra-75-cl\/\",\"name\":\"Umbra 75 cl. - Terra Dominicata\",\"isPartOf\":{\"@id\":\"https:\/\/terradominicata.com\/#website\"},\"primaryImageOfPage\":{\"@id\":\"https:\/\/terradominicata.com\/producto\/umbra-75-cl\/#primaryimage\"},\"image\":{\"@id\":\"https:\/\/terradominicata.com\/producto\/umbra-75-cl\/#primaryimage\"},\"thumbnailUrl\":\"https:\/\/terradominicata.com\/wp-content\/uploads\/2024\/08\/umbra-scaled.jpg\",\"datePublished\":\"2024-07-01T13:33:10+00:00\",\"dateModified\":\"2026-03-22T10:18:20+00:00\",\"breadcrumb\":{\"@id\":\"https:\/\/terradominicata.com\/producto\/umbra-75-cl\/#breadcrumb\"},\"inLanguage\":\"ca\",\"potentialAction\":[{\"@type\":\"ReadAction\",\"target\":[\"https:\/\/terradominicata.com\/producto\/umbra-75-cl\/\"]}]},{\"@type\":\"ImageObject\",\"inLanguage\":\"ca\",\"@id\":\"https:\/\/terradominicata.com\/producto\/umbra-75-cl\/#primaryimage\",\"url\":\"https:\/\/terradominicata.com\/wp-content\/uploads\/2024\/08\/umbra-scaled.jpg\",\"contentUrl\":\"https:\/\/terradominicata.com\/wp-content\/uploads\/2024\/08\/umbra-scaled.jpg\",\"width\":2560,\"height\":2560},{\"@type\":\"BreadcrumbList\",\"@id\":\"https:\/\/terradominicata.com\/producto\/umbra-75-cl\/#breadcrumb\",\"itemListElement\":[{\"@type\":\"ListItem\",\"position\":1,\"name\":\"Portada\",\"item\":\"https:\/\/terradominicata.com\/\"},{\"@type\":\"ListItem\",\"position\":2,\"name\":\"Tienda\",\"item\":\"https:\/\/terradominicata.com\/tienda\/\"},{\"@type\":\"ListItem\",\"position\":3,\"name\":\"Umbra 75 cl.\"}]},{\"@type\":\"WebSite\",\"@id\":\"https:\/\/terradominicata.com\/#website\",\"url\":\"https:\/\/terradominicata.com\/\",\"name\":\"Terra Dominicata\",\"description\":\"\",\"publisher\":{\"@id\":\"https:\/\/terradominicata.com\/#organization\"},\"potentialAction\":[{\"@type\":\"SearchAction\",\"target\":{\"@type\":\"EntryPoint\",\"urlTemplate\":\"https:\/\/terradominicata.com\/?s={search_term_string}\"},\"query-input\":\"required name=search_term_string\"}],\"inLanguage\":\"ca\"},{\"@type\":\"Organization\",\"@id\":\"https:\/\/terradominicata.com\/#organization\",\"name\":\"Terra Dominicata\",\"url\":\"https:\/\/terradominicata.com\/\",\"logo\":{\"@type\":\"ImageObject\",\"inLanguage\":\"ca\",\"@id\":\"https:\/\/terradominicata.com\/#\/schema\/logo\/image\/\",\"url\":\"https:\/\/terradominicata.com\/wp-content\/uploads\/2024\/05\/Recurso-1.svg\",\"contentUrl\":\"https:\/\/terradominicata.com\/wp-content\/uploads\/2024\/05\/Recurso-1.svg\",\"width\":427,\"height\":91,\"caption\":\"Terra Dominicata\"},\"image\":{\"@id\":\"https:\/\/terradominicata.com\/#\/schema\/logo\/image\/\"}}]}<\/script>\n<!-- \/ Yoast SEO plugin. -->","yoast_head_json":{"title":"Umbra 75 cl. - Terra Dominicata","robots":{"index":"index","follow":"follow","max-snippet":"max-snippet:-1","max-image-preview":"max-image-preview:large","max-video-preview":"max-video-preview:-1"},"canonical":"https:\/\/terradominicata.com\/ca\/producte\/umbra-75-cl\/","og_locale":"ca_ES","og_type":"article","og_title":"Umbra 75 cl. - Terra Dominicata","og_description":"Umbra es un vino rosado elaborado a partir de la variedad Garnacha. Se elabora en la bodega Terra Dominicata de Escaladei. &nbsp; Capacidad: 75 cl. Graduaci\u00f3n: 14,5% &nbsp; Nota de cata De color rosa p\u00e1lido. En nariz salen notas de fresas frescas y toques de anisados. En boca es fresco, amplio y muy glic\u00e9rico. Salen [&hellip;]","og_url":"https:\/\/terradominicata.com\/ca\/producte\/umbra-75-cl\/","og_site_name":"Terra Dominicata","article_modified_time":"2026-03-22T10:18:20+00:00","og_image":[{"width":2560,"height":2560,"url":"https:\/\/terradominicata.com\/wp-content\/uploads\/2024\/08\/umbra-scaled.jpg","type":"image\/jpeg"}],"twitter_card":"summary_large_image","twitter_misc":{"Temps estimat de lectura":"1 minut"},"schema":{"@context":"https:\/\/schema.org","@graph":[{"@type":"WebPage","@id":"https:\/\/terradominicata.com\/producto\/umbra-75-cl\/","url":"https:\/\/terradominicata.com\/producto\/umbra-75-cl\/","name":"Umbra 75 cl. - Terra Dominicata","isPartOf":{"@id":"https:\/\/terradominicata.com\/#website"},"primaryImageOfPage":{"@id":"https:\/\/terradominicata.com\/producto\/umbra-75-cl\/#primaryimage"},"image":{"@id":"https:\/\/terradominicata.com\/producto\/umbra-75-cl\/#primaryimage"},"thumbnailUrl":"https:\/\/terradominicata.com\/wp-content\/uploads\/2024\/08\/umbra-scaled.jpg","datePublished":"2024-07-01T13:33:10+00:00","dateModified":"2026-03-22T10:18:20+00:00","breadcrumb":{"@id":"https:\/\/terradominicata.com\/producto\/umbra-75-cl\/#breadcrumb"},"inLanguage":"ca","potentialAction":[{"@type":"ReadAction","target":["https:\/\/terradominicata.com\/producto\/umbra-75-cl\/"]}]},{"@type":"ImageObject","inLanguage":"ca","@id":"https:\/\/terradominicata.com\/producto\/umbra-75-cl\/#primaryimage","url":"https:\/\/terradominicata.com\/wp-content\/uploads\/2024\/08\/umbra-scaled.jpg","contentUrl":"https:\/\/terradominicata.com\/wp-content\/uploads\/2024\/08\/umbra-scaled.jpg","width":2560,"height":2560},{"@type":"BreadcrumbList","@id":"https:\/\/terradominicata.com\/producto\/umbra-75-cl\/#breadcrumb","itemListElement":[{"@type":"ListItem","position":1,"name":"Portada","item":"https:\/\/terradominicata.com\/"},{"@type":"ListItem","position":2,"name":"Tienda","item":"https:\/\/terradominicata.com\/tienda\/"},{"@type":"ListItem","position":3,"name":"Umbra 75 cl."}]},{"@type":"WebSite","@id":"https:\/\/terradominicata.com\/#website","url":"https:\/\/terradominicata.com\/","name":"Terra Dominicata","description":"","publisher":{"@id":"https:\/\/terradominicata.com\/#organization"},"potentialAction":[{"@type":"SearchAction","target":{"@type":"EntryPoint","urlTemplate":"https:\/\/terradominicata.com\/?s={search_term_string}"},"query-input":"required name=search_term_string"}],"inLanguage":"ca"},{"@type":"Organization","@id":"https:\/\/terradominicata.com\/#organization","name":"Terra Dominicata","url":"https:\/\/terradominicata.com\/","logo":{"@type":"ImageObject","inLanguage":"ca","@id":"https:\/\/terradominicata.com\/#\/schema\/logo\/image\/","url":"https:\/\/terradominicata.com\/wp-content\/uploads\/2024\/05\/Recurso-1.svg","contentUrl":"https:\/\/terradominicata.com\/wp-content\/uploads\/2024\/05\/Recurso-1.svg","width":427,"height":91,"caption":"Terra Dominicata"},"image":{"@id":"https:\/\/terradominicata.com\/#\/schema\/logo\/image\/"}}]}},"_links":{"self":[{"href":"https:\/\/terradominicata.com\/ca\/wp-json\/wp\/v2\/product\/3031","targetHints":{"allow":["GET"]}}],"collection":[{"href":"https:\/\/terradominicata.com\/ca\/wp-json\/wp\/v2\/product"}],"about":[{"href":"https:\/\/terradominicata.com\/ca\/wp-json\/wp\/v2\/types\/product"}],"replies":[{"embeddable":true,"href":"https:\/\/terradominicata.com\/ca\/wp-json\/wp\/v2\/comments?post=3031"}],"wp:featuredmedia":[{"embeddable":true,"href":"https:\/\/terradominicata.com\/ca\/wp-json\/wp\/v2\/media\/3032"}],"wp:attachment":[{"href":"https:\/\/terradominicata.com\/ca\/wp-json\/wp\/v2\/media?parent=3031"}],"wp:term":[{"taxonomy":"product_brand","embeddable":true,"href":"https:\/\/terradominicata.com\/ca\/wp-json\/wp\/v2\/product_brand?post=3031"},{"taxonomy":"product_cat","embeddable":true,"href":"https:\/\/terradominicata.com\/ca\/wp-json\/wp\/v2\/product_cat?post=3031"},{"taxonomy":"product_tag","embeddable":true,"href":"https:\/\/terradominicata.com\/ca\/wp-json\/wp\/v2\/product_tag?post=3031"}],"curies":[{"name":"wp","href":"https:\/\/api.w.org\/{rel}","templated":true}]}}