{"id":4013,"date":"2025-02-01T12:15:51","date_gmt":"2025-02-01T11:15:51","guid":{"rendered":"https:\/\/terradominicata.com\/?post_type=product&#038;p=4013"},"modified":"2025-02-16T22:19:00","modified_gmt":"2025-02-16T21:19:00","slug":"especial-san-valentin","status":"publish","type":"product","link":"https:\/\/terradominicata.com\/ca\/producte\/especial-san-valentin\/","title":{"rendered":"Especial Sant Valent\u00ed"},"content":{"rendered":"<p><strong>El nostre paquet especial Sant Valent\u00ed per a dues persones inclou<\/strong>:<\/p>\n<ul>\n<li>Una noche en Junior Suite con desayuno para dos personas<\/li>\n<li>Una experi\u00e8ncia spa<\/li>\n<li>Habitaci\u00f3 decorada amb toc rom\u00e0ntic<\/li>\n<li>Visita al celler amb degustaci\u00f3 de vins<\/li>\n<li>Dinar o sopar per a dos amb vi al nostre restaurant<\/li>\n<li>V\u00e0lid tot l&#039;any excepte en nits de dissabte, Setmana Santa i Cap d&#039;Any.<\/li>\n<\/ul>","protected":false},"excerpt":{"rendered":"<p>Nuestro paquete especial San Valent\u00edn para dos personas incluye: Una noche en Junior Suite con desayuno para dos personas Una experiencia spa Habitaci\u00f3n decorada con toque rom\u00e1ntico Visita a la bodega con degustaci\u00f3n de vinos Comida o cena para dos con vino en nuestro restaurante V\u00e1lido todo el a\u00f1o excepto en noches de s\u00e1bado, Semana [&hellip;]<\/p>","protected":false},"featured_media":867,"comment_status":"open","ping_status":"closed","template":"","meta":{"site-sidebar-layout":"default","site-content-layout":"","ast-site-content-layout":"default","site-content-style":"default","site-sidebar-style":"default","ast-global-header-display":"","ast-banner-title-visibility":"","ast-main-header-display":"","ast-hfb-above-header-display":"","ast-hfb-below-header-display":"","ast-hfb-mobile-header-display":"","site-post-title":"","ast-breadcrumbs-content":"","ast-featured-img":"","footer-sml-layout":"","theme-transparent-header-meta":"default","adv-header-id-meta":"","stick-header-meta":"","header-above-stick-meta":"","header-main-stick-meta":"","header-below-stick-meta":"","astra-migrate-meta-layouts":"set","ast-page-background-enabled":"default","ast-page-background-meta":{"desktop":{"background-color":"var(--ast-global-color-4)","background-image":"","background-repeat":"repeat","background-position":"center center","background-size":"auto","background-attachment":"scroll","background-type":"","background-media":"","overlay-type":"","overlay-color":"","overlay-opacity":"","overlay-gradient":""},"tablet":{"background-color":"","background-image":"","background-repeat":"repeat","background-position":"center center","background-size":"auto","background-attachment":"scroll","background-type":"","background-media":"","overlay-type":"","overlay-color":"","overlay-opacity":"","overlay-gradient":""},"mobile":{"background-color":"","background-image":"","background-repeat":"repeat","background-position":"center center","background-size":"auto","background-attachment":"scroll","background-type":"","background-media":"","overlay-type":"","overlay-color":"","overlay-opacity":"","overlay-gradient":""}},"ast-content-background-meta":{"desktop":{"background-color":"var(--ast-global-color-5)","background-image":"","background-repeat":"repeat","background-position":"center center","background-size":"auto","background-attachment":"scroll","background-type":"","background-media":"","overlay-type":"","overlay-color":"","overlay-opacity":"","overlay-gradient":""},"tablet":{"background-color":"var(--ast-global-color-5)","background-image":"","background-repeat":"repeat","background-position":"center center","background-size":"auto","background-attachment":"scroll","background-type":"","background-media":"","overlay-type":"","overlay-color":"","overlay-opacity":"","overlay-gradient":""},"mobile":{"background-color":"var(--ast-global-color-5)","background-image":"","background-repeat":"repeat","background-position":"center center","background-size":"auto","background-attachment":"scroll","background-type":"","background-media":"","overlay-type":"","overlay-color":"","overlay-opacity":"","overlay-gradient":""}}},"product_brand":[],"product_cat":[35],"product_tag":[33],"class_list":{"0":"post-4013","1":"product","2":"type-product","3":"status-publish","4":"has-post-thumbnail","6":"product_cat-bonos-especiales","7":"product_tag-bono","8":"desktop-align-left","9":"tablet-align-left","10":"mobile-align-left","11":"ast-product-gallery-layout-vertical-slider","12":"ast-magnify-disabled","13":"ast-product-tabs-layout-horizontal","15":"first","16":"outofstock","17":"virtual","18":"taxable","19":"purchasable","20":"product-type-simple"},"acf":[],"yoast_head":"<!-- This site is optimized with the Yoast SEO plugin v23.0 - https:\/\/yoast.com\/wordpress\/plugins\/seo\/ -->\n<title>Especial San Valent\u00edn - Terra Dominicata<\/title>\n<meta name=\"robots\" content=\"index, follow, max-snippet:-1, max-image-preview:large, max-video-preview:-1\" \/>\n<link rel=\"canonical\" href=\"https:\/\/terradominicata.com\/ca\/producte\/especial-san-valentin\/\" \/>\n<meta property=\"og:locale\" content=\"ca_ES\" \/>\n<meta property=\"og:type\" content=\"article\" \/>\n<meta property=\"og:title\" content=\"Especial San Valent\u00edn - Terra Dominicata\" \/>\n<meta property=\"og:description\" content=\"Nuestro paquete especial San Valent\u00edn para dos personas incluye: Una noche en Junior Suite con desayuno para dos personas Una experiencia spa Habitaci\u00f3n decorada con toque rom\u00e1ntico Visita a la bodega con degustaci\u00f3n de vinos Comida o cena para dos con vino en nuestro restaurante V\u00e1lido todo el a\u00f1o excepto en noches de s\u00e1bado, Semana [&hellip;]\" \/>\n<meta property=\"og:url\" content=\"https:\/\/terradominicata.com\/ca\/producte\/especial-san-valentin\/\" \/>\n<meta property=\"og:site_name\" content=\"Terra Dominicata\" \/>\n<meta property=\"article:modified_time\" content=\"2025-02-16T21:19:00+00:00\" \/>\n<meta property=\"og:image\" content=\"https:\/\/terradominicata.com\/wp-content\/uploads\/2024\/07\/DJI_0306-scaled.jpg\" \/>\n\t<meta property=\"og:image:width\" content=\"2560\" \/>\n\t<meta property=\"og:image:height\" content=\"1378\" \/>\n\t<meta property=\"og:image:type\" content=\"image\/jpeg\" \/>\n<meta name=\"twitter:card\" content=\"summary_large_image\" \/>\n<meta name=\"twitter:label1\" content=\"Temps estimat de lectura\" \/>\n\t<meta name=\"twitter:data1\" content=\"1 minut\" \/>\n<script type=\"application\/ld+json\" class=\"yoast-schema-graph\">{\"@context\":\"https:\/\/schema.org\",\"@graph\":[{\"@type\":\"WebPage\",\"@id\":\"https:\/\/terradominicata.com\/producto\/especial-san-valentin\/\",\"url\":\"https:\/\/terradominicata.com\/producto\/especial-san-valentin\/\",\"name\":\"Especial San Valent\u00edn - Terra Dominicata\",\"isPartOf\":{\"@id\":\"https:\/\/terradominicata.com\/#website\"},\"primaryImageOfPage\":{\"@id\":\"https:\/\/terradominicata.com\/producto\/especial-san-valentin\/#primaryimage\"},\"image\":{\"@id\":\"https:\/\/terradominicata.com\/producto\/especial-san-valentin\/#primaryimage\"},\"thumbnailUrl\":\"https:\/\/terradominicata.com\/wp-content\/uploads\/2024\/07\/DJI_0306-scaled.jpg\",\"datePublished\":\"2025-02-01T11:15:51+00:00\",\"dateModified\":\"2025-02-16T21:19:00+00:00\",\"breadcrumb\":{\"@id\":\"https:\/\/terradominicata.com\/producto\/especial-san-valentin\/#breadcrumb\"},\"inLanguage\":\"ca\",\"potentialAction\":[{\"@type\":\"ReadAction\",\"target\":[\"https:\/\/terradominicata.com\/producto\/especial-san-valentin\/\"]}]},{\"@type\":\"ImageObject\",\"inLanguage\":\"ca\",\"@id\":\"https:\/\/terradominicata.com\/producto\/especial-san-valentin\/#primaryimage\",\"url\":\"https:\/\/terradominicata.com\/wp-content\/uploads\/2024\/07\/DJI_0306-scaled.jpg\",\"contentUrl\":\"https:\/\/terradominicata.com\/wp-content\/uploads\/2024\/07\/DJI_0306-scaled.jpg\",\"width\":2560,\"height\":1378},{\"@type\":\"BreadcrumbList\",\"@id\":\"https:\/\/terradominicata.com\/producto\/especial-san-valentin\/#breadcrumb\",\"itemListElement\":[{\"@type\":\"ListItem\",\"position\":1,\"name\":\"Portada\",\"item\":\"https:\/\/terradominicata.com\/\"},{\"@type\":\"ListItem\",\"position\":2,\"name\":\"Tienda\",\"item\":\"https:\/\/terradominicata.com\/tienda\/\"},{\"@type\":\"ListItem\",\"position\":3,\"name\":\"Especial San Valent\u00edn\"}]},{\"@type\":\"WebSite\",\"@id\":\"https:\/\/terradominicata.com\/#website\",\"url\":\"https:\/\/terradominicata.com\/\",\"name\":\"Terra Dominicata\",\"description\":\"\",\"publisher\":{\"@id\":\"https:\/\/terradominicata.com\/#organization\"},\"potentialAction\":[{\"@type\":\"SearchAction\",\"target\":{\"@type\":\"EntryPoint\",\"urlTemplate\":\"https:\/\/terradominicata.com\/?s={search_term_string}\"},\"query-input\":\"required name=search_term_string\"}],\"inLanguage\":\"ca\"},{\"@type\":\"Organization\",\"@id\":\"https:\/\/terradominicata.com\/#organization\",\"name\":\"Terra Dominicata\",\"url\":\"https:\/\/terradominicata.com\/\",\"logo\":{\"@type\":\"ImageObject\",\"inLanguage\":\"ca\",\"@id\":\"https:\/\/terradominicata.com\/#\/schema\/logo\/image\/\",\"url\":\"https:\/\/terradominicata.com\/wp-content\/uploads\/2024\/05\/Recurso-1.svg\",\"contentUrl\":\"https:\/\/terradominicata.com\/wp-content\/uploads\/2024\/05\/Recurso-1.svg\",\"width\":427,\"height\":91,\"caption\":\"Terra Dominicata\"},\"image\":{\"@id\":\"https:\/\/terradominicata.com\/#\/schema\/logo\/image\/\"}}]}<\/script>\n<!-- \/ Yoast SEO plugin. -->","yoast_head_json":{"title":"Especial San Valent\u00edn - Terra Dominicata","robots":{"index":"index","follow":"follow","max-snippet":"max-snippet:-1","max-image-preview":"max-image-preview:large","max-video-preview":"max-video-preview:-1"},"canonical":"https:\/\/terradominicata.com\/ca\/producte\/especial-san-valentin\/","og_locale":"ca_ES","og_type":"article","og_title":"Especial San Valent\u00edn - Terra Dominicata","og_description":"Nuestro paquete especial San Valent\u00edn para dos personas incluye: Una noche en Junior Suite con desayuno para dos personas Una experiencia spa Habitaci\u00f3n decorada con toque rom\u00e1ntico Visita a la bodega con degustaci\u00f3n de vinos Comida o cena para dos con vino en nuestro restaurante V\u00e1lido todo el a\u00f1o excepto en noches de s\u00e1bado, Semana [&hellip;]","og_url":"https:\/\/terradominicata.com\/ca\/producte\/especial-san-valentin\/","og_site_name":"Terra Dominicata","article_modified_time":"2025-02-16T21:19:00+00:00","og_image":[{"width":2560,"height":1378,"url":"https:\/\/terradominicata.com\/wp-content\/uploads\/2024\/07\/DJI_0306-scaled.jpg","type":"image\/jpeg"}],"twitter_card":"summary_large_image","twitter_misc":{"Temps estimat de lectura":"1 minut"},"schema":{"@context":"https:\/\/schema.org","@graph":[{"@type":"WebPage","@id":"https:\/\/terradominicata.com\/producto\/especial-san-valentin\/","url":"https:\/\/terradominicata.com\/producto\/especial-san-valentin\/","name":"Especial San Valent\u00edn - Terra Dominicata","isPartOf":{"@id":"https:\/\/terradominicata.com\/#website"},"primaryImageOfPage":{"@id":"https:\/\/terradominicata.com\/producto\/especial-san-valentin\/#primaryimage"},"image":{"@id":"https:\/\/terradominicata.com\/producto\/especial-san-valentin\/#primaryimage"},"thumbnailUrl":"https:\/\/terradominicata.com\/wp-content\/uploads\/2024\/07\/DJI_0306-scaled.jpg","datePublished":"2025-02-01T11:15:51+00:00","dateModified":"2025-02-16T21:19:00+00:00","breadcrumb":{"@id":"https:\/\/terradominicata.com\/producto\/especial-san-valentin\/#breadcrumb"},"inLanguage":"ca","potentialAction":[{"@type":"ReadAction","target":["https:\/\/terradominicata.com\/producto\/especial-san-valentin\/"]}]},{"@type":"ImageObject","inLanguage":"ca","@id":"https:\/\/terradominicata.com\/producto\/especial-san-valentin\/#primaryimage","url":"https:\/\/terradominicata.com\/wp-content\/uploads\/2024\/07\/DJI_0306-scaled.jpg","contentUrl":"https:\/\/terradominicata.com\/wp-content\/uploads\/2024\/07\/DJI_0306-scaled.jpg","width":2560,"height":1378},{"@type":"BreadcrumbList","@id":"https:\/\/terradominicata.com\/producto\/especial-san-valentin\/#breadcrumb","itemListElement":[{"@type":"ListItem","position":1,"name":"Portada","item":"https:\/\/terradominicata.com\/"},{"@type":"ListItem","position":2,"name":"Tienda","item":"https:\/\/terradominicata.com\/tienda\/"},{"@type":"ListItem","position":3,"name":"Especial San Valent\u00edn"}]},{"@type":"WebSite","@id":"https:\/\/terradominicata.com\/#website","url":"https:\/\/terradominicata.com\/","name":"Terra Dominicata","description":"","publisher":{"@id":"https:\/\/terradominicata.com\/#organization"},"potentialAction":[{"@type":"SearchAction","target":{"@type":"EntryPoint","urlTemplate":"https:\/\/terradominicata.com\/?s={search_term_string}"},"query-input":"required name=search_term_string"}],"inLanguage":"ca"},{"@type":"Organization","@id":"https:\/\/terradominicata.com\/#organization","name":"Terra Dominicata","url":"https:\/\/terradominicata.com\/","logo":{"@type":"ImageObject","inLanguage":"ca","@id":"https:\/\/terradominicata.com\/#\/schema\/logo\/image\/","url":"https:\/\/terradominicata.com\/wp-content\/uploads\/2024\/05\/Recurso-1.svg","contentUrl":"https:\/\/terradominicata.com\/wp-content\/uploads\/2024\/05\/Recurso-1.svg","width":427,"height":91,"caption":"Terra Dominicata"},"image":{"@id":"https:\/\/terradominicata.com\/#\/schema\/logo\/image\/"}}]}},"_links":{"self":[{"href":"https:\/\/terradominicata.com\/ca\/wp-json\/wp\/v2\/product\/4013","targetHints":{"allow":["GET"]}}],"collection":[{"href":"https:\/\/terradominicata.com\/ca\/wp-json\/wp\/v2\/product"}],"about":[{"href":"https:\/\/terradominicata.com\/ca\/wp-json\/wp\/v2\/types\/product"}],"replies":[{"embeddable":true,"href":"https:\/\/terradominicata.com\/ca\/wp-json\/wp\/v2\/comments?post=4013"}],"wp:featuredmedia":[{"embeddable":true,"href":"https:\/\/terradominicata.com\/ca\/wp-json\/wp\/v2\/media\/867"}],"wp:attachment":[{"href":"https:\/\/terradominicata.com\/ca\/wp-json\/wp\/v2\/media?parent=4013"}],"wp:term":[{"taxonomy":"product_brand","embeddable":true,"href":"https:\/\/terradominicata.com\/ca\/wp-json\/wp\/v2\/product_brand?post=4013"},{"taxonomy":"product_cat","embeddable":true,"href":"https:\/\/terradominicata.com\/ca\/wp-json\/wp\/v2\/product_cat?post=4013"},{"taxonomy":"product_tag","embeddable":true,"href":"https:\/\/terradominicata.com\/ca\/wp-json\/wp\/v2\/product_tag?post=4013"}],"curies":[{"name":"wp","href":"https:\/\/api.w.org\/{rel}","templated":true}]}}