{"id":3701,"date":"2025-01-28T10:06:15","date_gmt":"2025-01-28T09:06:15","guid":{"rendered":"https:\/\/terradominicata.com\/?page_id=3701"},"modified":"2025-02-05T12:34:28","modified_gmt":"2025-02-05T11:34:28","slug":"terminos-del-servicio","status":"publish","type":"page","link":"https:\/\/terradominicata.com\/en\/terminos-del-servicio\/","title":{"rendered":"Terms of Service"},"content":{"rendered":"<div data-elementor-type=\"wp-page\" data-elementor-id=\"3701\" class=\"elementor elementor-3701\" data-elementor-post-type=\"page\">\n\t\t\t\t<div class=\"elementor-element elementor-element-17b3fa1a e-flex e-con-boxed e-con e-parent\" data-id=\"17b3fa1a\" data-element_type=\"container\">\n\t\t\t\t\t<div class=\"e-con-inner\">\n\t\t\t\t\t<\/div>\n\t\t\t\t<\/div>\n\t\t<div class=\"elementor-element elementor-element-f48b0b2 e-flex e-con-boxed e-con e-parent\" data-id=\"f48b0b2\" data-element_type=\"container\">\n\t\t\t\t\t<div class=\"e-con-inner\">\n\t\t\t\t<div class=\"elementor-element elementor-element-55de21b elementor-widget elementor-widget-text-editor\" data-id=\"55de21b\" data-element_type=\"widget\" data-widget_type=\"text-editor.default\">\n\t\t\t\t<div class=\"elementor-widget-container\">\n\t\t\t\t\t\t\t<div class=\"u2pext1a u2pext19 _1fragem28 _1fragem7d _1fragemmc u2pext1e u2pext1b _1fragemiw _1fragemh3 _1fragemf0\"><div id=\"privacy-policy-policy-modalTitle\" class=\"u2pext1i u2pext1h _1fragemnq _1fragemkk\"><h4>Terms of Service<\/h4><p>1. Identification of the owner of the Website<br \/>Wine Friendly Hotels SL<br \/>B65163941<br \/>Baix Llobregat Avenue 9-11<br \/>08820 \u2013 El Prat de Llobregat<\/p><p>2. User Acceptance<br \/>These Conditions of Use regulate the access and use of the Web page http:\/\/www.terradominicata.com that Wine Friendly Hotels SL makes available to Users on the Internet.<\/p><p>Wine Friendly Hotels SL may offer services through the Website that may be subject to specific conditions of their own, about which the User will be informed in each specific case.<\/p><p>Access to and navigation of the website implies unreserved acceptance of these Conditions of Use.<\/p><p>3. Access to the Web page<br \/>This website is intended exclusively for Users of legal age (18 years). In general, prior registration as a User is not required to access and use the website, without prejudice to the fact that such registration must be carried out in order to use certain services or content on the website.<\/p><p>User data obtained through subscription or registration are protected by passwords chosen by the User. The User undertakes to keep his\/her password secret and to protect it from unauthorized use by third parties. The User must notify Wine Friendly Hotels SL immediately of any unauthorized use of his\/her account or any breach of security related to the Website service of which he\/she has become aware.<\/p><p>Wine Friendly Hotels SL adopts the necessary technical and organizational measures to guarantee the protection of personal data and prevent its alteration, loss, processing and\/or unauthorized access, taking into account the state of the art, the nature of the data stored and the risks to which they are exposed, all in accordance with the provisions of Spanish legislation on the Protection of Personal Data.<\/p><p>4. Correct use of the Web<br \/>The User undertakes to use the Website, its content and services in accordance with the Law, these Conditions of Use, good customs and public order. Likewise, the User undertakes not to use the Website or the services provided through it for purposes or effects that are illegal or contrary to the content of these Conditions of Use, harmful to the interests or rights of third parties, or that in any way may damage, render useless or deteriorate the Website or its services, or prevent normal use of the Website by other Users.<\/p><p>Likewise, the User expressly agrees not to destroy, alter, render useless or, in any other way, damage the data, programs or electronic documents found on the Web.<\/p><p>The User undertakes not to hinder the access of other Users to the access service by means of massive consumption of the computer resources through which Wine Friendly Hotels SL provides the service, as well as to carry out actions that damage, interrupt or generate errors in said systems.<\/p><p>The User undertakes not to introduce programs, viruses, macros, applets, ActiveX controls or any other logical device or sequence of characters that cause or are likely to cause any type of alteration in the computer systems of Wine Friendly Hotels SL or third parties.<\/p><p>5. Advertising<br \/>Part of the Website may contain advertising content or be sponsored. Advertisers and sponsors are solely responsible for ensuring that material submitted for inclusion on the Website complies with applicable laws.<\/p><p>Wine Friendly Hotels SL will not be liable for any error, inaccuracy or irregularity that may be included in the advertising content or sponsors. In any case, to file any claim related to the advertising content inserted in this website, you can contact the following email address: e.vives@terradominicata.com<\/p><p>6. Third party links<br \/>These Conditions of Use refer only to the Web page and contents of Wine Friendly Hotels SL. They do not apply to links or third-party Web pages accessible through the Web page.<\/p><p>These links are provided solely to inform the User of the existence of other sources of information on a specific topic, and the inclusion of a link does not imply the approval of the linked website by Wine Friendly Hotels SL.<\/p><p>7. Intellectual and industrial property<br \/>All content on the Website, unless otherwise indicated, is the exclusive property of Wine Friendly Hotels SL and, by way of example, but not limited to, the graphic design, source code, logos, texts, graphics, illustrations, photographs, and other elements that appear on the Website.<\/p><p>Likewise, all trade names, brands or distinctive signs of any kind contained on the Website are protected by law.<\/p><p>Wine Friendly Hotels SL does not grant any type of license or authorization for personal use to the User over its intellectual and industrial property rights or over any other right related to its Website and the services offered therein.<\/p><p>Therefore, the User acknowledges that the reproduction, distribution, commercialization, transformation, and in general, any other form of exploitation, by any procedure, of all or part of the contents of this Web page constitutes an infringement of the intellectual and\/or industrial property rights of Wine Friendly Hotels or the owner thereof.<\/p><p>8. Applicable law and jurisdiction<br \/>In the event of any conflict or discrepancy arising in the interpretation or application of these Conditions of Use, the Courts and Tribunals that, where appropriate, will hear the matter will be those provided for by the applicable regulations regarding competent jurisdiction, and which, in the case of final consumers, will correspond to the place of fulfillment of the obligation, or the domicile of the consumer.<\/p><p>All of this without prejudice to the User&#039;s right to go to the Consumer Arbitration Board of his\/her area.<\/p><p>In the case of a company, both parties expressly waive any other jurisdiction and agree to be subject to the jurisdiction of the Courts and Tribunals of Barcelona (Spain).<\/p><p>9. Modification of the conditions of use<br \/>Wine Friendly Hotels SL reserves the right to develop or update the Legal Notice at any time, so the user must read it periodically.<\/p><\/div><\/div>\t\t\t\t\t\t<\/div>\n\t\t\t\t<\/div>\n\t\t\t\t\t<\/div>\n\t\t\t\t<\/div>\n\t\t\t\t<\/div>","protected":false},"excerpt":{"rendered":"<p>T\u00e9rminos del servicio 1. Identificaci\u00f3n del titular de la WebWine Friendly Hotels S.L.B65163941Avinguda Baix Llobregat 9-1108820 \u2013 El Prat de Llobregat 2. Aceptaci\u00f3n del UsuarioLas presentes Condiciones de Uso regulan el acceso y la utilizaci\u00f3n de la p\u00e1gina Web http:\/\/www.terradominicata.com que Wine Friendly Hotels S.L. pone a disposici\u00f3n de los Usuarios en Internet. Wine Friendly [&hellip;]<\/p>","protected":false},"author":3,"featured_media":0,"parent":0,"menu_order":0,"comment_status":"closed","ping_status":"open","template":"","meta":{"site-sidebar-layout":"default","site-content-layout":"","ast-site-content-layout":"","site-content-style":"default","site-sidebar-style":"default","ast-global-header-display":"","ast-banner-title-visibility":"","ast-main-header-display":"","ast-hfb-above-header-display":"","ast-hfb-below-header-display":"","ast-hfb-mobile-header-display":"","site-post-title":"","ast-breadcrumbs-content":"","ast-featured-img":"","footer-sml-layout":"","theme-transparent-header-meta":"","adv-header-id-meta":"","stick-header-meta":"","header-above-stick-meta":"","header-main-stick-meta":"","header-below-stick-meta":"","astra-migrate-meta-layouts":"default","ast-page-background-enabled":"default","ast-page-background-meta":{"desktop":{"background-color":"var(--ast-global-color-4)","background-image":"","background-repeat":"repeat","background-position":"center center","background-size":"auto","background-attachment":"scroll","background-type":"","background-media":"","overlay-type":"","overlay-color":"","overlay-opacity":"","overlay-gradient":""},"tablet":{"background-color":"","background-image":"","background-repeat":"repeat","background-position":"center center","background-size":"auto","background-attachment":"scroll","background-type":"","background-media":"","overlay-type":"","overlay-color":"","overlay-opacity":"","overlay-gradient":""},"mobile":{"background-color":"","background-image":"","background-repeat":"repeat","background-position":"center center","background-size":"auto","background-attachment":"scroll","background-type":"","background-media":"","overlay-type":"","overlay-color":"","overlay-opacity":"","overlay-gradient":""}},"ast-content-background-meta":{"desktop":{"background-color":"var(--ast-global-color-5)","background-image":"","background-repeat":"repeat","background-position":"center center","background-size":"auto","background-attachment":"scroll","background-type":"","background-media":"","overlay-type":"","overlay-color":"","overlay-opacity":"","overlay-gradient":""},"tablet":{"background-color":"var(--ast-global-color-5)","background-image":"","background-repeat":"repeat","background-position":"center center","background-size":"auto","background-attachment":"scroll","background-type":"","background-media":"","overlay-type":"","overlay-color":"","overlay-opacity":"","overlay-gradient":""},"mobile":{"background-color":"var(--ast-global-color-5)","background-image":"","background-repeat":"repeat","background-position":"center center","background-size":"auto","background-attachment":"scroll","background-type":"","background-media":"","overlay-type":"","overlay-color":"","overlay-opacity":"","overlay-gradient":""}},"footnotes":""},"class_list":["post-3701","page","type-page","status-publish","hentry"],"acf":[],"yoast_head":"<!-- This site is optimized with the Yoast SEO plugin v23.0 - https:\/\/yoast.com\/wordpress\/plugins\/seo\/ -->\n<title>T\u00e9rminos del servicio - Terra Dominicata<\/title>\n<meta name=\"robots\" content=\"index, follow, max-snippet:-1, max-image-preview:large, max-video-preview:-1\" \/>\n<link rel=\"canonical\" href=\"https:\/\/terradominicata.com\/en\/terminos-del-servicio\/\" \/>\n<meta property=\"og:locale\" content=\"en_GB\" \/>\n<meta property=\"og:type\" content=\"article\" \/>\n<meta property=\"og:title\" content=\"T\u00e9rminos del servicio - Terra Dominicata\" \/>\n<meta property=\"og:description\" content=\"T\u00e9rminos del servicio 1. Identificaci\u00f3n del titular de la WebWine Friendly Hotels S.L.B65163941Avinguda Baix Llobregat 9-1108820 \u2013 El Prat de Llobregat 2. Aceptaci\u00f3n del UsuarioLas presentes Condiciones de Uso regulan el acceso y la utilizaci\u00f3n de la p\u00e1gina Web http:\/\/www.terradominicata.com que Wine Friendly Hotels S.L. pone a disposici\u00f3n de los Usuarios en Internet. Wine Friendly [&hellip;]\" \/>\n<meta property=\"og:url\" content=\"https:\/\/terradominicata.com\/en\/terminos-del-servicio\/\" \/>\n<meta property=\"og:site_name\" content=\"Terra Dominicata\" \/>\n<meta property=\"article:modified_time\" content=\"2025-02-05T11:34:28+00:00\" \/>\n<meta name=\"twitter:card\" content=\"summary_large_image\" \/>\n<meta name=\"twitter:label1\" content=\"Estimated reading time\" \/>\n\t<meta name=\"twitter:data1\" content=\"5 minutes\" \/>\n<script type=\"application\/ld+json\" class=\"yoast-schema-graph\">{\"@context\":\"https:\/\/schema.org\",\"@graph\":[{\"@type\":\"WebPage\",\"@id\":\"https:\/\/terradominicata.com\/terminos-del-servicio\/\",\"url\":\"https:\/\/terradominicata.com\/terminos-del-servicio\/\",\"name\":\"T\u00e9rminos del servicio - Terra Dominicata\",\"isPartOf\":{\"@id\":\"https:\/\/terradominicata.com\/#website\"},\"datePublished\":\"2025-01-28T09:06:15+00:00\",\"dateModified\":\"2025-02-05T11:34:28+00:00\",\"breadcrumb\":{\"@id\":\"https:\/\/terradominicata.com\/terminos-del-servicio\/#breadcrumb\"},\"inLanguage\":\"en-GB\",\"potentialAction\":[{\"@type\":\"ReadAction\",\"target\":[\"https:\/\/terradominicata.com\/terminos-del-servicio\/\"]}]},{\"@type\":\"BreadcrumbList\",\"@id\":\"https:\/\/terradominicata.com\/terminos-del-servicio\/#breadcrumb\",\"itemListElement\":[{\"@type\":\"ListItem\",\"position\":1,\"name\":\"Portada\",\"item\":\"https:\/\/terradominicata.com\/\"},{\"@type\":\"ListItem\",\"position\":2,\"name\":\"T\u00e9rminos del servicio\"}]},{\"@type\":\"WebSite\",\"@id\":\"https:\/\/terradominicata.com\/#website\",\"url\":\"https:\/\/terradominicata.com\/\",\"name\":\"Terra Dominicata\",\"description\":\"\",\"publisher\":{\"@id\":\"https:\/\/terradominicata.com\/#organization\"},\"potentialAction\":[{\"@type\":\"SearchAction\",\"target\":{\"@type\":\"EntryPoint\",\"urlTemplate\":\"https:\/\/terradominicata.com\/?s={search_term_string}\"},\"query-input\":\"required name=search_term_string\"}],\"inLanguage\":\"en-GB\"},{\"@type\":\"Organization\",\"@id\":\"https:\/\/terradominicata.com\/#organization\",\"name\":\"Terra Dominicata\",\"url\":\"https:\/\/terradominicata.com\/\",\"logo\":{\"@type\":\"ImageObject\",\"inLanguage\":\"en-GB\",\"@id\":\"https:\/\/terradominicata.com\/#\/schema\/logo\/image\/\",\"url\":\"https:\/\/terradominicata.com\/wp-content\/uploads\/2024\/05\/Recurso-1.svg\",\"contentUrl\":\"https:\/\/terradominicata.com\/wp-content\/uploads\/2024\/05\/Recurso-1.svg\",\"width\":427,\"height\":91,\"caption\":\"Terra Dominicata\"},\"image\":{\"@id\":\"https:\/\/terradominicata.com\/#\/schema\/logo\/image\/\"}}]}<\/script>\n<!-- \/ Yoast SEO plugin. -->","yoast_head_json":{"title":"T\u00e9rminos del servicio - Terra Dominicata","robots":{"index":"index","follow":"follow","max-snippet":"max-snippet:-1","max-image-preview":"max-image-preview:large","max-video-preview":"max-video-preview:-1"},"canonical":"https:\/\/terradominicata.com\/en\/terminos-del-servicio\/","og_locale":"en_GB","og_type":"article","og_title":"T\u00e9rminos del servicio - Terra Dominicata","og_description":"T\u00e9rminos del servicio 1. Identificaci\u00f3n del titular de la WebWine Friendly Hotels S.L.B65163941Avinguda Baix Llobregat 9-1108820 \u2013 El Prat de Llobregat 2. Aceptaci\u00f3n del UsuarioLas presentes Condiciones de Uso regulan el acceso y la utilizaci\u00f3n de la p\u00e1gina Web http:\/\/www.terradominicata.com que Wine Friendly Hotels S.L. pone a disposici\u00f3n de los Usuarios en Internet. Wine Friendly [&hellip;]","og_url":"https:\/\/terradominicata.com\/en\/terminos-del-servicio\/","og_site_name":"Terra Dominicata","article_modified_time":"2025-02-05T11:34:28+00:00","twitter_card":"summary_large_image","twitter_misc":{"Estimated reading time":"5 minutes"},"schema":{"@context":"https:\/\/schema.org","@graph":[{"@type":"WebPage","@id":"https:\/\/terradominicata.com\/terminos-del-servicio\/","url":"https:\/\/terradominicata.com\/terminos-del-servicio\/","name":"T\u00e9rminos del servicio - Terra Dominicata","isPartOf":{"@id":"https:\/\/terradominicata.com\/#website"},"datePublished":"2025-01-28T09:06:15+00:00","dateModified":"2025-02-05T11:34:28+00:00","breadcrumb":{"@id":"https:\/\/terradominicata.com\/terminos-del-servicio\/#breadcrumb"},"inLanguage":"en-GB","potentialAction":[{"@type":"ReadAction","target":["https:\/\/terradominicata.com\/terminos-del-servicio\/"]}]},{"@type":"BreadcrumbList","@id":"https:\/\/terradominicata.com\/terminos-del-servicio\/#breadcrumb","itemListElement":[{"@type":"ListItem","position":1,"name":"Portada","item":"https:\/\/terradominicata.com\/"},{"@type":"ListItem","position":2,"name":"T\u00e9rminos del servicio"}]},{"@type":"WebSite","@id":"https:\/\/terradominicata.com\/#website","url":"https:\/\/terradominicata.com\/","name":"Terra Dominicata","description":"","publisher":{"@id":"https:\/\/terradominicata.com\/#organization"},"potentialAction":[{"@type":"SearchAction","target":{"@type":"EntryPoint","urlTemplate":"https:\/\/terradominicata.com\/?s={search_term_string}"},"query-input":"required name=search_term_string"}],"inLanguage":"en-GB"},{"@type":"Organization","@id":"https:\/\/terradominicata.com\/#organization","name":"Terra Dominicata","url":"https:\/\/terradominicata.com\/","logo":{"@type":"ImageObject","inLanguage":"en-GB","@id":"https:\/\/terradominicata.com\/#\/schema\/logo\/image\/","url":"https:\/\/terradominicata.com\/wp-content\/uploads\/2024\/05\/Recurso-1.svg","contentUrl":"https:\/\/terradominicata.com\/wp-content\/uploads\/2024\/05\/Recurso-1.svg","width":427,"height":91,"caption":"Terra Dominicata"},"image":{"@id":"https:\/\/terradominicata.com\/#\/schema\/logo\/image\/"}}]}},"_links":{"self":[{"href":"https:\/\/terradominicata.com\/en\/wp-json\/wp\/v2\/pages\/3701","targetHints":{"allow":["GET"]}}],"collection":[{"href":"https:\/\/terradominicata.com\/en\/wp-json\/wp\/v2\/pages"}],"about":[{"href":"https:\/\/terradominicata.com\/en\/wp-json\/wp\/v2\/types\/page"}],"author":[{"embeddable":true,"href":"https:\/\/terradominicata.com\/en\/wp-json\/wp\/v2\/users\/3"}],"replies":[{"embeddable":true,"href":"https:\/\/terradominicata.com\/en\/wp-json\/wp\/v2\/comments?post=3701"}],"version-history":[{"count":0,"href":"https:\/\/terradominicata.com\/en\/wp-json\/wp\/v2\/pages\/3701\/revisions"}],"wp:attachment":[{"href":"https:\/\/terradominicata.com\/en\/wp-json\/wp\/v2\/media?parent=3701"}],"curies":[{"name":"wp","href":"https:\/\/api.w.org\/{rel}","templated":true}]}}