{"id":950,"date":"2024-07-24T18:24:42","date_gmt":"2024-07-24T16:24:42","guid":{"rendered":"https:\/\/terradominicata.com\/?page_id=950"},"modified":"2024-07-24T19:08:57","modified_gmt":"2024-07-24T17:08:57","slug":"sine-die-nuestro-nuevo-vino","status":"publish","type":"page","link":"https:\/\/terradominicata.com\/en\/sine-die-nuestro-nuevo-vino\/","title":{"rendered":"Sine Die: Nuestro nuevo vino"},"content":{"rendered":"<div data-elementor-type=\"wp-page\" data-elementor-id=\"950\" class=\"elementor elementor-950\" data-elementor-post-type=\"page\">\n\t\t\t\t<div class=\"elementor-element elementor-element-2d6c1a1d e-con-full e-flex e-con e-parent\" data-id=\"2d6c1a1d\" data-element_type=\"container\">\n\t\t\t\t<div class=\"elementor-element elementor-element-5202b05e elementor-pagination-type-progressbar elementor-widget elementor-widget-n-carousel\" data-id=\"5202b05e\" data-element_type=\"widget\" data-settings=\"{&quot;carousel_items&quot;:[{&quot;slide_title&quot;:&quot;Slide #1&quot;,&quot;_id&quot;:&quot;9839c43&quot;}],&quot;slides_to_show&quot;:&quot;1&quot;,&quot;pagination&quot;:&quot;progressbar&quot;,&quot;slides_to_show_tablet&quot;:&quot;1&quot;,&quot;slides_to_show_mobile&quot;:&quot;1&quot;,&quot;autoplay&quot;:&quot;yes&quot;,&quot;autoplay_speed&quot;:5000,&quot;infinite&quot;:&quot;yes&quot;,&quot;speed&quot;:500,&quot;image_spacing_custom&quot;:{&quot;unit&quot;:&quot;px&quot;,&quot;size&quot;:10,&quot;sizes&quot;:[]},&quot;image_spacing_custom_tablet&quot;:{&quot;unit&quot;:&quot;px&quot;,&quot;size&quot;:&quot;&quot;,&quot;sizes&quot;:[]},&quot;image_spacing_custom_mobile&quot;:{&quot;unit&quot;:&quot;px&quot;,&quot;size&quot;:&quot;&quot;,&quot;sizes&quot;:[]}}\" data-widget_type=\"nested-carousel.default\">\n\t\t\t\t<div class=\"elementor-widget-container\">\n\t\t\t\t\t<div class=\"e-n-carousel swiper\" dir=\"ltr\">\n\t\t\t<div class=\"swiper-wrapper\" aria-live=\"off\">\n\t\t\t\t\t\t\t\t\t\t<div class=\"swiper-slide\" data-slide=\"1\" role=\"group\" aria-roledescription=\"slide\" aria-label=\"1 of 1\">\n\t\t\t\t\t\t\t<div class=\"elementor-element elementor-element-2a90d40d e-con-full e-flex e-con e-child\" data-id=\"2a90d40d\" data-element_type=\"container\" data-settings=\"{&quot;background_background&quot;:&quot;classic&quot;}\">\n\t\t\t\t<div class=\"elementor-element elementor-element-4d0fd4ba elementor-widget__width-inherit elementor-widget elementor-widget-heading\" data-id=\"4d0fd4ba\" data-element_type=\"widget\" data-widget_type=\"heading.default\">\n\t\t\t\t<div class=\"elementor-widget-container\">\n\t\t\t<h1 class=\"elementor-heading-title elementor-size-default\">Sine Die: Un vino que detiene el tiempo\n    \n  <\/h1>\t\t<\/div>\n\t\t\t\t<\/div>\n\t\t\t\t<div class=\"elementor-element elementor-element-6537abac elementor-widget__width-initial elementor-widget elementor-widget-heading\" data-id=\"6537abac\" data-element_type=\"widget\" data-widget_type=\"heading.default\">\n\t\t\t\t<div class=\"elementor-widget-container\">\n\t\t\t<h6 class=\"elementor-heading-title elementor-size-default\">Descubre el nuevo vino rosado de Terra Dominicata<\/h6>\t\t<\/div>\n\t\t\t\t<\/div>\n\t\t\t\t<div class=\"elementor-element elementor-element-5876a309 elementor-widget elementor-widget-button\" data-id=\"5876a309\" data-element_type=\"widget\" data-widget_type=\"button.default\">\n\t\t\t\t<div class=\"elementor-widget-container\">\n\t\t\t\t\t\t\t<div class=\"elementor-button-wrapper\">\n\t\t\t\t\t<a class=\"elementor-button elementor-button-link elementor-size-sm\" href=\"#\">\n\t\t\t\t\t\t<span class=\"elementor-button-content-wrapper\">\n\t\t\t\t\t\t\t\t\t<span class=\"elementor-button-text\">Buy<\/span>\n\t\t\t\t\t<\/span>\n\t\t\t\t\t<\/a>\n\t\t\t\t<\/div>\n\t\t\t\t\t\t<\/div>\n\t\t\t\t<\/div>\n\t\t\t\t<\/div>\n\t\t\t\t\t\t\t\t<\/div>\n\t\t\t\t\t\t\t\t<\/div>\n\t\t<\/div>\n\t\t\t\t\t\t\t<div class=\"swiper-pagination\"><\/div>\n\t\t\t\t<\/div>\n\t\t\t\t<\/div>\n\t\t\t\t<\/div>\n\t\t<div class=\"elementor-element elementor-element-58ca8fba e-con-full e-flex e-con e-parent\" data-id=\"58ca8fba\" data-element_type=\"container\" data-settings=\"{&quot;background_background&quot;:&quot;classic&quot;}\">\n\t\t<div class=\"elementor-element elementor-element-29544f24 e-con-full e-flex elementor-invisible e-con e-child\" data-id=\"29544f24\" data-element_type=\"container\" data-settings=\"{&quot;background_background&quot;:&quot;classic&quot;,&quot;animation&quot;:&quot;fadeInUp&quot;}\">\n\t\t\t\t<div class=\"elementor-element elementor-element-1ac433c elementor-widget elementor-widget-heading\" data-id=\"1ac433c\" data-element_type=\"widget\" data-widget_type=\"heading.default\">\n\t\t\t\t<div class=\"elementor-widget-container\">\n\t\t\t<h2 class=\"elementor-heading-title elementor-size-default\">Una experiencia sensorial \u00fanica en cada sorbo<\/h2>\t\t<\/div>\n\t\t\t\t<\/div>\n\t\t\t\t<div class=\"elementor-element elementor-element-7b3d9bae elementor-widget elementor-widget-text-editor\" data-id=\"7b3d9bae\" data-element_type=\"widget\" data-widget_type=\"text-editor.default\">\n\t\t\t\t<div class=\"elementor-widget-container\">\n\t\t\t\t\t\t\tSum\u00e9rjase en la seductora paleta de sabores de Sine Die. Este vino rosado, elaborado con uvas garnacha cultivadas en nuestra finca, ofrece una experiencia sensorial inigualable. Su color rosa asalmonado le cautivar\u00e1, mientras que su aroma a an\u00eds, fresa \u00e1cida y pomelo le transportar\u00e1 a un mundo de deliciosas sensaciones. En boca, disfrutar\u00e1 de su frescura y jugosidad, con una persistencia que le invita a saborearlo lentamente. Sine Die es una elecci\u00f3n perfecta para aquellos que buscan un deleite sensorial \u00fanico, brind\u00e1ndole momentos inolvidables llenos de placer y descubrimiento. Un viaje vin\u00edcola sin igual con este vino excepcionalmente elegante y seductor.\t\t\t\t\t\t<\/div>\n\t\t\t\t<\/div>\n\t\t\t\t<div class=\"elementor-element elementor-element-6be80f3b elementor-widget elementor-widget-button\" data-id=\"6be80f3b\" data-element_type=\"widget\" data-widget_type=\"button.default\">\n\t\t\t\t<div class=\"elementor-widget-container\">\n\t\t\t\t\t\t\t<div class=\"elementor-button-wrapper\">\n\t\t\t\t\t<a class=\"elementor-button elementor-button-link elementor-size-sm\" href=\"#\">\n\t\t\t\t\t\t<span class=\"elementor-button-content-wrapper\">\n\t\t\t\t\t\t\t\t\t<span class=\"elementor-button-text\">Comprar Sine Die<\/span>\n\t\t\t\t\t<\/span>\n\t\t\t\t\t<\/a>\n\t\t\t\t<\/div>\n\t\t\t\t\t\t<\/div>\n\t\t\t\t<\/div>\n\t\t\t\t<\/div>\n\t\t<div class=\"elementor-element elementor-element-6d90af33 e-con-full e-flex e-con e-child\" data-id=\"6d90af33\" data-element_type=\"container\" data-settings=\"{&quot;background_background&quot;:&quot;classic&quot;}\">\n\t\t\t\t<\/div>\n\t\t\t\t<\/div>\n\t\t<div class=\"elementor-element elementor-element-6df9331d e-con-full e-flex e-con e-parent\" data-id=\"6df9331d\" data-element_type=\"container\" data-settings=\"{&quot;background_background&quot;:&quot;classic&quot;}\">\n\t\t<div class=\"elementor-element elementor-element-26d2bf48 e-con-full e-flex elementor-invisible e-con e-child\" data-id=\"26d2bf48\" data-element_type=\"container\" data-settings=\"{&quot;background_background&quot;:&quot;classic&quot;,&quot;animation&quot;:&quot;fadeInUp&quot;}\">\n\t\t\t\t<div class=\"elementor-element elementor-element-3ce76ec6 elementor-widget elementor-widget-heading\" data-id=\"3ce76ec6\" data-element_type=\"widget\" data-widget_type=\"heading.default\">\n\t\t\t\t<div class=\"elementor-widget-container\">\n\t\t\t<h2 class=\"elementor-heading-title elementor-size-default\">El arte de elaborar vino con pasi\u00f3n y tradici\u00f3n<\/h2>\t\t<\/div>\n\t\t\t\t<\/div>\n\t\t\t\t<div class=\"elementor-element elementor-element-22bd6c69 elementor-widget elementor-widget-text-editor\" data-id=\"22bd6c69\" data-element_type=\"widget\" data-widget_type=\"text-editor.default\">\n\t\t\t\t<div class=\"elementor-widget-container\">\n\t\t\t\t\t\t\t<p>En Terra Dominicata, nos enorgullece seguir m\u00e9todos tradicionales en la elaboraci\u00f3n de nuestro vino. Cada botella de Sine Die es fruto de la dedicaci\u00f3n y pasi\u00f3n de nuestros en\u00f3logos, quienes cuidadosamente seleccionan las uvas de la variedad garnacha de nuestras vi\u00f1as m\u00e1s elevadas y frescas. Utilizando pr\u00e1cticas sostenibles, respetamos el entorno y creamos vinos que reflejan la autenticidad del Priorat. Con Sine Die, apreciar\u00e1 la excelencia de nuestra bodega propia y el legado hist\u00f3rico que llevamos con orgullo.<\/p>\n\n<p>Un vino elaborado con m\u00e9todos tradicionales con el que se puede conquistar el tiempo, o al menos, aplazarlo. Su etiqueta nos quiere mostrar, con un efecto \u00f3ptico, que el tiempo s\u00ed se para en Terra Dominicata. Y que lo dem\u00e1s, puede esperar.<\/p>\t\t\t\t\t\t<\/div>\n\t\t\t\t<\/div>\n\t\t\t\t<\/div>\n\t\t<div class=\"elementor-element elementor-element-1d790130 e-con-full e-flex e-con e-child\" data-id=\"1d790130\" data-element_type=\"container\" data-settings=\"{&quot;background_background&quot;:&quot;classic&quot;}\">\n\t\t\t\t<\/div>\n\t\t\t\t<\/div>\n\t\t<div class=\"elementor-element elementor-element-6a99b4bf e-con-full e-flex e-con e-parent\" data-id=\"6a99b4bf\" data-element_type=\"container\" data-settings=\"{&quot;background_background&quot;:&quot;classic&quot;}\">\n\t\t<div class=\"elementor-element elementor-element-22678a76 e-con-full e-flex elementor-invisible e-con e-child\" data-id=\"22678a76\" data-element_type=\"container\" data-settings=\"{&quot;background_background&quot;:&quot;classic&quot;,&quot;animation&quot;:&quot;fadeInUp&quot;}\">\n\t\t\t\t<div class=\"elementor-element elementor-element-38523f8f elementor-widget elementor-widget-heading\" data-id=\"38523f8f\" data-element_type=\"widget\" data-widget_type=\"heading.default\">\n\t\t\t\t<div class=\"elementor-widget-container\">\n\t\t\t<h2 class=\"elementor-heading-title elementor-size-default\">Edici\u00f3n limitada: un tesoro para los amantes del vino<\/h2>\t\t<\/div>\n\t\t\t\t<\/div>\n\t\t\t\t<div class=\"elementor-element elementor-element-2e981658 elementor-widget elementor-widget-text-editor\" data-id=\"2e981658\" data-element_type=\"widget\" data-widget_type=\"text-editor.default\">\n\t\t\t\t<div class=\"elementor-widget-container\">\n\t\t\t\t\t\t\tSine Die es una joya vin\u00edcola que solo estar\u00e1 disponible en una edici\u00f3n limitada de 500 botellas. Cada una de ellas representa la exclusividad y calidad que nos distingue. Desde el dise\u00f1o de su etiqueta, con un efecto \u00f3ptico que simboliza la detenci\u00f3n del tiempo en Terra Dominicata, hasta la cuidada elaboraci\u00f3n de su contenido, cada detalle ha sido pensado para brindarte una experiencia \u00fanica. No se pierda la oportunidad de adquirir esta edici\u00f3n especial y disfrutar de momentos inolvidables con Sine Die. Compre su botella hoy mismo y d\u00e9jese llevar por la magia del vino del Priorat.\t\t\t\t\t\t<\/div>\n\t\t\t\t<\/div>\n\t\t\t\t<div class=\"elementor-element elementor-element-14fa4025 elementor-widget elementor-widget-button\" data-id=\"14fa4025\" data-element_type=\"widget\" data-widget_type=\"button.default\">\n\t\t\t\t<div class=\"elementor-widget-container\">\n\t\t\t\t\t\t\t<div class=\"elementor-button-wrapper\">\n\t\t\t\t\t<a class=\"elementor-button elementor-button-link elementor-size-sm\" href=\"#\">\n\t\t\t\t\t\t<span class=\"elementor-button-content-wrapper\">\n\t\t\t\t\t\t\t\t\t<span class=\"elementor-button-text\">Comprar Sine Die<\/span>\n\t\t\t\t\t<\/span>\n\t\t\t\t\t<\/a>\n\t\t\t\t<\/div>\n\t\t\t\t\t\t<\/div>\n\t\t\t\t<\/div>\n\t\t\t\t<\/div>\n\t\t<div class=\"elementor-element elementor-element-22a9804 e-con-full e-flex e-con e-child\" data-id=\"22a9804\" data-element_type=\"container\" data-settings=\"{&quot;background_background&quot;:&quot;classic&quot;}\">\n\t\t\t\t<\/div>\n\t\t\t\t<\/div>\n\t\t\t\t<\/div>","protected":false},"excerpt":{"rendered":"<p>Sine Die: Un vino que detiene el tiempo Descubre el nuevo vino rosado de Terra Dominicata Comprar Sine Die: Un vino que detiene el tiempo Descubre el nuevo vino rosado de Terra Dominicata Comprar Una experiencia sensorial \u00fanica en cada sorbo Sum\u00e9rjase en la seductora paleta de sabores de Sine Die. Este vino rosado, elaborado [&hellip;]<\/p>","protected":false},"author":2,"featured_media":0,"parent":0,"menu_order":0,"comment_status":"closed","ping_status":"closed","template":"","meta":{"site-sidebar-layout":"no-sidebar","site-content-layout":"","ast-site-content-layout":"full-width-container","site-content-style":"default","site-sidebar-style":"default","ast-global-header-display":"","ast-banner-title-visibility":"","ast-main-header-display":"","ast-hfb-above-header-display":"","ast-hfb-below-header-display":"","ast-hfb-mobile-header-display":"","site-post-title":"disabled","ast-breadcrumbs-content":"","ast-featured-img":"disabled","footer-sml-layout":"","theme-transparent-header-meta":"","adv-header-id-meta":"","stick-header-meta":"","header-above-stick-meta":"","header-main-stick-meta":"","header-below-stick-meta":"","astra-migrate-meta-layouts":"default","ast-page-background-enabled":"default","ast-page-background-meta":{"desktop":{"background-color":"var(--ast-global-color-4)","background-image":"","background-repeat":"repeat","background-position":"center center","background-size":"auto","background-attachment":"scroll","background-type":"","background-media":"","overlay-type":"","overlay-color":"","overlay-opacity":"","overlay-gradient":""},"tablet":{"background-color":"","background-image":"","background-repeat":"repeat","background-position":"center center","background-size":"auto","background-attachment":"scroll","background-type":"","background-media":"","overlay-type":"","overlay-color":"","overlay-opacity":"","overlay-gradient":""},"mobile":{"background-color":"","background-image":"","background-repeat":"repeat","background-position":"center center","background-size":"auto","background-attachment":"scroll","background-type":"","background-media":"","overlay-type":"","overlay-color":"","overlay-opacity":"","overlay-gradient":""}},"ast-content-background-meta":{"desktop":{"background-color":"var(--ast-global-color-5)","background-image":"","background-repeat":"repeat","background-position":"center center","background-size":"auto","background-attachment":"scroll","background-type":"","background-media":"","overlay-type":"","overlay-color":"","overlay-opacity":"","overlay-gradient":""},"tablet":{"background-color":"var(--ast-global-color-5)","background-image":"","background-repeat":"repeat","background-position":"center center","background-size":"auto","background-attachment":"scroll","background-type":"","background-media":"","overlay-type":"","overlay-color":"","overlay-opacity":"","overlay-gradient":""},"mobile":{"background-color":"var(--ast-global-color-5)","background-image":"","background-repeat":"repeat","background-position":"center center","background-size":"auto","background-attachment":"scroll","background-type":"","background-media":"","overlay-type":"","overlay-color":"","overlay-opacity":"","overlay-gradient":""}},"footnotes":""},"class_list":["post-950","page","type-page","status-publish","hentry"],"acf":[],"yoast_head":"<!-- This site is optimized with the Yoast SEO plugin v23.0 - https:\/\/yoast.com\/wordpress\/plugins\/seo\/ -->\n<title>Sine Die: Nuestro nuevo vino - Terra Dominicata<\/title>\n<meta name=\"robots\" content=\"index, follow, max-snippet:-1, max-image-preview:large, max-video-preview:-1\" \/>\n<link rel=\"canonical\" href=\"https:\/\/terradominicata.com\/en\/sine-die-nuestro-nuevo-vino\/\" \/>\n<meta property=\"og:locale\" content=\"en_GB\" \/>\n<meta property=\"og:type\" content=\"article\" \/>\n<meta property=\"og:title\" content=\"Sine Die: Nuestro nuevo vino - Terra Dominicata\" \/>\n<meta property=\"og:description\" content=\"Sine Die: Un vino que detiene el tiempo Descubre el nuevo vino rosado de Terra Dominicata Comprar Sine Die: Un vino que detiene el tiempo Descubre el nuevo vino rosado de Terra Dominicata Comprar Una experiencia sensorial \u00fanica en cada sorbo Sum\u00e9rjase en la seductora paleta de sabores de Sine Die. Este vino rosado, elaborado [&hellip;]\" \/>\n<meta property=\"og:url\" content=\"https:\/\/terradominicata.com\/en\/sine-die-nuestro-nuevo-vino\/\" \/>\n<meta property=\"og:site_name\" content=\"Terra Dominicata\" \/>\n<meta property=\"article:modified_time\" content=\"2024-07-24T17:08:57+00:00\" \/>\n<meta name=\"twitter:card\" content=\"summary_large_image\" \/>\n<meta name=\"twitter:label1\" content=\"Estimated reading time\" \/>\n\t<meta name=\"twitter:data1\" content=\"2 minutes\" \/>\n<script type=\"application\/ld+json\" class=\"yoast-schema-graph\">{\"@context\":\"https:\/\/schema.org\",\"@graph\":[{\"@type\":\"WebPage\",\"@id\":\"https:\/\/terradominicata.com\/sine-die-nuestro-nuevo-vino\/\",\"url\":\"https:\/\/terradominicata.com\/sine-die-nuestro-nuevo-vino\/\",\"name\":\"Sine Die: Nuestro nuevo vino - Terra Dominicata\",\"isPartOf\":{\"@id\":\"https:\/\/terradominicata.com\/#website\"},\"datePublished\":\"2024-07-24T16:24:42+00:00\",\"dateModified\":\"2024-07-24T17:08:57+00:00\",\"breadcrumb\":{\"@id\":\"https:\/\/terradominicata.com\/sine-die-nuestro-nuevo-vino\/#breadcrumb\"},\"inLanguage\":\"en-GB\",\"potentialAction\":[{\"@type\":\"ReadAction\",\"target\":[\"https:\/\/terradominicata.com\/sine-die-nuestro-nuevo-vino\/\"]}]},{\"@type\":\"BreadcrumbList\",\"@id\":\"https:\/\/terradominicata.com\/sine-die-nuestro-nuevo-vino\/#breadcrumb\",\"itemListElement\":[{\"@type\":\"ListItem\",\"position\":1,\"name\":\"Portada\",\"item\":\"https:\/\/terradominicata.com\/\"},{\"@type\":\"ListItem\",\"position\":2,\"name\":\"Sine Die: Nuestro nuevo vino\"}]},{\"@type\":\"WebSite\",\"@id\":\"https:\/\/terradominicata.com\/#website\",\"url\":\"https:\/\/terradominicata.com\/\",\"name\":\"Terra Dominicata\",\"description\":\"\",\"publisher\":{\"@id\":\"https:\/\/terradominicata.com\/#organization\"},\"potentialAction\":[{\"@type\":\"SearchAction\",\"target\":{\"@type\":\"EntryPoint\",\"urlTemplate\":\"https:\/\/terradominicata.com\/?s={search_term_string}\"},\"query-input\":\"required name=search_term_string\"}],\"inLanguage\":\"en-GB\"},{\"@type\":\"Organization\",\"@id\":\"https:\/\/terradominicata.com\/#organization\",\"name\":\"Terra Dominicata\",\"url\":\"https:\/\/terradominicata.com\/\",\"logo\":{\"@type\":\"ImageObject\",\"inLanguage\":\"en-GB\",\"@id\":\"https:\/\/terradominicata.com\/#\/schema\/logo\/image\/\",\"url\":\"https:\/\/terradominicata.com\/wp-content\/uploads\/2024\/05\/Recurso-1.svg\",\"contentUrl\":\"https:\/\/terradominicata.com\/wp-content\/uploads\/2024\/05\/Recurso-1.svg\",\"width\":427,\"height\":91,\"caption\":\"Terra Dominicata\"},\"image\":{\"@id\":\"https:\/\/terradominicata.com\/#\/schema\/logo\/image\/\"}}]}<\/script>\n<!-- \/ Yoast SEO plugin. -->","yoast_head_json":{"title":"Sine Die: Nuestro nuevo vino - Terra Dominicata","robots":{"index":"index","follow":"follow","max-snippet":"max-snippet:-1","max-image-preview":"max-image-preview:large","max-video-preview":"max-video-preview:-1"},"canonical":"https:\/\/terradominicata.com\/en\/sine-die-nuestro-nuevo-vino\/","og_locale":"en_GB","og_type":"article","og_title":"Sine Die: Nuestro nuevo vino - Terra Dominicata","og_description":"Sine Die: Un vino que detiene el tiempo Descubre el nuevo vino rosado de Terra Dominicata Comprar Sine Die: Un vino que detiene el tiempo Descubre el nuevo vino rosado de Terra Dominicata Comprar Una experiencia sensorial \u00fanica en cada sorbo Sum\u00e9rjase en la seductora paleta de sabores de Sine Die. Este vino rosado, elaborado [&hellip;]","og_url":"https:\/\/terradominicata.com\/en\/sine-die-nuestro-nuevo-vino\/","og_site_name":"Terra Dominicata","article_modified_time":"2024-07-24T17:08:57+00:00","twitter_card":"summary_large_image","twitter_misc":{"Estimated reading time":"2 minutes"},"schema":{"@context":"https:\/\/schema.org","@graph":[{"@type":"WebPage","@id":"https:\/\/terradominicata.com\/sine-die-nuestro-nuevo-vino\/","url":"https:\/\/terradominicata.com\/sine-die-nuestro-nuevo-vino\/","name":"Sine Die: Nuestro nuevo vino - Terra Dominicata","isPartOf":{"@id":"https:\/\/terradominicata.com\/#website"},"datePublished":"2024-07-24T16:24:42+00:00","dateModified":"2024-07-24T17:08:57+00:00","breadcrumb":{"@id":"https:\/\/terradominicata.com\/sine-die-nuestro-nuevo-vino\/#breadcrumb"},"inLanguage":"en-GB","potentialAction":[{"@type":"ReadAction","target":["https:\/\/terradominicata.com\/sine-die-nuestro-nuevo-vino\/"]}]},{"@type":"BreadcrumbList","@id":"https:\/\/terradominicata.com\/sine-die-nuestro-nuevo-vino\/#breadcrumb","itemListElement":[{"@type":"ListItem","position":1,"name":"Portada","item":"https:\/\/terradominicata.com\/"},{"@type":"ListItem","position":2,"name":"Sine Die: Nuestro nuevo vino"}]},{"@type":"WebSite","@id":"https:\/\/terradominicata.com\/#website","url":"https:\/\/terradominicata.com\/","name":"Terra Dominicata","description":"","publisher":{"@id":"https:\/\/terradominicata.com\/#organization"},"potentialAction":[{"@type":"SearchAction","target":{"@type":"EntryPoint","urlTemplate":"https:\/\/terradominicata.com\/?s={search_term_string}"},"query-input":"required name=search_term_string"}],"inLanguage":"en-GB"},{"@type":"Organization","@id":"https:\/\/terradominicata.com\/#organization","name":"Terra Dominicata","url":"https:\/\/terradominicata.com\/","logo":{"@type":"ImageObject","inLanguage":"en-GB","@id":"https:\/\/terradominicata.com\/#\/schema\/logo\/image\/","url":"https:\/\/terradominicata.com\/wp-content\/uploads\/2024\/05\/Recurso-1.svg","contentUrl":"https:\/\/terradominicata.com\/wp-content\/uploads\/2024\/05\/Recurso-1.svg","width":427,"height":91,"caption":"Terra Dominicata"},"image":{"@id":"https:\/\/terradominicata.com\/#\/schema\/logo\/image\/"}}]}},"_links":{"self":[{"href":"https:\/\/terradominicata.com\/en\/wp-json\/wp\/v2\/pages\/950","targetHints":{"allow":["GET"]}}],"collection":[{"href":"https:\/\/terradominicata.com\/en\/wp-json\/wp\/v2\/pages"}],"about":[{"href":"https:\/\/terradominicata.com\/en\/wp-json\/wp\/v2\/types\/page"}],"author":[{"embeddable":true,"href":"https:\/\/terradominicata.com\/en\/wp-json\/wp\/v2\/users\/2"}],"replies":[{"embeddable":true,"href":"https:\/\/terradominicata.com\/en\/wp-json\/wp\/v2\/comments?post=950"}],"version-history":[{"count":0,"href":"https:\/\/terradominicata.com\/en\/wp-json\/wp\/v2\/pages\/950\/revisions"}],"wp:attachment":[{"href":"https:\/\/terradominicata.com\/en\/wp-json\/wp\/v2\/media?parent=950"}],"curies":[{"name":"wp","href":"https:\/\/api.w.org\/{rel}","templated":true}]}}