{"id":3,"date":"2024-05-30T10:40:23","date_gmt":"2024-05-30T08:40:23","guid":{"rendered":"https:\/\/terradominicata.com\/?page_id=3"},"modified":"2025-02-05T12:38:53","modified_gmt":"2025-02-05T11:38:53","slug":"politica-de-privacidad","status":"publish","type":"page","link":"https:\/\/terradominicata.com\/fr\/politica-de-privacidad\/","title":{"rendered":"politique de confidentialit\u00e9"},"content":{"rendered":"<div data-elementor-type=\"wp-page\" data-elementor-id=\"3\" class=\"elementor elementor-3\" data-elementor-post-type=\"page\">\n\t\t\t\t<div class=\"elementor-element elementor-element-17b3fa1a e-flex e-con-boxed e-con e-parent\" data-id=\"17b3fa1a\" data-element_type=\"container\">\n\t\t\t\t\t<div class=\"e-con-inner\">\n\t\t\t\t\t<\/div>\n\t\t\t\t<\/div>\n\t\t<div class=\"elementor-element elementor-element-f48b0b2 e-flex e-con-boxed e-con e-parent\" data-id=\"f48b0b2\" data-element_type=\"container\">\n\t\t\t\t\t<div class=\"e-con-inner\">\n\t\t\t\t<div class=\"elementor-element elementor-element-55de21b elementor-widget elementor-widget-text-editor\" data-id=\"55de21b\" data-element_type=\"widget\" data-widget_type=\"text-editor.default\">\n\t\t\t\t<div class=\"elementor-widget-container\">\n\t\t\t\t\t\t\t<div>\n<div>\n<div>\n<div>\n<h4>politique de confidentialit\u00e9<\/h4>\n<p>Informations de base sur la protection des donn\u00e9es<br>Responsable : Wine Friendly Hotels SL<\/p>\n<p>Objectif\u00a0: G\u00e9rer et r\u00e9pondre aux demandes via le site Web.<\/p>\n<p>L\u00e9gitimation : Consentement de l&#039;int\u00e9ress\u00e9.<\/p>\n<p>Destinataires : Aucune donn\u00e9e ne sera c\u00e9d\u00e9e \u00e0 des tiers, sauf obligation l\u00e9gale.<\/p>\n<p>Droits : Vous disposez d&#039;un droit d&#039;acc\u00e8s, de rectification et de suppression des donn\u00e9es, ainsi que d&#039;autres droits indiqu\u00e9s dans les informations compl\u00e9mentaires, que vous pouvez exercer en envoyant un courrier \u00e9lectronique \u00e0 info@terradominicata.com<br>Origine : L&#039;int\u00e9ress\u00e9 lui-m\u00eame.<\/p>\n<p>Qui est responsable du traitement de vos donn\u00e9es ?<br>Wine Friendly Hotels SL avec CIF B65163941 et si\u00e8ge social situ\u00e9 \u00e0 Avinguda del Baix Llobregat, 9-11 \u2013 El Prat de Llobregat, en tant que propri\u00e9taire de www.terradominicata.com, est responsable du traitement et de la protection de vos donn\u00e9es personnelles comme \u00e9tabli dans le R\u00e8glement g\u00e9n\u00e9ral sur la protection des donn\u00e9es 2016\/679.<\/p>\n<p>\u00c0 quelles fins utilisons-nous vos donn\u00e9es personnelles ?<br>Nous utiliserons vos donn\u00e9es obtenues en ligne, entre autres, pour g\u00e9rer votre inscription en tant qu&#039;utilisateur, g\u00e9rer l&#039;achat de produits ou de services, r\u00e9pondre \u00e0 vos questions ainsi que, si vous le souhaitez, pour vous envoyer nos communications personnalis\u00e9es. En fonction des produits, services ou fonctionnalit\u00e9s dont vous souhaitez b\u00e9n\u00e9ficier \u00e0 un moment donn\u00e9, nous serons amen\u00e9s \u00e0 traiter certaines donn\u00e9es ou autres, qui seront en g\u00e9n\u00e9ral, selon les cas, les suivantes :<\/p>\n<p>* vos donn\u00e9es d&#039;identification (par exemple, votre pr\u00e9nom, votre nom, la langue et le pays \u00e0 partir desquels vous interagissez avec nous, vos coordonn\u00e9es, etc.) ;<br>* les informations \u00e9conomiques et transactionnelles (par exemple, vos informations de paiement ou de carte, les informations sur vos achats, commandes, retours, etc.) ;<br>* donn\u00e9es de connexion, de g\u00e9olocalisation et de navigation (dans le cas o\u00f9 vous interagissez avec nous depuis votre mobile par exemple) ;<br>* informations commerciales (par exemple, si vous \u00eates abonn\u00e9 \u00e0 notre newsletter), donn\u00e9es sur vos go\u00fbts et pr\u00e9f\u00e9rences.<\/p>\n<p>N&#039;oubliez pas que lorsque nous vous demanderons de remplir vos donn\u00e9es personnelles pour vous donner acc\u00e8s \u00e0 toute fonctionnalit\u00e9 ou service de la Plateforme, nous marquerons certains champs comme obligatoires, car ce sont des donn\u00e9es dont nous avons besoin pour pouvoir vous fournir le service. ou vous donner acc\u00e8s \u00e0 la fonctionnalit\u00e9 en question. Veuillez garder \u00e0 l\u2019esprit que si vous d\u00e9cidez de ne pas nous fournir ces donn\u00e9es, vous ne pourrez peut-\u00eatre pas terminer votre inscription d\u2019utilisateur ou vous ne pourrez peut-\u00eatre pas profiter de ces services ou fonctionnalit\u00e9s.<\/p>\n<p>Pourquoi les utilisons-nous ?<br>Nous sommes en droit de traiter vos donn\u00e9es pour diff\u00e9rentes raisons. La principale est que nous devons les traiter pour ex\u00e9cuter le contrat que vous acceptez avec nous lors de votre inscription et lorsque vous effectuez un achat ou profitez de l&#039;un de nos services ou fonctionnalit\u00e9s, bien qu&#039;il existe d&#039;autres raisons qui nous l\u00e9gitiment \u00e0 le faire, telles que comme l&#039;int\u00e9r\u00eat \u00e0 r\u00e9pondre \u00e0 vos questions ou le consentement que vous nous donnez pour vous envoyer nos newsletters, entre autres.<\/p>\n<p>Avec qui partageons-nous vos donn\u00e9es ?<br>Nous ne partagerons pas de donn\u00e9es avec des tiers, sauf pour respecter les obligations l\u00e9gales, fiscales et la pr\u00e9vention du blanchiment d&#039;argent et du financement du terrorisme.<\/p>\n<p>Combien de temps conserverons-nous vos donn\u00e9es ?<br>Vos donn\u00e9es seront trait\u00e9es avec la plus grande confidentialit\u00e9 pour g\u00e9rer notre relation commerciale. Les donn\u00e9es seront conserv\u00e9es jusqu&#039;\u00e0 ce que vous demandiez leur suppression \u00e0 l&#039;adresse suivante info@terradominicata.com ou jusqu&#039;\u00e0 ce qu&#039;une disposition l\u00e9gale l&#039;\u00e9tablisse. Vous pouvez d\u00e9poser une r\u00e9clamation aupr\u00e8s de l&#039;autorit\u00e9 de contr\u00f4le comp\u00e9tente (www.agpd.es) si vous estimez que le traitement n&#039;est pas conforme \u00e0 la r\u00e9glementation en vigueur.<\/p>\n<p>Quelle est la l\u00e9gitimit\u00e9 du traitement de vos donn\u00e9es ?<br>Wine Friendly Hotels est autoris\u00e9 \u00e0 traiter vos donn\u00e9es car elles sont n\u00e9cessaires pour fournir le service demand\u00e9 ou en raison du consentement que vous nous donnez dans les diff\u00e9rents formulaires de contact sur le site. Les donn\u00e9es ne seront pas c\u00e9d\u00e9es \u00e0 des tiers, sauf dans les cas o\u00f9 il existe une obligation l\u00e9gale.<\/p>\n<p>Pour exercer les droits d&#039;acc\u00e8s, de rectification, de suppression et de portabilit\u00e9 de vos donn\u00e9es, ainsi que la limitation ou l&#039;opposition \u00e0 leur traitement, vous devez \u00e9crire \u00e0 e.vives@terradominicata.com<br>En tant qu&#039;Utilisateur, en cochant les cases correspondantes et en saisissant les donn\u00e9es dans les champs marqu\u00e9s d&#039;un ast\u00e9risque (*) dans le formulaire de contact ou pr\u00e9sent\u00e9s dans les formulaires de t\u00e9l\u00e9chargement, vous acceptez express\u00e9ment, librement et sans \u00e9quivoque que vos donn\u00e9es soient n\u00e9cessaires pour r\u00e9pondre \u00e0 votre demande. , par le fournisseur, l&#039;inclusion des donn\u00e9es dans les champs restants \u00e9tant volontaire. En tant qu&#039;Utilisateur, vous garantissez que les donn\u00e9es personnelles fournies sont v\u00e9ridiques et vous \u00eates responsable de communiquer toute modification de celles-ci.<\/p>\n<p>Wine Friendly Hotels SL respecte toutes les dispositions de la r\u00e9glementation relative au traitement des donn\u00e9es personnelles sous sa responsabilit\u00e9, ainsi que les principes d\u00e9crits \u00e0 l&#039;article 5 du RGPD, par lesquels elles sont trait\u00e9es de mani\u00e8re licite, loyale et transparente en relation avec avec l&#039;int\u00e9ress\u00e9 et ad\u00e9quats, pertinents et limit\u00e9s \u00e0 ce qui est n\u00e9cessaire au regard des finalit\u00e9s pour lesquelles ils sont trait\u00e9s.<\/p>\n<p>Wine Friendly Hotels SL garantit avoir mis en \u0153uvre des politiques techniques et organisationnelles appropri\u00e9es pour appliquer les mesures de s\u00e9curit\u00e9 \u00e9tablies par le RGPD afin de prot\u00e9ger les droits et libert\u00e9s des utilisateurs et leur avoir communiqu\u00e9 les informations appropri\u00e9es afin qu&#039;ils puissent les exercer.<\/p>\n<p>Quels sont vos droits lorsque vous nous fournissez vos donn\u00e9es ?<br>Vous pouvez exercer \u00e0 tout moment votre droit d&#039;acc\u00e8s, de rectification, de suppression et de portabilit\u00e9 de vos donn\u00e9es, ainsi que la limitation ou l&#039;opposition \u00e0 leur traitement. Vous avez \u00e9galement le droit de retirer le consentement donn\u00e9, ainsi que de porter plainte aupr\u00e8s de l&#039;autorit\u00e9 de contr\u00f4le comp\u00e9tente.<\/p>\n<p>Vous pouvez exercer vos droits en nous \u00e9crivant un email \u00e0 notre adresse info@terradominicata.com, en indiquant simplement le motif de votre demande. Si nous consid\u00e9rons qu\u2019il est n\u00e9cessaire de vous identifier, nous pouvons demander une copie d\u2019un document prouvant votre identit\u00e9.<\/p>\n<p>Pour toute question ou pr\u00e9cision concernant la protection des donn\u00e9es, vous pouvez contacter Wine Friendly Hotels via notre adresse e-mail : e.vives@terradominicata.com<\/p>\n<p>Informations Compl\u00e9mentaires<br>L&#039;acc\u00e8s au Site ainsi que toute utilisation qui pourrait \u00eatre faite des informations qu&#039;il contient rel\u00e8vent de la responsabilit\u00e9 exclusive de la personne qui le fait. Wine Friendly Hotels se r\u00e9serve le droit d&#039;apporter des modifications et des mises \u00e0 jour aux informations contenues sur le Site Web ou \u00e0 sa configuration et pr\u00e9sentation \u00e0 tout moment et sans pr\u00e9avis. Wine Friendly Hotels ne peut garantir et n&#039;est pas responsable de l&#039;existence d&#039;erreurs dans l&#039;acc\u00e8s au Site Web, ou \u00e0 son contenu, ou qu&#039;il soit mis \u00e0 jour en temps opportun, bien qu&#039;il fasse tous les efforts pour les \u00e9viter et, le cas \u00e9ch\u00e9ant, les r\u00e9parer ou les mettre \u00e0 jour dans les plus brefs d\u00e9lais. De m\u00eame, il n&#039;est pas responsable des cons\u00e9quences d\u00e9riv\u00e9es de son interaction ni des effets que cette interaction peut avoir sur les applications logicielles et\/ou les \u00e9quipements mat\u00e9riels des utilisateurs.<\/p>\n<p>Les donn\u00e9es obtenues via des formulaires, e-mails ou autres moyens seront enregistr\u00e9es exclusivement pour pouvoir g\u00e9rer les commandes, et en aucun cas \u00e0 des fins publicitaires, sauf dans le cas o\u00f9 vous avez choisi l&#039;option de recevoir de la publicit\u00e9 de Wine Friendly Hotels, ni ils ne le feront. \u00eatre c\u00e9d\u00e9es \u00e0 des tiers.<\/p>\n<p>Si vous avez pr\u00e9alablement donn\u00e9 votre consentement expr\u00e8s, nous utiliserons votre adresse e-mail pour envoyer des communications commerciales. Vous pouvez vous d\u00e9sinscrire \u00e0 tout moment, en cliquant sur le lien pr\u00e9vu \u00e0 cet effet dans l&#039;e-mail accompagnant ladite communication commerciale.<\/p>\n<p>Modifications de la politique de confidentialit\u00e9<br>Nous pouvons modifier les informations contenues dans cette politique de confidentialit\u00e9 de temps \u00e0 autre si nous le jugeons appropri\u00e9. Si nous le faisons, nous vous en informerons de diff\u00e9rentes mani\u00e8res via la Plateforme (par exemple, via une banni\u00e8re, une pop-up ou une notification push), ou nous le communiquerons m\u00eame \u00e0 votre adresse e-mail lorsque le changement en question est important. pour votre vie priv\u00e9e, afin que vous puissiez consulter les modifications, les \u00e9valuer et, le cas \u00e9ch\u00e9ant, vous opposer ou vous d\u00e9sabonner de tout service ou fonctionnalit\u00e9. Dans tous les cas, nous vous sugg\u00e9rons de consulter cette politique de confidentialit\u00e9 de temps en temps au cas o\u00f9 des modifications mineures seraient apport\u00e9es ou si nous introduisions des am\u00e9liorations interactives, en profitant du fait que vous la trouverez toujours comme point d&#039;information permanent sur notre site Web.<\/p>\n<p>Informations sur les cookies<br>Nous utilisons des cookies et des dispositifs similaires pour faciliter votre navigation sur la Plateforme, pour comprendre comment vous interagissez avec Wine Friendly Hotels et, dans certains cas, pour pouvoir vous montrer des publicit\u00e9s en fonction de vos habitudes de navigation. Ils servent \u00e9galement \u00e0 stocker les donn\u00e9es du panier d&#039;achat et \u00e0 am\u00e9liorer la convivialit\u00e9 de la navigation. Si vous le souhaitez, vous pouvez configurer votre navigateur pour \u00eatre averti \u00e0 l&#039;\u00e9cran lorsque vous recevez des cookies et pour emp\u00eacher l&#039;installation de cookies sur votre disque dur. Veuillez vous r\u00e9f\u00e9rer aux instructions et aux manuels de votre navigateur pour plus d&#039;informations.<\/p>\n<\/div>\n<\/div>\n<\/div>\n<\/div>\t\t\t\t\t\t<\/div>\n\t\t\t\t<\/div>\n\t\t\t\t\t<\/div>\n\t\t\t\t<\/div>\n\t\t\t\t<\/div>","protected":false},"excerpt":{"rendered":"<p>Pol\u00edtica de privacidad Informaci\u00f3n b\u00e1sica sobre protecci\u00f3n de datosResponsable: Wine Friendly Hotels S.L. Finalidad: Gestionar y atender las solicitudes a trav\u00e9s de la p\u00e1gina web. Legitimaci\u00f3n: Consentimiento del interesado. Destinatarios: No se ceder\u00e1n datos a terceros, salvo obligaci\u00f3n legal. Derechos: Tiene derecho a acceder, rectificar y suprimir los datos, as\u00ed como otros derechos indicados en [&hellip;]<\/p>","protected":false},"author":1,"featured_media":0,"parent":0,"menu_order":0,"comment_status":"closed","ping_status":"open","template":"","meta":{"site-sidebar-layout":"default","site-content-layout":"","ast-site-content-layout":"","site-content-style":"default","site-sidebar-style":"default","ast-global-header-display":"","ast-banner-title-visibility":"","ast-main-header-display":"","ast-hfb-above-header-display":"","ast-hfb-below-header-display":"","ast-hfb-mobile-header-display":"","site-post-title":"","ast-breadcrumbs-content":"","ast-featured-img":"","footer-sml-layout":"","theme-transparent-header-meta":"","adv-header-id-meta":"","stick-header-meta":"","header-above-stick-meta":"","header-main-stick-meta":"","header-below-stick-meta":"","astra-migrate-meta-layouts":"default","ast-page-background-enabled":"default","ast-page-background-meta":{"desktop":{"background-color":"var(--ast-global-color-4)","background-image":"","background-repeat":"repeat","background-position":"center center","background-size":"auto","background-attachment":"scroll","background-type":"","background-media":"","overlay-type":"","overlay-color":"","overlay-opacity":"","overlay-gradient":""},"tablet":{"background-color":"","background-image":"","background-repeat":"repeat","background-position":"center center","background-size":"auto","background-attachment":"scroll","background-type":"","background-media":"","overlay-type":"","overlay-color":"","overlay-opacity":"","overlay-gradient":""},"mobile":{"background-color":"","background-image":"","background-repeat":"repeat","background-position":"center center","background-size":"auto","background-attachment":"scroll","background-type":"","background-media":"","overlay-type":"","overlay-color":"","overlay-opacity":"","overlay-gradient":""}},"ast-content-background-meta":{"desktop":{"background-color":"var(--ast-global-color-5)","background-image":"","background-repeat":"repeat","background-position":"center center","background-size":"auto","background-attachment":"scroll","background-type":"","background-media":"","overlay-type":"","overlay-color":"","overlay-opacity":"","overlay-gradient":""},"tablet":{"background-color":"var(--ast-global-color-5)","background-image":"","background-repeat":"repeat","background-position":"center center","background-size":"auto","background-attachment":"scroll","background-type":"","background-media":"","overlay-type":"","overlay-color":"","overlay-opacity":"","overlay-gradient":""},"mobile":{"background-color":"var(--ast-global-color-5)","background-image":"","background-repeat":"repeat","background-position":"center center","background-size":"auto","background-attachment":"scroll","background-type":"","background-media":"","overlay-type":"","overlay-color":"","overlay-opacity":"","overlay-gradient":""}},"footnotes":""},"class_list":["post-3","page","type-page","status-publish","hentry"],"acf":[],"yoast_head":"<!-- This site is optimized with the Yoast SEO plugin v23.0 - https:\/\/yoast.com\/wordpress\/plugins\/seo\/ -->\n<title>Pol\u00edtica de privacidad - Terra Dominicata<\/title>\n<meta name=\"robots\" content=\"index, follow, max-snippet:-1, max-image-preview:large, max-video-preview:-1\" \/>\n<link rel=\"canonical\" href=\"https:\/\/terradominicata.com\/fr\/politica-de-privacidad\/\" \/>\n<meta property=\"og:locale\" content=\"fr_FR\" \/>\n<meta property=\"og:type\" content=\"article\" \/>\n<meta property=\"og:title\" content=\"Pol\u00edtica de privacidad - Terra Dominicata\" \/>\n<meta property=\"og:description\" content=\"Pol\u00edtica de privacidad Informaci\u00f3n b\u00e1sica sobre protecci\u00f3n de datosResponsable: Wine Friendly Hotels S.L. Finalidad: Gestionar y atender las solicitudes a trav\u00e9s de la p\u00e1gina web. Legitimaci\u00f3n: Consentimiento del interesado. Destinatarios: No se ceder\u00e1n datos a terceros, salvo obligaci\u00f3n legal. Derechos: Tiene derecho a acceder, rectificar y suprimir los datos, as\u00ed como otros derechos indicados en [&hellip;]\" \/>\n<meta property=\"og:url\" content=\"https:\/\/terradominicata.com\/fr\/politica-de-privacidad\/\" \/>\n<meta property=\"og:site_name\" content=\"Terra Dominicata\" \/>\n<meta property=\"article:modified_time\" content=\"2025-02-05T11:38:53+00:00\" \/>\n<meta name=\"twitter:card\" content=\"summary_large_image\" \/>\n<meta name=\"twitter:label1\" content=\"Dur\u00e9e de lecture estim\u00e9e\" \/>\n\t<meta name=\"twitter:data1\" content=\"7 minutes\" \/>\n<script type=\"application\/ld+json\" class=\"yoast-schema-graph\">{\"@context\":\"https:\/\/schema.org\",\"@graph\":[{\"@type\":\"WebPage\",\"@id\":\"https:\/\/terradominicata.com\/politica-de-privacidad\/\",\"url\":\"https:\/\/terradominicata.com\/politica-de-privacidad\/\",\"name\":\"Pol\u00edtica de privacidad - Terra Dominicata\",\"isPartOf\":{\"@id\":\"https:\/\/terradominicata.com\/#website\"},\"datePublished\":\"2024-05-30T08:40:23+00:00\",\"dateModified\":\"2025-02-05T11:38:53+00:00\",\"breadcrumb\":{\"@id\":\"https:\/\/terradominicata.com\/politica-de-privacidad\/#breadcrumb\"},\"inLanguage\":\"fr-FR\",\"potentialAction\":[{\"@type\":\"ReadAction\",\"target\":[\"https:\/\/terradominicata.com\/politica-de-privacidad\/\"]}]},{\"@type\":\"BreadcrumbList\",\"@id\":\"https:\/\/terradominicata.com\/politica-de-privacidad\/#breadcrumb\",\"itemListElement\":[{\"@type\":\"ListItem\",\"position\":1,\"name\":\"Portada\",\"item\":\"https:\/\/terradominicata.com\/\"},{\"@type\":\"ListItem\",\"position\":2,\"name\":\"Pol\u00edtica de privacidad\"}]},{\"@type\":\"WebSite\",\"@id\":\"https:\/\/terradominicata.com\/#website\",\"url\":\"https:\/\/terradominicata.com\/\",\"name\":\"Terra Dominicata\",\"description\":\"\",\"publisher\":{\"@id\":\"https:\/\/terradominicata.com\/#organization\"},\"potentialAction\":[{\"@type\":\"SearchAction\",\"target\":{\"@type\":\"EntryPoint\",\"urlTemplate\":\"https:\/\/terradominicata.com\/?s={search_term_string}\"},\"query-input\":\"required name=search_term_string\"}],\"inLanguage\":\"fr-FR\"},{\"@type\":\"Organization\",\"@id\":\"https:\/\/terradominicata.com\/#organization\",\"name\":\"Terra Dominicata\",\"url\":\"https:\/\/terradominicata.com\/\",\"logo\":{\"@type\":\"ImageObject\",\"inLanguage\":\"fr-FR\",\"@id\":\"https:\/\/terradominicata.com\/#\/schema\/logo\/image\/\",\"url\":\"https:\/\/terradominicata.com\/wp-content\/uploads\/2024\/05\/Recurso-1.svg\",\"contentUrl\":\"https:\/\/terradominicata.com\/wp-content\/uploads\/2024\/05\/Recurso-1.svg\",\"width\":427,\"height\":91,\"caption\":\"Terra Dominicata\"},\"image\":{\"@id\":\"https:\/\/terradominicata.com\/#\/schema\/logo\/image\/\"}}]}<\/script>\n<!-- \/ Yoast SEO plugin. -->","yoast_head_json":{"title":"Pol\u00edtica de privacidad - Terra Dominicata","robots":{"index":"index","follow":"follow","max-snippet":"max-snippet:-1","max-image-preview":"max-image-preview:large","max-video-preview":"max-video-preview:-1"},"canonical":"https:\/\/terradominicata.com\/fr\/politica-de-privacidad\/","og_locale":"fr_FR","og_type":"article","og_title":"Pol\u00edtica de privacidad - Terra Dominicata","og_description":"Pol\u00edtica de privacidad Informaci\u00f3n b\u00e1sica sobre protecci\u00f3n de datosResponsable: Wine Friendly Hotels S.L. Finalidad: Gestionar y atender las solicitudes a trav\u00e9s de la p\u00e1gina web. Legitimaci\u00f3n: Consentimiento del interesado. Destinatarios: No se ceder\u00e1n datos a terceros, salvo obligaci\u00f3n legal. Derechos: Tiene derecho a acceder, rectificar y suprimir los datos, as\u00ed como otros derechos indicados en [&hellip;]","og_url":"https:\/\/terradominicata.com\/fr\/politica-de-privacidad\/","og_site_name":"Terra Dominicata","article_modified_time":"2025-02-05T11:38:53+00:00","twitter_card":"summary_large_image","twitter_misc":{"Dur\u00e9e de lecture estim\u00e9e":"7 minutes"},"schema":{"@context":"https:\/\/schema.org","@graph":[{"@type":"WebPage","@id":"https:\/\/terradominicata.com\/politica-de-privacidad\/","url":"https:\/\/terradominicata.com\/politica-de-privacidad\/","name":"Pol\u00edtica de privacidad - Terra Dominicata","isPartOf":{"@id":"https:\/\/terradominicata.com\/#website"},"datePublished":"2024-05-30T08:40:23+00:00","dateModified":"2025-02-05T11:38:53+00:00","breadcrumb":{"@id":"https:\/\/terradominicata.com\/politica-de-privacidad\/#breadcrumb"},"inLanguage":"fr-FR","potentialAction":[{"@type":"ReadAction","target":["https:\/\/terradominicata.com\/politica-de-privacidad\/"]}]},{"@type":"BreadcrumbList","@id":"https:\/\/terradominicata.com\/politica-de-privacidad\/#breadcrumb","itemListElement":[{"@type":"ListItem","position":1,"name":"Portada","item":"https:\/\/terradominicata.com\/"},{"@type":"ListItem","position":2,"name":"Pol\u00edtica de privacidad"}]},{"@type":"WebSite","@id":"https:\/\/terradominicata.com\/#website","url":"https:\/\/terradominicata.com\/","name":"Terra Dominicata","description":"","publisher":{"@id":"https:\/\/terradominicata.com\/#organization"},"potentialAction":[{"@type":"SearchAction","target":{"@type":"EntryPoint","urlTemplate":"https:\/\/terradominicata.com\/?s={search_term_string}"},"query-input":"required name=search_term_string"}],"inLanguage":"fr-FR"},{"@type":"Organization","@id":"https:\/\/terradominicata.com\/#organization","name":"Terra Dominicata","url":"https:\/\/terradominicata.com\/","logo":{"@type":"ImageObject","inLanguage":"fr-FR","@id":"https:\/\/terradominicata.com\/#\/schema\/logo\/image\/","url":"https:\/\/terradominicata.com\/wp-content\/uploads\/2024\/05\/Recurso-1.svg","contentUrl":"https:\/\/terradominicata.com\/wp-content\/uploads\/2024\/05\/Recurso-1.svg","width":427,"height":91,"caption":"Terra Dominicata"},"image":{"@id":"https:\/\/terradominicata.com\/#\/schema\/logo\/image\/"}}]}},"_links":{"self":[{"href":"https:\/\/terradominicata.com\/fr\/wp-json\/wp\/v2\/pages\/3","targetHints":{"allow":["GET"]}}],"collection":[{"href":"https:\/\/terradominicata.com\/fr\/wp-json\/wp\/v2\/pages"}],"about":[{"href":"https:\/\/terradominicata.com\/fr\/wp-json\/wp\/v2\/types\/page"}],"author":[{"embeddable":true,"href":"https:\/\/terradominicata.com\/fr\/wp-json\/wp\/v2\/users\/1"}],"replies":[{"embeddable":true,"href":"https:\/\/terradominicata.com\/fr\/wp-json\/wp\/v2\/comments?post=3"}],"version-history":[{"count":0,"href":"https:\/\/terradominicata.com\/fr\/wp-json\/wp\/v2\/pages\/3\/revisions"}],"wp:attachment":[{"href":"https:\/\/terradominicata.com\/fr\/wp-json\/wp\/v2\/media?parent=3"}],"curies":[{"name":"wp","href":"https:\/\/api.w.org\/{rel}","templated":true}]}}