{"id":3651,"date":"2025-01-26T19:20:28","date_gmt":"2025-01-26T18:20:28","guid":{"rendered":"https:\/\/terradominicata.com\/?page_id=3651"},"modified":"2025-01-30T12:35:55","modified_gmt":"2025-01-30T11:35:55","slug":"carta-de-masajes","status":"publish","type":"page","link":"https:\/\/terradominicata.com\/fr\/carta-de-masajes\/","title":{"rendered":"Menu des massages"},"content":{"rendered":"<div data-elementor-type=\"wp-page\" data-elementor-id=\"3651\" class=\"elementor elementor-3651\" data-elementor-post-type=\"page\">\n\t\t\t\t<div class=\"elementor-element elementor-element-618f9b3a e-con-full e-flex e-con e-parent\" data-id=\"618f9b3a\" data-element_type=\"container\">\n\t\t\t\t<div class=\"elementor-element elementor-element-735b8fd7 elementor-pagination-type-progressbar elementor-widget elementor-widget-n-carousel\" data-id=\"735b8fd7\" data-element_type=\"widget\" data-settings=\"{&quot;carousel_items&quot;:[{&quot;slide_title&quot;:&quot;Slide #1&quot;,&quot;_id&quot;:&quot;9839c43&quot;}],&quot;slides_to_show&quot;:&quot;1&quot;,&quot;pagination&quot;:&quot;progressbar&quot;,&quot;slides_to_show_tablet&quot;:&quot;1&quot;,&quot;slides_to_show_mobile&quot;:&quot;1&quot;,&quot;autoplay&quot;:&quot;yes&quot;,&quot;autoplay_speed&quot;:5000,&quot;infinite&quot;:&quot;yes&quot;,&quot;speed&quot;:500,&quot;image_spacing_custom&quot;:{&quot;unit&quot;:&quot;px&quot;,&quot;size&quot;:10,&quot;sizes&quot;:[]},&quot;image_spacing_custom_tablet&quot;:{&quot;unit&quot;:&quot;px&quot;,&quot;size&quot;:&quot;&quot;,&quot;sizes&quot;:[]},&quot;image_spacing_custom_mobile&quot;:{&quot;unit&quot;:&quot;px&quot;,&quot;size&quot;:&quot;&quot;,&quot;sizes&quot;:[]}}\" data-widget_type=\"nested-carousel.default\">\n\t\t\t\t<div class=\"elementor-widget-container\">\n\t\t\t\t\t<div class=\"e-n-carousel swiper\" dir=\"ltr\">\n\t\t\t<div class=\"swiper-wrapper\" aria-live=\"off\">\n\t\t\t\t\t\t\t\t\t\t<div class=\"swiper-slide\" data-slide=\"1\" role=\"group\" aria-roledescription=\"slide\" aria-label=\"1 of 1\">\n\t\t\t\t\t\t\t<div class=\"elementor-element elementor-element-5720d32b e-con-full e-flex e-con e-child\" data-id=\"5720d32b\" data-element_type=\"container\" data-settings=\"{&quot;background_background&quot;:&quot;classic&quot;}\">\n\t\t\t\t<div class=\"elementor-element elementor-element-6be92bf2 elementor-widget__width-inherit elementor-widget elementor-widget-heading\" data-id=\"6be92bf2\" data-element_type=\"widget\" data-widget_type=\"heading.default\">\n\t\t\t\t<div class=\"elementor-widget-container\">\n\t\t\t<h1 class=\"elementor-heading-title elementor-size-default\">El Niu, notre salle de massage<\/h1>\t\t<\/div>\n\t\t\t\t<\/div>\n\t\t\t\t<div class=\"elementor-element elementor-element-17161cab elementor-widget__width-initial elementor-widget elementor-widget-heading\" data-id=\"17161cab\" data-element_type=\"widget\" data-widget_type=\"heading.default\">\n\t\t\t\t<div class=\"elementor-widget-container\">\n\t\t\t<h6 class=\"elementor-heading-title elementor-size-default\">Demandez le type de massage que vous souhaitez.<\/h6>\t\t<\/div>\n\t\t\t\t<\/div>\n\t\t\t\t<\/div>\n\t\t\t\t\t\t\t\t<\/div>\n\t\t\t\t\t\t\t\t<\/div>\n\t\t<\/div>\n\t\t\t\t\t\t\t<div class=\"swiper-pagination\"><\/div>\n\t\t\t\t<\/div>\n\t\t\t\t<\/div>\n\t\t\t\t<\/div>\n\t\t<div class=\"elementor-element elementor-element-8fd91f4 e-flex e-con-boxed e-con e-parent\" data-id=\"8fd91f4\" data-element_type=\"container\">\n\t\t\t\t\t<div class=\"e-con-inner\">\n\t\t\t\t<div class=\"elementor-element elementor-element-dfa03c4 elementor-widget elementor-widget-text-editor\" data-id=\"dfa03c4\" data-element_type=\"widget\" data-widget_type=\"text-editor.default\">\n\t\t\t\t<div class=\"elementor-widget-container\">\n\t\t\t\t\t\t\t<h3>Massage relaxant<\/h3>\n<p>Exp\u00e9rience r\u00e9g\u00e9n\u00e9rante \u00e0 base d&#039;huile d&#039;amande parfum\u00e9e au jasmin aux propri\u00e9t\u00e9s relaxantes et anti-stress. En agissant sur le dos, les jambes et les pieds, nous obtiendrons un effet relaxant et activerons le syst\u00e8me nerveux.<\/p>\n<h5><strong>50 minutes \u2013 110\u20ac<\/strong><\/h5>\n<h3>&nbsp;<\/h3>\n<h3>Massage d\u00e9contractant<\/h3>\n<p>Exp\u00e9rience relaxante \u00e0 base d&#039;huile d&#039;amande aromatis\u00e9e au romarin aux propri\u00e9t\u00e9s anti-inflammatoires qui agissent sur les zones \u00e0 traiter en apportant de la chaleur et en aidant \u00e0 dissoudre les contractions musculaires. Nous agirons en lib\u00e9rant les tensions au niveau du dos, de la poitrine et de la t\u00eate.<\/p>\n<h5><strong>50 minutes \u2013 110\u20ac<\/strong><\/h5>\n<p><\/p>\n<p><br><\/p><p>Disponibilit\u00e9 limit\u00e9e. R\u00e9servation pr\u00e9alable obligatoire. Renseignez-vous aupr\u00e8s de la r\u00e9ception.<\/p>\n<p>Politique d&#039;annulation : Toute annulation moins de 24 heures \u00e0 l&#039;avance entra\u00eenera des frais de service 50%.<\/p>\t\t\t\t\t\t<\/div>\n\t\t\t\t<\/div>\n\t\t\t\t\t<\/div>\n\t\t\t\t<\/div>\n\t\t\t\t<\/div>","protected":false},"excerpt":{"rendered":"<p>El Niu, nuestra sala de masajes Solicite el tipo de masaje que desee. El Niu, nuestra sala de masajes Solicite el tipo de masaje que desee. Masaje Relajante Experiencia renovadora a base de aceite de almendra aromatizado con jazm\u00edn con propiedades relajantes y antiestr\u00e9s. Actuando sobre espalda, piernas y pies conseguiremos un efecto relajante y [&hellip;]<\/p>","protected":false},"author":3,"featured_media":0,"parent":0,"menu_order":0,"comment_status":"closed","ping_status":"closed","template":"","meta":{"site-sidebar-layout":"no-sidebar","site-content-layout":"","ast-site-content-layout":"full-width-container","site-content-style":"default","site-sidebar-style":"default","ast-global-header-display":"","ast-banner-title-visibility":"","ast-main-header-display":"","ast-hfb-above-header-display":"","ast-hfb-below-header-display":"","ast-hfb-mobile-header-display":"","site-post-title":"disabled","ast-breadcrumbs-content":"","ast-featured-img":"disabled","footer-sml-layout":"","theme-transparent-header-meta":"","adv-header-id-meta":"","stick-header-meta":"","header-above-stick-meta":"","header-main-stick-meta":"","header-below-stick-meta":"","astra-migrate-meta-layouts":"default","ast-page-background-enabled":"default","ast-page-background-meta":{"desktop":{"background-color":"var(--ast-global-color-4)","background-image":"","background-repeat":"repeat","background-position":"center center","background-size":"auto","background-attachment":"scroll","background-type":"","background-media":"","overlay-type":"","overlay-color":"","overlay-opacity":"","overlay-gradient":""},"tablet":{"background-color":"","background-image":"","background-repeat":"repeat","background-position":"center center","background-size":"auto","background-attachment":"scroll","background-type":"","background-media":"","overlay-type":"","overlay-color":"","overlay-opacity":"","overlay-gradient":""},"mobile":{"background-color":"","background-image":"","background-repeat":"repeat","background-position":"center center","background-size":"auto","background-attachment":"scroll","background-type":"","background-media":"","overlay-type":"","overlay-color":"","overlay-opacity":"","overlay-gradient":""}},"ast-content-background-meta":{"desktop":{"background-color":"var(--ast-global-color-5)","background-image":"","background-repeat":"repeat","background-position":"center center","background-size":"auto","background-attachment":"scroll","background-type":"","background-media":"","overlay-type":"","overlay-color":"","overlay-opacity":"","overlay-gradient":""},"tablet":{"background-color":"var(--ast-global-color-5)","background-image":"","background-repeat":"repeat","background-position":"center center","background-size":"auto","background-attachment":"scroll","background-type":"","background-media":"","overlay-type":"","overlay-color":"","overlay-opacity":"","overlay-gradient":""},"mobile":{"background-color":"var(--ast-global-color-5)","background-image":"","background-repeat":"repeat","background-position":"center center","background-size":"auto","background-attachment":"scroll","background-type":"","background-media":"","overlay-type":"","overlay-color":"","overlay-opacity":"","overlay-gradient":""}},"footnotes":""},"class_list":["post-3651","page","type-page","status-publish","hentry"],"acf":[],"yoast_head":"<!-- This site is optimized with the Yoast SEO plugin v23.0 - https:\/\/yoast.com\/wordpress\/plugins\/seo\/ -->\n<title>Carta de Masajes - Terra Dominicata<\/title>\n<meta name=\"robots\" content=\"index, follow, max-snippet:-1, max-image-preview:large, max-video-preview:-1\" \/>\n<link rel=\"canonical\" href=\"https:\/\/terradominicata.com\/fr\/carta-de-masajes\/\" \/>\n<meta property=\"og:locale\" content=\"fr_FR\" \/>\n<meta property=\"og:type\" content=\"article\" \/>\n<meta property=\"og:title\" content=\"Carta de Masajes - Terra Dominicata\" \/>\n<meta property=\"og:description\" content=\"El Niu, nuestra sala de masajes Solicite el tipo de masaje que desee. El Niu, nuestra sala de masajes Solicite el tipo de masaje que desee. Masaje Relajante Experiencia renovadora a base de aceite de almendra aromatizado con jazm\u00edn con propiedades relajantes y antiestr\u00e9s. Actuando sobre espalda, piernas y pies conseguiremos un efecto relajante y [&hellip;]\" \/>\n<meta property=\"og:url\" content=\"https:\/\/terradominicata.com\/fr\/carta-de-masajes\/\" \/>\n<meta property=\"og:site_name\" content=\"Terra Dominicata\" \/>\n<meta property=\"article:modified_time\" content=\"2025-01-30T11:35:55+00:00\" \/>\n<meta name=\"twitter:card\" content=\"summary_large_image\" \/>\n<meta name=\"twitter:label1\" content=\"Dur\u00e9e de lecture estim\u00e9e\" \/>\n\t<meta name=\"twitter:data1\" content=\"1 minute\" \/>\n<script type=\"application\/ld+json\" class=\"yoast-schema-graph\">{\"@context\":\"https:\/\/schema.org\",\"@graph\":[{\"@type\":\"WebPage\",\"@id\":\"https:\/\/terradominicata.com\/carta-de-masajes\/\",\"url\":\"https:\/\/terradominicata.com\/carta-de-masajes\/\",\"name\":\"Carta de Masajes - Terra Dominicata\",\"isPartOf\":{\"@id\":\"https:\/\/terradominicata.com\/#website\"},\"datePublished\":\"2025-01-26T18:20:28+00:00\",\"dateModified\":\"2025-01-30T11:35:55+00:00\",\"breadcrumb\":{\"@id\":\"https:\/\/terradominicata.com\/carta-de-masajes\/#breadcrumb\"},\"inLanguage\":\"fr-FR\",\"potentialAction\":[{\"@type\":\"ReadAction\",\"target\":[\"https:\/\/terradominicata.com\/carta-de-masajes\/\"]}]},{\"@type\":\"BreadcrumbList\",\"@id\":\"https:\/\/terradominicata.com\/carta-de-masajes\/#breadcrumb\",\"itemListElement\":[{\"@type\":\"ListItem\",\"position\":1,\"name\":\"Portada\",\"item\":\"https:\/\/terradominicata.com\/\"},{\"@type\":\"ListItem\",\"position\":2,\"name\":\"Carta de Masajes\"}]},{\"@type\":\"WebSite\",\"@id\":\"https:\/\/terradominicata.com\/#website\",\"url\":\"https:\/\/terradominicata.com\/\",\"name\":\"Terra Dominicata\",\"description\":\"\",\"publisher\":{\"@id\":\"https:\/\/terradominicata.com\/#organization\"},\"potentialAction\":[{\"@type\":\"SearchAction\",\"target\":{\"@type\":\"EntryPoint\",\"urlTemplate\":\"https:\/\/terradominicata.com\/?s={search_term_string}\"},\"query-input\":\"required name=search_term_string\"}],\"inLanguage\":\"fr-FR\"},{\"@type\":\"Organization\",\"@id\":\"https:\/\/terradominicata.com\/#organization\",\"name\":\"Terra Dominicata\",\"url\":\"https:\/\/terradominicata.com\/\",\"logo\":{\"@type\":\"ImageObject\",\"inLanguage\":\"fr-FR\",\"@id\":\"https:\/\/terradominicata.com\/#\/schema\/logo\/image\/\",\"url\":\"https:\/\/terradominicata.com\/wp-content\/uploads\/2024\/05\/Recurso-1.svg\",\"contentUrl\":\"https:\/\/terradominicata.com\/wp-content\/uploads\/2024\/05\/Recurso-1.svg\",\"width\":427,\"height\":91,\"caption\":\"Terra Dominicata\"},\"image\":{\"@id\":\"https:\/\/terradominicata.com\/#\/schema\/logo\/image\/\"}}]}<\/script>\n<!-- \/ Yoast SEO plugin. -->","yoast_head_json":{"title":"Carta de Masajes - Terra Dominicata","robots":{"index":"index","follow":"follow","max-snippet":"max-snippet:-1","max-image-preview":"max-image-preview:large","max-video-preview":"max-video-preview:-1"},"canonical":"https:\/\/terradominicata.com\/fr\/carta-de-masajes\/","og_locale":"fr_FR","og_type":"article","og_title":"Carta de Masajes - Terra Dominicata","og_description":"El Niu, nuestra sala de masajes Solicite el tipo de masaje que desee. El Niu, nuestra sala de masajes Solicite el tipo de masaje que desee. Masaje Relajante Experiencia renovadora a base de aceite de almendra aromatizado con jazm\u00edn con propiedades relajantes y antiestr\u00e9s. Actuando sobre espalda, piernas y pies conseguiremos un efecto relajante y [&hellip;]","og_url":"https:\/\/terradominicata.com\/fr\/carta-de-masajes\/","og_site_name":"Terra Dominicata","article_modified_time":"2025-01-30T11:35:55+00:00","twitter_card":"summary_large_image","twitter_misc":{"Dur\u00e9e de lecture estim\u00e9e":"1 minute"},"schema":{"@context":"https:\/\/schema.org","@graph":[{"@type":"WebPage","@id":"https:\/\/terradominicata.com\/carta-de-masajes\/","url":"https:\/\/terradominicata.com\/carta-de-masajes\/","name":"Carta de Masajes - Terra Dominicata","isPartOf":{"@id":"https:\/\/terradominicata.com\/#website"},"datePublished":"2025-01-26T18:20:28+00:00","dateModified":"2025-01-30T11:35:55+00:00","breadcrumb":{"@id":"https:\/\/terradominicata.com\/carta-de-masajes\/#breadcrumb"},"inLanguage":"fr-FR","potentialAction":[{"@type":"ReadAction","target":["https:\/\/terradominicata.com\/carta-de-masajes\/"]}]},{"@type":"BreadcrumbList","@id":"https:\/\/terradominicata.com\/carta-de-masajes\/#breadcrumb","itemListElement":[{"@type":"ListItem","position":1,"name":"Portada","item":"https:\/\/terradominicata.com\/"},{"@type":"ListItem","position":2,"name":"Carta de Masajes"}]},{"@type":"WebSite","@id":"https:\/\/terradominicata.com\/#website","url":"https:\/\/terradominicata.com\/","name":"Terra Dominicata","description":"","publisher":{"@id":"https:\/\/terradominicata.com\/#organization"},"potentialAction":[{"@type":"SearchAction","target":{"@type":"EntryPoint","urlTemplate":"https:\/\/terradominicata.com\/?s={search_term_string}"},"query-input":"required name=search_term_string"}],"inLanguage":"fr-FR"},{"@type":"Organization","@id":"https:\/\/terradominicata.com\/#organization","name":"Terra Dominicata","url":"https:\/\/terradominicata.com\/","logo":{"@type":"ImageObject","inLanguage":"fr-FR","@id":"https:\/\/terradominicata.com\/#\/schema\/logo\/image\/","url":"https:\/\/terradominicata.com\/wp-content\/uploads\/2024\/05\/Recurso-1.svg","contentUrl":"https:\/\/terradominicata.com\/wp-content\/uploads\/2024\/05\/Recurso-1.svg","width":427,"height":91,"caption":"Terra Dominicata"},"image":{"@id":"https:\/\/terradominicata.com\/#\/schema\/logo\/image\/"}}]}},"_links":{"self":[{"href":"https:\/\/terradominicata.com\/fr\/wp-json\/wp\/v2\/pages\/3651","targetHints":{"allow":["GET"]}}],"collection":[{"href":"https:\/\/terradominicata.com\/fr\/wp-json\/wp\/v2\/pages"}],"about":[{"href":"https:\/\/terradominicata.com\/fr\/wp-json\/wp\/v2\/types\/page"}],"author":[{"embeddable":true,"href":"https:\/\/terradominicata.com\/fr\/wp-json\/wp\/v2\/users\/3"}],"replies":[{"embeddable":true,"href":"https:\/\/terradominicata.com\/fr\/wp-json\/wp\/v2\/comments?post=3651"}],"version-history":[{"count":0,"href":"https:\/\/terradominicata.com\/fr\/wp-json\/wp\/v2\/pages\/3651\/revisions"}],"wp:attachment":[{"href":"https:\/\/terradominicata.com\/fr\/wp-json\/wp\/v2\/media?parent=3651"}],"curies":[{"name":"wp","href":"https:\/\/api.w.org\/{rel}","templated":true}]}}