{"id":3691,"date":"2025-01-27T19:58:02","date_gmt":"2025-01-27T18:58:02","guid":{"rendered":"https:\/\/terradominicata.com\/?page_id=3691"},"modified":"2025-01-27T19:59:11","modified_gmt":"2025-01-27T18:59:11","slug":"politica-de-envio","status":"publish","type":"page","link":"https:\/\/terradominicata.com\/fr\/politica-de-envio\/","title":{"rendered":"Politique d&#039;exp\u00e9dition"},"content":{"rendered":"<div data-elementor-type=\"wp-page\" data-elementor-id=\"3691\" class=\"elementor elementor-3691\" data-elementor-post-type=\"page\">\n\t\t\t\t<div class=\"elementor-element elementor-element-102b8578 e-flex e-con-boxed e-con e-parent\" data-id=\"102b8578\" data-element_type=\"container\">\n\t\t\t\t\t<div class=\"e-con-inner\">\n\t\t\t\t\t<\/div>\n\t\t\t\t<\/div>\n\t\t<div class=\"elementor-element elementor-element-6f6ba01 e-flex e-con-boxed e-con e-parent\" data-id=\"6f6ba01\" data-element_type=\"container\">\n\t\t\t\t\t<div class=\"e-con-inner\">\n\t\t\t\t<div class=\"elementor-element elementor-element-32947da elementor-widget elementor-widget-text-editor\" data-id=\"32947da\" data-element_type=\"widget\" data-widget_type=\"text-editor.default\">\n\t\t\t\t<div class=\"elementor-widget-container\">\n\t\t\t\t\t\t\t<div class=\"u2pext1a u2pext19 _1fragem28 _1fragem7d _1fragemmc u2pext1e u2pext1b _1fragemiw _1fragemh3 _1fragemf0\"><div id=\"shipping-policy-policy-modalTitle\" class=\"u2pext1i u2pext1h _1fragemnq _1fragemkk\"><h3 class=\"n8k95w1 n8k95w0 _1fragemlj n8k95w2\">Politique d&#039;exp\u00e9dition<\/h3><\/div><button class=\"u2pext1k u2pext1j _1fragemeg _1fragemg9 _1fragemcn _1fragemi2 _1fragemle _1fragemqg _1fragemqy _1fragem1y _1fragemt0 _1fragemt5 _1fragemsi _1fragemsn _1fragemsc _1fragemsw\" type=\"button\" aria-label=\"Fermer\"><\/button><\/div><div class=\"u2pext13 u2pext12 _1fragemnq u2pext1o u2pext1n _1fragemiw _1fragemh3 _1fragemd7\"><div class=\"jHvVd\"><div class=\"go06b0\"><p><strong>Combien de temps faudra-t-il pour que ma commande arrive ?<\/strong><\/p><ul><li>Pour les ch\u00e8ques cadeaux : nous vous l&#039;enverrons par email dans un d\u00e9lai maximum de 24h.<\/li><li>Pour le vin : le d\u00e9lai de livraison des commandes est de 24 \u00e0 72 heures ouvr\u00e9es \u00e0 compter de la passation de la commande (uniquement pour les exp\u00e9ditions p\u00e9ninsulaires). Pour le reste des destinations, le d\u00e9lai est de 3 \u00e0 6 jours.<\/li><\/ul><p>Si pour une raison quelconque la commande doit \u00eatre retard\u00e9e, nous vous contacterons pour vous en informer.<\/p><p>Une fois la commande pass\u00e9e, aucune modification de l&#039;adresse de livraison n&#039;est autoris\u00e9e, sauf si les frais sont \u00e0 la charge du client et si cela est express\u00e9ment accept\u00e9 par les parties.<\/p><p><strong>Quel est le co\u00fbt d&#039;exp\u00e9dition ?<\/strong><\/p><ul><li>Pour les ch\u00e8ques cadeaux : l&#039;exp\u00e9dition par email est gratuite.<\/li><li>Pour le vin : le co\u00fbt d\u00e9pend de son poids :<ul><li>Espagne (p\u00e9ninsule) : jusqu&#039;\u00e0 6 bouteilles de 75cl., 9 \u20ac<\/li><li>\u00celes Bal\u00e9ares : jusqu&#039;\u00e0 6 bouteilles de 75cl., 15 \u20ac<\/li><li>\u00celes Canaries, Ceuta et Melilla : nous n&#039;exp\u00e9dions pas<\/li><li>Pays de l&#039;UE : jusqu&#039;\u00e0 6 bouteilles de 75cl., 20 \u20ac<\/li><li>Suisse : jusqu&#039;\u00e0 6 bouteilles de 75cl., 30 \u20ac<\/li><li>USA : jusqu&#039;\u00e0 6 bouteilles de 75cl., 120 \u20ac<\/li><\/ul><\/li><\/ul><p><strong>Que se passe-t-il si je ne suis pas \u00e0 l&#039;adresse que j&#039;ai indiqu\u00e9e lorsque le coursier va livrer la commande ?<\/strong><\/p><p>Apr\u00e8s une premi\u00e8re tentative de livraison, le transporteur vous laissera un avis de passage afin que vous puissiez le contacter et fixer une nouvelle date de livraison. Cette livraison peut \u00eatre effectu\u00e9e \u00e0 l&#039;adresse de livraison que vous nous avez indiqu\u00e9e ou \u00e0 l&#039;un des bureaux du transporteur.<br \/>Apr\u00e8s une nouvelle tentative infructueuse, votre commande sera annul\u00e9e et nous vous rembourserons le montant diminu\u00e9 des frais de retour du colis.<\/p><p><strong>Que dois-je faire si ma commande n&#039;arrive pas ?<\/strong><\/p><p>Si apr\u00e8s un d\u00e9lai de 5 jours ouvr\u00e9s \u00e0 compter de la confirmation de votre commande vous ne l&#039;avez pas re\u00e7u, veuillez nous contacter par email e.vives@terradominicata.com<\/p><\/div><\/div><\/div>\t\t\t\t\t\t<\/div>\n\t\t\t\t<\/div>\n\t\t\t\t\t<\/div>\n\t\t\t\t<\/div>\n\t\t\t\t<\/div>","protected":false},"excerpt":{"rendered":"<p>Pol\u00edtica de env\u00edo \u00bfCu\u00e1nto tardar\u00e1 en llegar mi pedido? Para los bonos regalo: se lo enviareos por email en un plazo m\u00e1ximo de 24h. Para el vino: el plazo de entrega de los pedidos es de 24-72 horas laborables desde que se realiza el pedido (\u00fanicamente para env\u00edos peninsulares). Para el resto de destinos el [&hellip;]<\/p>","protected":false},"author":3,"featured_media":0,"parent":0,"menu_order":0,"comment_status":"closed","ping_status":"closed","template":"","meta":{"site-sidebar-layout":"default","site-content-layout":"","ast-site-content-layout":"","site-content-style":"default","site-sidebar-style":"default","ast-global-header-display":"","ast-banner-title-visibility":"","ast-main-header-display":"","ast-hfb-above-header-display":"","ast-hfb-below-header-display":"","ast-hfb-mobile-header-display":"","site-post-title":"","ast-breadcrumbs-content":"","ast-featured-img":"","footer-sml-layout":"","theme-transparent-header-meta":"","adv-header-id-meta":"","stick-header-meta":"","header-above-stick-meta":"","header-main-stick-meta":"","header-below-stick-meta":"","astra-migrate-meta-layouts":"default","ast-page-background-enabled":"default","ast-page-background-meta":{"desktop":{"background-color":"var(--ast-global-color-4)","background-image":"","background-repeat":"repeat","background-position":"center center","background-size":"auto","background-attachment":"scroll","background-type":"","background-media":"","overlay-type":"","overlay-color":"","overlay-opacity":"","overlay-gradient":""},"tablet":{"background-color":"","background-image":"","background-repeat":"repeat","background-position":"center center","background-size":"auto","background-attachment":"scroll","background-type":"","background-media":"","overlay-type":"","overlay-color":"","overlay-opacity":"","overlay-gradient":""},"mobile":{"background-color":"","background-image":"","background-repeat":"repeat","background-position":"center center","background-size":"auto","background-attachment":"scroll","background-type":"","background-media":"","overlay-type":"","overlay-color":"","overlay-opacity":"","overlay-gradient":""}},"ast-content-background-meta":{"desktop":{"background-color":"var(--ast-global-color-5)","background-image":"","background-repeat":"repeat","background-position":"center center","background-size":"auto","background-attachment":"scroll","background-type":"","background-media":"","overlay-type":"","overlay-color":"","overlay-opacity":"","overlay-gradient":""},"tablet":{"background-color":"var(--ast-global-color-5)","background-image":"","background-repeat":"repeat","background-position":"center center","background-size":"auto","background-attachment":"scroll","background-type":"","background-media":"","overlay-type":"","overlay-color":"","overlay-opacity":"","overlay-gradient":""},"mobile":{"background-color":"var(--ast-global-color-5)","background-image":"","background-repeat":"repeat","background-position":"center center","background-size":"auto","background-attachment":"scroll","background-type":"","background-media":"","overlay-type":"","overlay-color":"","overlay-opacity":"","overlay-gradient":""}},"footnotes":""},"class_list":["post-3691","page","type-page","status-publish","hentry"],"acf":[],"yoast_head":"<!-- This site is optimized with the Yoast SEO plugin v23.0 - https:\/\/yoast.com\/wordpress\/plugins\/seo\/ -->\n<title>Pol\u00edtica de env\u00edo - Terra Dominicata<\/title>\n<meta name=\"robots\" content=\"index, follow, max-snippet:-1, max-image-preview:large, max-video-preview:-1\" \/>\n<link rel=\"canonical\" href=\"https:\/\/terradominicata.com\/fr\/politica-de-envio\/\" \/>\n<meta property=\"og:locale\" content=\"fr_FR\" \/>\n<meta property=\"og:type\" content=\"article\" \/>\n<meta property=\"og:title\" content=\"Pol\u00edtica de env\u00edo - Terra Dominicata\" \/>\n<meta property=\"og:description\" content=\"Pol\u00edtica de env\u00edo \u00bfCu\u00e1nto tardar\u00e1 en llegar mi pedido? Para los bonos regalo: se lo enviareos por email en un plazo m\u00e1ximo de 24h. Para el vino: el plazo de entrega de los pedidos es de 24-72 horas laborables desde que se realiza el pedido (\u00fanicamente para env\u00edos peninsulares). Para el resto de destinos el [&hellip;]\" \/>\n<meta property=\"og:url\" content=\"https:\/\/terradominicata.com\/fr\/politica-de-envio\/\" \/>\n<meta property=\"og:site_name\" content=\"Terra Dominicata\" \/>\n<meta property=\"article:modified_time\" content=\"2025-01-27T18:59:11+00:00\" \/>\n<meta name=\"twitter:card\" content=\"summary_large_image\" \/>\n<meta name=\"twitter:label1\" content=\"Dur\u00e9e de lecture estim\u00e9e\" \/>\n\t<meta name=\"twitter:data1\" content=\"2 minutes\" \/>\n<script type=\"application\/ld+json\" class=\"yoast-schema-graph\">{\"@context\":\"https:\/\/schema.org\",\"@graph\":[{\"@type\":\"WebPage\",\"@id\":\"https:\/\/terradominicata.com\/politica-de-envio\/\",\"url\":\"https:\/\/terradominicata.com\/politica-de-envio\/\",\"name\":\"Pol\u00edtica de env\u00edo - Terra Dominicata\",\"isPartOf\":{\"@id\":\"https:\/\/terradominicata.com\/#website\"},\"datePublished\":\"2025-01-27T18:58:02+00:00\",\"dateModified\":\"2025-01-27T18:59:11+00:00\",\"breadcrumb\":{\"@id\":\"https:\/\/terradominicata.com\/politica-de-envio\/#breadcrumb\"},\"inLanguage\":\"fr-FR\",\"potentialAction\":[{\"@type\":\"ReadAction\",\"target\":[\"https:\/\/terradominicata.com\/politica-de-envio\/\"]}]},{\"@type\":\"BreadcrumbList\",\"@id\":\"https:\/\/terradominicata.com\/politica-de-envio\/#breadcrumb\",\"itemListElement\":[{\"@type\":\"ListItem\",\"position\":1,\"name\":\"Portada\",\"item\":\"https:\/\/terradominicata.com\/\"},{\"@type\":\"ListItem\",\"position\":2,\"name\":\"Pol\u00edtica de env\u00edo\"}]},{\"@type\":\"WebSite\",\"@id\":\"https:\/\/terradominicata.com\/#website\",\"url\":\"https:\/\/terradominicata.com\/\",\"name\":\"Terra Dominicata\",\"description\":\"\",\"publisher\":{\"@id\":\"https:\/\/terradominicata.com\/#organization\"},\"potentialAction\":[{\"@type\":\"SearchAction\",\"target\":{\"@type\":\"EntryPoint\",\"urlTemplate\":\"https:\/\/terradominicata.com\/?s={search_term_string}\"},\"query-input\":\"required name=search_term_string\"}],\"inLanguage\":\"fr-FR\"},{\"@type\":\"Organization\",\"@id\":\"https:\/\/terradominicata.com\/#organization\",\"name\":\"Terra Dominicata\",\"url\":\"https:\/\/terradominicata.com\/\",\"logo\":{\"@type\":\"ImageObject\",\"inLanguage\":\"fr-FR\",\"@id\":\"https:\/\/terradominicata.com\/#\/schema\/logo\/image\/\",\"url\":\"https:\/\/terradominicata.com\/wp-content\/uploads\/2024\/05\/Recurso-1.svg\",\"contentUrl\":\"https:\/\/terradominicata.com\/wp-content\/uploads\/2024\/05\/Recurso-1.svg\",\"width\":427,\"height\":91,\"caption\":\"Terra Dominicata\"},\"image\":{\"@id\":\"https:\/\/terradominicata.com\/#\/schema\/logo\/image\/\"}}]}<\/script>\n<!-- \/ Yoast SEO plugin. -->","yoast_head_json":{"title":"Pol\u00edtica de env\u00edo - Terra Dominicata","robots":{"index":"index","follow":"follow","max-snippet":"max-snippet:-1","max-image-preview":"max-image-preview:large","max-video-preview":"max-video-preview:-1"},"canonical":"https:\/\/terradominicata.com\/fr\/politica-de-envio\/","og_locale":"fr_FR","og_type":"article","og_title":"Pol\u00edtica de env\u00edo - Terra Dominicata","og_description":"Pol\u00edtica de env\u00edo \u00bfCu\u00e1nto tardar\u00e1 en llegar mi pedido? Para los bonos regalo: se lo enviareos por email en un plazo m\u00e1ximo de 24h. Para el vino: el plazo de entrega de los pedidos es de 24-72 horas laborables desde que se realiza el pedido (\u00fanicamente para env\u00edos peninsulares). Para el resto de destinos el [&hellip;]","og_url":"https:\/\/terradominicata.com\/fr\/politica-de-envio\/","og_site_name":"Terra Dominicata","article_modified_time":"2025-01-27T18:59:11+00:00","twitter_card":"summary_large_image","twitter_misc":{"Dur\u00e9e de lecture estim\u00e9e":"2 minutes"},"schema":{"@context":"https:\/\/schema.org","@graph":[{"@type":"WebPage","@id":"https:\/\/terradominicata.com\/politica-de-envio\/","url":"https:\/\/terradominicata.com\/politica-de-envio\/","name":"Pol\u00edtica de env\u00edo - Terra Dominicata","isPartOf":{"@id":"https:\/\/terradominicata.com\/#website"},"datePublished":"2025-01-27T18:58:02+00:00","dateModified":"2025-01-27T18:59:11+00:00","breadcrumb":{"@id":"https:\/\/terradominicata.com\/politica-de-envio\/#breadcrumb"},"inLanguage":"fr-FR","potentialAction":[{"@type":"ReadAction","target":["https:\/\/terradominicata.com\/politica-de-envio\/"]}]},{"@type":"BreadcrumbList","@id":"https:\/\/terradominicata.com\/politica-de-envio\/#breadcrumb","itemListElement":[{"@type":"ListItem","position":1,"name":"Portada","item":"https:\/\/terradominicata.com\/"},{"@type":"ListItem","position":2,"name":"Pol\u00edtica de env\u00edo"}]},{"@type":"WebSite","@id":"https:\/\/terradominicata.com\/#website","url":"https:\/\/terradominicata.com\/","name":"Terra Dominicata","description":"","publisher":{"@id":"https:\/\/terradominicata.com\/#organization"},"potentialAction":[{"@type":"SearchAction","target":{"@type":"EntryPoint","urlTemplate":"https:\/\/terradominicata.com\/?s={search_term_string}"},"query-input":"required name=search_term_string"}],"inLanguage":"fr-FR"},{"@type":"Organization","@id":"https:\/\/terradominicata.com\/#organization","name":"Terra Dominicata","url":"https:\/\/terradominicata.com\/","logo":{"@type":"ImageObject","inLanguage":"fr-FR","@id":"https:\/\/terradominicata.com\/#\/schema\/logo\/image\/","url":"https:\/\/terradominicata.com\/wp-content\/uploads\/2024\/05\/Recurso-1.svg","contentUrl":"https:\/\/terradominicata.com\/wp-content\/uploads\/2024\/05\/Recurso-1.svg","width":427,"height":91,"caption":"Terra Dominicata"},"image":{"@id":"https:\/\/terradominicata.com\/#\/schema\/logo\/image\/"}}]}},"_links":{"self":[{"href":"https:\/\/terradominicata.com\/fr\/wp-json\/wp\/v2\/pages\/3691","targetHints":{"allow":["GET"]}}],"collection":[{"href":"https:\/\/terradominicata.com\/fr\/wp-json\/wp\/v2\/pages"}],"about":[{"href":"https:\/\/terradominicata.com\/fr\/wp-json\/wp\/v2\/types\/page"}],"author":[{"embeddable":true,"href":"https:\/\/terradominicata.com\/fr\/wp-json\/wp\/v2\/users\/3"}],"replies":[{"embeddable":true,"href":"https:\/\/terradominicata.com\/fr\/wp-json\/wp\/v2\/comments?post=3691"}],"version-history":[{"count":0,"href":"https:\/\/terradominicata.com\/fr\/wp-json\/wp\/v2\/pages\/3691\/revisions"}],"wp:attachment":[{"href":"https:\/\/terradominicata.com\/fr\/wp-json\/wp\/v2\/media?parent=3691"}],"curies":[{"name":"wp","href":"https:\/\/api.w.org\/{rel}","templated":true}]}}