{"id":3701,"date":"2025-01-28T10:06:15","date_gmt":"2025-01-28T09:06:15","guid":{"rendered":"https:\/\/terradominicata.com\/?page_id=3701"},"modified":"2025-02-05T12:34:28","modified_gmt":"2025-02-05T11:34:28","slug":"terminos-del-servicio","status":"publish","type":"page","link":"https:\/\/terradominicata.com\/fr\/terminos-del-servicio\/","title":{"rendered":"Conditions d&#039;utilisation"},"content":{"rendered":"<div data-elementor-type=\"wp-page\" data-elementor-id=\"3701\" class=\"elementor elementor-3701\" data-elementor-post-type=\"page\">\n\t\t\t\t<div class=\"elementor-element elementor-element-17b3fa1a e-flex e-con-boxed e-con e-parent\" data-id=\"17b3fa1a\" data-element_type=\"container\">\n\t\t\t\t\t<div class=\"e-con-inner\">\n\t\t\t\t\t<\/div>\n\t\t\t\t<\/div>\n\t\t<div class=\"elementor-element elementor-element-f48b0b2 e-flex e-con-boxed e-con e-parent\" data-id=\"f48b0b2\" data-element_type=\"container\">\n\t\t\t\t\t<div class=\"e-con-inner\">\n\t\t\t\t<div class=\"elementor-element elementor-element-55de21b elementor-widget elementor-widget-text-editor\" data-id=\"55de21b\" data-element_type=\"widget\" data-widget_type=\"text-editor.default\">\n\t\t\t\t<div class=\"elementor-widget-container\">\n\t\t\t\t\t\t\t<div class=\"u2pext1a u2pext19 _1fragem28 _1fragem7d _1fragemmc u2pext1e u2pext1b _1fragemiw _1fragemh3 _1fragemf0\"><div id=\"privacy-policy-policy-modalTitle\" class=\"u2pext1i u2pext1h _1fragemnq _1fragemkk\"><h4>Conditions d&#039;utilisation<\/h4><p>1. Identification du propri\u00e9taire du Site Internet<br \/>H\u00f4tels Wine Friendly SL<br \/>B65163941<br \/>Avenue Baix Llobregat 9-11<br \/>08820 \u2013 Le Prat de Llobregat<\/p><p>2. Acceptation de l&#039;utilisateur<br \/>Les pr\u00e9sentes Conditions d&#039;Utilisation r\u00e9gissent l&#039;acc\u00e8s et l&#039;utilisation de la page Web http:\/\/www.terradominicata.com que Wine Friendly Hotels SL met \u00e0 la disposition des Utilisateurs sur Internet.<\/p><p>Wine Friendly Hotels SL peut offrir, \u00e0 travers le site Web, des services qui peuvent \u00eatre soumis \u00e0 ses propres conditions particuli\u00e8res dont l&#039;utilisateur sera inform\u00e9 dans chaque cas sp\u00e9cifique.<\/p><p>L&#039;acc\u00e8s et la navigation impliquent l&#039;acceptation sans r\u00e9serve des pr\u00e9sentes Conditions d&#039;Utilisation.<\/p><p>3. Acc\u00e8s au site Internet<br \/>Cette page Web s&#039;adresse exclusivement aux utilisateurs majeurs (18 ans). De mani\u00e8re g\u00e9n\u00e9rale, une inscription pr\u00e9alable en tant qu&#039;Utilisateur n&#039;est pas requise pour acc\u00e9der et utiliser le Site Web, sans pr\u00e9judice du fait qu&#039;une telle inscription doit \u00eatre effectu\u00e9e pour utiliser certains services ou contenus de celui-ci.<\/p><p>Les donn\u00e9es des utilisateurs obtenues via l\u2019abonnement ou l\u2019inscription sont prot\u00e9g\u00e9es par des mots de passe choisis par les utilisateurs eux-m\u00eames. L&#039;Utilisateur s&#039;engage \u00e0 conserver son mot de passe secret et \u00e0 le prot\u00e9ger de toute utilisation non autoris\u00e9e par des tiers. L&#039;Utilisateur doit informer imm\u00e9diatement Wine Friendly Hotels SL de toute utilisation non autoris\u00e9e de son compte ou de toute violation de s\u00e9curit\u00e9 li\u00e9e au service du Site Web, dont il aurait eu connaissance.<\/p><p>Wine Friendly Hotels SL adopte les mesures techniques et organisationnelles n\u00e9cessaires pour garantir la protection des donn\u00e9es personnelles et emp\u00eacher leur alt\u00e9ration, perte, traitement et\/ou acc\u00e8s non autoris\u00e9, en tenant compte de l&#039;\u00e9tat de la technique, de la nature des donn\u00e9es stock\u00e9es et de la nature de celles-ci. risques auxquels ils sont expos\u00e9s, le tout conform\u00e9ment aux dispositions de la l\u00e9gislation espagnole sur la protection des donn\u00e9es personnelles.<\/p><p>4. Utilisation correcte du Web<br \/>L&#039;Utilisateur s&#039;engage \u00e0 utiliser le Site Internet, les contenus et les services conform\u00e9ment \u00e0 la Loi, aux pr\u00e9sentes Conditions d&#039;Utilisation, aux bonnes m\u0153urs et \u00e0 l&#039;ordre public. De m\u00eame, l&#039;Utilisateur s&#039;engage \u00e0 ne pas utiliser le Site Web ou les services fournis par son interm\u00e9diaire, \u00e0 des fins ou avec des effets illicites ou contraires au contenu des pr\u00e9sentes Conditions d&#039;utilisation, pr\u00e9judiciables aux int\u00e9r\u00eats ou aux droits de tiers, ou de quelque mani\u00e8re que ce soit. peut endommager, d\u00e9sactiver ou d\u00e9t\u00e9riorer le Site Internet ou ses services, ou emp\u00eacher la jouissance normale du Site Internet par les autres Utilisateurs.<\/p><p>De m\u00eame, l&#039;Utilisateur s&#039;engage express\u00e9ment \u00e0 ne pas d\u00e9truire, alt\u00e9rer, d\u00e9sactiver ou, de toute autre mani\u00e8re, endommager les donn\u00e9es, programmes ou documents \u00e9lectroniques pr\u00e9sents sur le Site.<\/p><p>L&#039;Utilisateur s&#039;engage \u00e0 ne pas entraver l&#039;acc\u00e8s des autres Utilisateurs au service d&#039;acc\u00e8s par la consommation massive des ressources informatiques \u00e0 travers lesquelles Wine Friendly Hotels SL fournit le service, ainsi qu&#039;\u00e0 r\u00e9aliser des actions qui endommagent, interrompent ou g\u00e9n\u00e8rent des erreurs dans lesdits services. syst\u00e8mes.<\/p><p>L&#039;Utilisateur s&#039;engage \u00e0 ne pas introduire de programmes, virus, macros, applets, contr\u00f4les ActiveX ou tout autre dispositif logique ou s\u00e9quence de caract\u00e8res qui provoquent ou sont susceptibles de provoquer tout type d&#039;alt\u00e9ration dans les syst\u00e8mes informatiques de Wine Friendly Hotels SL ou de tiers.<\/p><p>5. Publicit\u00e9<br \/>Une partie du site Web peut contenir du contenu publicitaire ou \u00eatre sponsoris\u00e9e. Les annonceurs et les sponsors sont seuls responsables de s&#039;assurer que le mat\u00e9riel soumis pour inclusion sur le site Web est conforme aux lois qui peuvent \u00eatre applicables dans chaque cas.<\/p><p>Wine Friendly Hotels SL ne sera pas responsable de toute erreur, inexactitude ou irr\u00e9gularit\u00e9 qui pourrait \u00eatre incluse dans la publicit\u00e9 ou le contenu du sponsor. Dans tous les cas, pour d\u00e9poser toute r\u00e9clamation relative au contenu publicitaire ins\u00e9r\u00e9 sur ce site Web, vous pouvez contacter l&#039;adresse e-mail suivante : e.vives@terradominicata.com<\/p><p>6. Liens tiers<br \/>Ces conditions d&#039;utilisation se r\u00e9f\u00e8rent uniquement au site Web et au contenu de Wine Friendly Hotels SL. Elles ne s&#039;appliquent pas aux liens ou aux sites Web de tiers accessibles via le site Web.<\/p><p>Ces liens sont fournis uniquement pour informer l&#039;utilisateur de l&#039;existence d&#039;autres sources d&#039;informations sur un sujet sp\u00e9cifique, et l&#039;inclusion d&#039;un lien n&#039;implique pas l&#039;approbation de la page Web li\u00e9e par Wine Friendly Hotels SL.<\/p><p>7. Propri\u00e9t\u00e9 intellectuelle et industrielle<br \/>Tous les contenus du site Web, sauf indication contraire, sont la propri\u00e9t\u00e9 exclusive de Wine Friendly Hotels SL et, \u00e0 titre d&#039;exemple, mais sans limitation, la conception graphique, le code source, les logos, les textes, les graphiques, les illustrations, les photographies et autres \u00e9l\u00e9ments. qui apparaissent sur la page Web.<\/p><p>De m\u00eame, tous les noms commerciaux, marques ou signes distinctifs de toute nature contenus sur le Site sont prot\u00e9g\u00e9s par la loi.<\/p><p>Wine Friendly Hotels SL n&#039;accorde aucun type de licence ou d&#039;autorisation d&#039;utilisation personnelle \u00e0 l&#039;utilisateur sur ses droits de propri\u00e9t\u00e9 intellectuelle et industrielle ou tout autre droit li\u00e9 \u00e0 son site Web et aux services qui y sont propos\u00e9s.<\/p><p>Par cons\u00e9quent, l&#039;Utilisateur reconna\u00eet que la reproduction, la distribution, la commercialisation, la transformation et, en g\u00e9n\u00e9ral, toute autre forme d&#039;exploitation, par quelque proc\u00e9d\u00e9 que ce soit, de tout ou partie du contenu de cette page Web constitue une violation des droits de propri\u00e9t\u00e9 intellectuelle et\/ou. ou industriel de Wine Friendly Hotels ou le propri\u00e9taire de celui-ci.<\/p><p>8. Loi applicable et juridiction<br \/>En cas de conflit ou de divergence dans l&#039;interpr\u00e9tation ou l&#039;application des pr\u00e9sentes Conditions d&#039;Utilisation, les Cours et Tribunaux qui, le cas \u00e9ch\u00e9ant, conna\u00eetront de l&#039;affaire seront ceux \u00e9tablis par la r\u00e9glementation applicable en mati\u00e8re de juridiction comp\u00e9tente, et que dans le cas des consommateurs finaux, il correspondra au lieu d&#039;ex\u00e9cution de l&#039;obligation, ou au domicile du consommateur.<\/p><p>Le tout sans pr\u00e9judice du droit de l&#039;Utilisateur de s&#039;adresser au Conseil d&#039;Arbitrage de la Consommation de son ressort.<\/p><p>Dans le cas d&#039;une soci\u00e9t\u00e9, les deux parties se soumettent, renon\u00e7ant express\u00e9ment \u00e0 toute autre juridiction, aux Cours et Tribunaux de Barcelone (Espagne).<\/p><p>9. Modification des conditions d&#039;utilisation<br \/>Wine Friendly Hotels SL se r\u00e9serve le droit de d\u00e9velopper ou de mettre \u00e0 jour les mentions l\u00e9gales \u00e0 tout moment, l&#039;utilisateur doit donc les lire p\u00e9riodiquement.<\/p><\/div><\/div>\t\t\t\t\t\t<\/div>\n\t\t\t\t<\/div>\n\t\t\t\t\t<\/div>\n\t\t\t\t<\/div>\n\t\t\t\t<\/div>","protected":false},"excerpt":{"rendered":"<p>T\u00e9rminos del servicio 1. Identificaci\u00f3n del titular de la WebWine Friendly Hotels S.L.B65163941Avinguda Baix Llobregat 9-1108820 \u2013 El Prat de Llobregat 2. Aceptaci\u00f3n del UsuarioLas presentes Condiciones de Uso regulan el acceso y la utilizaci\u00f3n de la p\u00e1gina Web http:\/\/www.terradominicata.com que Wine Friendly Hotels S.L. pone a disposici\u00f3n de los Usuarios en Internet. Wine Friendly [&hellip;]<\/p>","protected":false},"author":3,"featured_media":0,"parent":0,"menu_order":0,"comment_status":"closed","ping_status":"open","template":"","meta":{"site-sidebar-layout":"default","site-content-layout":"","ast-site-content-layout":"","site-content-style":"default","site-sidebar-style":"default","ast-global-header-display":"","ast-banner-title-visibility":"","ast-main-header-display":"","ast-hfb-above-header-display":"","ast-hfb-below-header-display":"","ast-hfb-mobile-header-display":"","site-post-title":"","ast-breadcrumbs-content":"","ast-featured-img":"","footer-sml-layout":"","theme-transparent-header-meta":"","adv-header-id-meta":"","stick-header-meta":"","header-above-stick-meta":"","header-main-stick-meta":"","header-below-stick-meta":"","astra-migrate-meta-layouts":"default","ast-page-background-enabled":"default","ast-page-background-meta":{"desktop":{"background-color":"var(--ast-global-color-4)","background-image":"","background-repeat":"repeat","background-position":"center center","background-size":"auto","background-attachment":"scroll","background-type":"","background-media":"","overlay-type":"","overlay-color":"","overlay-opacity":"","overlay-gradient":""},"tablet":{"background-color":"","background-image":"","background-repeat":"repeat","background-position":"center center","background-size":"auto","background-attachment":"scroll","background-type":"","background-media":"","overlay-type":"","overlay-color":"","overlay-opacity":"","overlay-gradient":""},"mobile":{"background-color":"","background-image":"","background-repeat":"repeat","background-position":"center center","background-size":"auto","background-attachment":"scroll","background-type":"","background-media":"","overlay-type":"","overlay-color":"","overlay-opacity":"","overlay-gradient":""}},"ast-content-background-meta":{"desktop":{"background-color":"var(--ast-global-color-5)","background-image":"","background-repeat":"repeat","background-position":"center center","background-size":"auto","background-attachment":"scroll","background-type":"","background-media":"","overlay-type":"","overlay-color":"","overlay-opacity":"","overlay-gradient":""},"tablet":{"background-color":"var(--ast-global-color-5)","background-image":"","background-repeat":"repeat","background-position":"center center","background-size":"auto","background-attachment":"scroll","background-type":"","background-media":"","overlay-type":"","overlay-color":"","overlay-opacity":"","overlay-gradient":""},"mobile":{"background-color":"var(--ast-global-color-5)","background-image":"","background-repeat":"repeat","background-position":"center center","background-size":"auto","background-attachment":"scroll","background-type":"","background-media":"","overlay-type":"","overlay-color":"","overlay-opacity":"","overlay-gradient":""}},"footnotes":""},"class_list":["post-3701","page","type-page","status-publish","hentry"],"acf":[],"yoast_head":"<!-- This site is optimized with the Yoast SEO plugin v23.0 - https:\/\/yoast.com\/wordpress\/plugins\/seo\/ -->\n<title>T\u00e9rminos del servicio - Terra Dominicata<\/title>\n<meta name=\"robots\" content=\"index, follow, max-snippet:-1, max-image-preview:large, max-video-preview:-1\" \/>\n<link rel=\"canonical\" href=\"https:\/\/terradominicata.com\/fr\/terminos-del-servicio\/\" \/>\n<meta property=\"og:locale\" content=\"fr_FR\" \/>\n<meta property=\"og:type\" content=\"article\" \/>\n<meta property=\"og:title\" content=\"T\u00e9rminos del servicio - Terra Dominicata\" \/>\n<meta property=\"og:description\" content=\"T\u00e9rminos del servicio 1. Identificaci\u00f3n del titular de la WebWine Friendly Hotels S.L.B65163941Avinguda Baix Llobregat 9-1108820 \u2013 El Prat de Llobregat 2. Aceptaci\u00f3n del UsuarioLas presentes Condiciones de Uso regulan el acceso y la utilizaci\u00f3n de la p\u00e1gina Web http:\/\/www.terradominicata.com que Wine Friendly Hotels S.L. pone a disposici\u00f3n de los Usuarios en Internet. Wine Friendly [&hellip;]\" \/>\n<meta property=\"og:url\" content=\"https:\/\/terradominicata.com\/fr\/terminos-del-servicio\/\" \/>\n<meta property=\"og:site_name\" content=\"Terra Dominicata\" \/>\n<meta property=\"article:modified_time\" content=\"2025-02-05T11:34:28+00:00\" \/>\n<meta name=\"twitter:card\" content=\"summary_large_image\" \/>\n<meta name=\"twitter:label1\" content=\"Dur\u00e9e de lecture estim\u00e9e\" \/>\n\t<meta name=\"twitter:data1\" content=\"5 minutes\" \/>\n<script type=\"application\/ld+json\" class=\"yoast-schema-graph\">{\"@context\":\"https:\/\/schema.org\",\"@graph\":[{\"@type\":\"WebPage\",\"@id\":\"https:\/\/terradominicata.com\/terminos-del-servicio\/\",\"url\":\"https:\/\/terradominicata.com\/terminos-del-servicio\/\",\"name\":\"T\u00e9rminos del servicio - Terra Dominicata\",\"isPartOf\":{\"@id\":\"https:\/\/terradominicata.com\/#website\"},\"datePublished\":\"2025-01-28T09:06:15+00:00\",\"dateModified\":\"2025-02-05T11:34:28+00:00\",\"breadcrumb\":{\"@id\":\"https:\/\/terradominicata.com\/terminos-del-servicio\/#breadcrumb\"},\"inLanguage\":\"fr-FR\",\"potentialAction\":[{\"@type\":\"ReadAction\",\"target\":[\"https:\/\/terradominicata.com\/terminos-del-servicio\/\"]}]},{\"@type\":\"BreadcrumbList\",\"@id\":\"https:\/\/terradominicata.com\/terminos-del-servicio\/#breadcrumb\",\"itemListElement\":[{\"@type\":\"ListItem\",\"position\":1,\"name\":\"Portada\",\"item\":\"https:\/\/terradominicata.com\/\"},{\"@type\":\"ListItem\",\"position\":2,\"name\":\"T\u00e9rminos del servicio\"}]},{\"@type\":\"WebSite\",\"@id\":\"https:\/\/terradominicata.com\/#website\",\"url\":\"https:\/\/terradominicata.com\/\",\"name\":\"Terra Dominicata\",\"description\":\"\",\"publisher\":{\"@id\":\"https:\/\/terradominicata.com\/#organization\"},\"potentialAction\":[{\"@type\":\"SearchAction\",\"target\":{\"@type\":\"EntryPoint\",\"urlTemplate\":\"https:\/\/terradominicata.com\/?s={search_term_string}\"},\"query-input\":\"required name=search_term_string\"}],\"inLanguage\":\"fr-FR\"},{\"@type\":\"Organization\",\"@id\":\"https:\/\/terradominicata.com\/#organization\",\"name\":\"Terra Dominicata\",\"url\":\"https:\/\/terradominicata.com\/\",\"logo\":{\"@type\":\"ImageObject\",\"inLanguage\":\"fr-FR\",\"@id\":\"https:\/\/terradominicata.com\/#\/schema\/logo\/image\/\",\"url\":\"https:\/\/terradominicata.com\/wp-content\/uploads\/2024\/05\/Recurso-1.svg\",\"contentUrl\":\"https:\/\/terradominicata.com\/wp-content\/uploads\/2024\/05\/Recurso-1.svg\",\"width\":427,\"height\":91,\"caption\":\"Terra Dominicata\"},\"image\":{\"@id\":\"https:\/\/terradominicata.com\/#\/schema\/logo\/image\/\"}}]}<\/script>\n<!-- \/ Yoast SEO plugin. -->","yoast_head_json":{"title":"T\u00e9rminos del servicio - Terra Dominicata","robots":{"index":"index","follow":"follow","max-snippet":"max-snippet:-1","max-image-preview":"max-image-preview:large","max-video-preview":"max-video-preview:-1"},"canonical":"https:\/\/terradominicata.com\/fr\/terminos-del-servicio\/","og_locale":"fr_FR","og_type":"article","og_title":"T\u00e9rminos del servicio - Terra Dominicata","og_description":"T\u00e9rminos del servicio 1. Identificaci\u00f3n del titular de la WebWine Friendly Hotels S.L.B65163941Avinguda Baix Llobregat 9-1108820 \u2013 El Prat de Llobregat 2. Aceptaci\u00f3n del UsuarioLas presentes Condiciones de Uso regulan el acceso y la utilizaci\u00f3n de la p\u00e1gina Web http:\/\/www.terradominicata.com que Wine Friendly Hotels S.L. pone a disposici\u00f3n de los Usuarios en Internet. Wine Friendly [&hellip;]","og_url":"https:\/\/terradominicata.com\/fr\/terminos-del-servicio\/","og_site_name":"Terra Dominicata","article_modified_time":"2025-02-05T11:34:28+00:00","twitter_card":"summary_large_image","twitter_misc":{"Dur\u00e9e de lecture estim\u00e9e":"5 minutes"},"schema":{"@context":"https:\/\/schema.org","@graph":[{"@type":"WebPage","@id":"https:\/\/terradominicata.com\/terminos-del-servicio\/","url":"https:\/\/terradominicata.com\/terminos-del-servicio\/","name":"T\u00e9rminos del servicio - Terra Dominicata","isPartOf":{"@id":"https:\/\/terradominicata.com\/#website"},"datePublished":"2025-01-28T09:06:15+00:00","dateModified":"2025-02-05T11:34:28+00:00","breadcrumb":{"@id":"https:\/\/terradominicata.com\/terminos-del-servicio\/#breadcrumb"},"inLanguage":"fr-FR","potentialAction":[{"@type":"ReadAction","target":["https:\/\/terradominicata.com\/terminos-del-servicio\/"]}]},{"@type":"BreadcrumbList","@id":"https:\/\/terradominicata.com\/terminos-del-servicio\/#breadcrumb","itemListElement":[{"@type":"ListItem","position":1,"name":"Portada","item":"https:\/\/terradominicata.com\/"},{"@type":"ListItem","position":2,"name":"T\u00e9rminos del servicio"}]},{"@type":"WebSite","@id":"https:\/\/terradominicata.com\/#website","url":"https:\/\/terradominicata.com\/","name":"Terra Dominicata","description":"","publisher":{"@id":"https:\/\/terradominicata.com\/#organization"},"potentialAction":[{"@type":"SearchAction","target":{"@type":"EntryPoint","urlTemplate":"https:\/\/terradominicata.com\/?s={search_term_string}"},"query-input":"required name=search_term_string"}],"inLanguage":"fr-FR"},{"@type":"Organization","@id":"https:\/\/terradominicata.com\/#organization","name":"Terra Dominicata","url":"https:\/\/terradominicata.com\/","logo":{"@type":"ImageObject","inLanguage":"fr-FR","@id":"https:\/\/terradominicata.com\/#\/schema\/logo\/image\/","url":"https:\/\/terradominicata.com\/wp-content\/uploads\/2024\/05\/Recurso-1.svg","contentUrl":"https:\/\/terradominicata.com\/wp-content\/uploads\/2024\/05\/Recurso-1.svg","width":427,"height":91,"caption":"Terra Dominicata"},"image":{"@id":"https:\/\/terradominicata.com\/#\/schema\/logo\/image\/"}}]}},"_links":{"self":[{"href":"https:\/\/terradominicata.com\/fr\/wp-json\/wp\/v2\/pages\/3701","targetHints":{"allow":["GET"]}}],"collection":[{"href":"https:\/\/terradominicata.com\/fr\/wp-json\/wp\/v2\/pages"}],"about":[{"href":"https:\/\/terradominicata.com\/fr\/wp-json\/wp\/v2\/types\/page"}],"author":[{"embeddable":true,"href":"https:\/\/terradominicata.com\/fr\/wp-json\/wp\/v2\/users\/3"}],"replies":[{"embeddable":true,"href":"https:\/\/terradominicata.com\/fr\/wp-json\/wp\/v2\/comments?post=3701"}],"version-history":[{"count":0,"href":"https:\/\/terradominicata.com\/fr\/wp-json\/wp\/v2\/pages\/3701\/revisions"}],"wp:attachment":[{"href":"https:\/\/terradominicata.com\/fr\/wp-json\/wp\/v2\/media?parent=3701"}],"curies":[{"name":"wp","href":"https:\/\/api.w.org\/{rel}","templated":true}]}}