{"id":1698,"date":"2024-08-09T11:12:54","date_gmt":"2024-08-09T09:12:54","guid":{"rendered":"https:\/\/terradominicata.com\/?post_type=product&#038;p=1698"},"modified":"2026-04-08T11:17:53","modified_gmt":"2026-04-08T09:17:53","slug":"bono-personalizable","status":"publish","type":"product","link":"https:\/\/terradominicata.com\/fr\/produit\/bono-personalizable\/","title":{"rendered":"Donner un s\u00e9jour"},"content":{"rendered":"","protected":false},"excerpt":{"rendered":"<p>Bon cadeau comprenant une nuit avec petit-d\u00e9jeuner pour 2 personnes. Vous pouvez ajouter diff\u00e9rentes options au cadeau.<\/p>","protected":false},"featured_media":2544,"comment_status":"open","ping_status":"closed","template":"","meta":{"site-sidebar-layout":"default","site-content-layout":"","ast-site-content-layout":"default","site-content-style":"default","site-sidebar-style":"default","ast-global-header-display":"","ast-banner-title-visibility":"","ast-main-header-display":"","ast-hfb-above-header-display":"","ast-hfb-below-header-display":"","ast-hfb-mobile-header-display":"","site-post-title":"","ast-breadcrumbs-content":"","ast-featured-img":"","footer-sml-layout":"","theme-transparent-header-meta":"default","adv-header-id-meta":"","stick-header-meta":"","header-above-stick-meta":"","header-main-stick-meta":"","header-below-stick-meta":"","astra-migrate-meta-layouts":"set","ast-page-background-enabled":"default","ast-page-background-meta":{"desktop":{"background-color":"var(--ast-global-color-4)","background-image":"","background-repeat":"repeat","background-position":"center center","background-size":"auto","background-attachment":"scroll","background-type":"","background-media":"","overlay-type":"","overlay-color":"","overlay-opacity":"","overlay-gradient":""},"tablet":{"background-color":"","background-image":"","background-repeat":"repeat","background-position":"center center","background-size":"auto","background-attachment":"scroll","background-type":"","background-media":"","overlay-type":"","overlay-color":"","overlay-opacity":"","overlay-gradient":""},"mobile":{"background-color":"","background-image":"","background-repeat":"repeat","background-position":"center center","background-size":"auto","background-attachment":"scroll","background-type":"","background-media":"","overlay-type":"","overlay-color":"","overlay-opacity":"","overlay-gradient":""}},"ast-content-background-meta":{"desktop":{"background-color":"var(--ast-global-color-5)","background-image":"","background-repeat":"repeat","background-position":"center center","background-size":"auto","background-attachment":"scroll","background-type":"","background-media":"","overlay-type":"","overlay-color":"","overlay-opacity":"","overlay-gradient":""},"tablet":{"background-color":"var(--ast-global-color-5)","background-image":"","background-repeat":"repeat","background-position":"center center","background-size":"auto","background-attachment":"scroll","background-type":"","background-media":"","overlay-type":"","overlay-color":"","overlay-opacity":"","overlay-gradient":""},"mobile":{"background-color":"var(--ast-global-color-5)","background-image":"","background-repeat":"repeat","background-position":"center center","background-size":"auto","background-attachment":"scroll","background-type":"","background-media":"","overlay-type":"","overlay-color":"","overlay-opacity":"","overlay-gradient":""}}},"product_brand":[],"product_cat":[24],"product_tag":[33],"class_list":{"0":"post-1698","1":"product","2":"type-product","3":"status-publish","4":"has-post-thumbnail","6":"product_cat-bonos_hotel","7":"product_tag-bono","8":"desktop-align-left","9":"tablet-align-left","10":"mobile-align-left","11":"ast-product-gallery-layout-vertical-slider","12":"ast-magnify-disabled","13":"ast-product-tabs-layout-horizontal","15":"first","16":"instock","17":"virtual","18":"taxable","19":"purchasable","20":"product-type-simple"},"acf":[],"yoast_head":"<!-- This site is optimized with the Yoast SEO plugin v23.0 - https:\/\/yoast.com\/wordpress\/plugins\/seo\/ -->\n<title>Regale una estancia - Terra Dominicata<\/title>\n<meta name=\"description\" content=\"Regale una estancia en el hotel Terra Dominicata mediante este bono regalo. Tiene diferentes opciones con las que configurar el bono regalo.\" \/>\n<meta name=\"robots\" content=\"index, follow, max-snippet:-1, max-image-preview:large, max-video-preview:-1\" \/>\n<link rel=\"canonical\" href=\"https:\/\/terradominicata.com\/fr\/produit\/bono-personalizable\/\" \/>\n<meta property=\"og:locale\" content=\"fr_FR\" \/>\n<meta property=\"og:type\" content=\"article\" \/>\n<meta property=\"og:title\" content=\"Regale una estancia - Terra Dominicata\" \/>\n<meta property=\"og:description\" content=\"Regale una estancia en el hotel Terra Dominicata mediante este bono regalo. Tiene diferentes opciones con las que configurar el bono regalo.\" \/>\n<meta property=\"og:url\" content=\"https:\/\/terradominicata.com\/fr\/produit\/bono-personalizable\/\" \/>\n<meta property=\"og:site_name\" content=\"Terra Dominicata\" \/>\n<meta property=\"article:modified_time\" content=\"2026-04-08T09:17:53+00:00\" \/>\n<meta property=\"og:image\" content=\"https:\/\/terradominicata.com\/wp-content\/uploads\/2024\/07\/DJI_0379.jpg\" \/>\n\t<meta property=\"og:image:width\" content=\"2000\" \/>\n\t<meta property=\"og:image:height\" content=\"1500\" \/>\n\t<meta property=\"og:image:type\" content=\"image\/jpeg\" \/>\n<meta name=\"twitter:card\" content=\"summary_large_image\" \/>\n<meta name=\"twitter:label1\" content=\"Dur\u00e9e de lecture estim\u00e9e\" \/>\n\t<meta name=\"twitter:data1\" content=\"1 minute\" \/>\n<script type=\"application\/ld+json\" class=\"yoast-schema-graph\">{\"@context\":\"https:\/\/schema.org\",\"@graph\":[{\"@type\":\"WebPage\",\"@id\":\"https:\/\/terradominicata.com\/producto\/bono-personalizable\/\",\"url\":\"https:\/\/terradominicata.com\/producto\/bono-personalizable\/\",\"name\":\"Regale una estancia - Terra Dominicata\",\"isPartOf\":{\"@id\":\"https:\/\/terradominicata.com\/#website\"},\"primaryImageOfPage\":{\"@id\":\"https:\/\/terradominicata.com\/producto\/bono-personalizable\/#primaryimage\"},\"image\":{\"@id\":\"https:\/\/terradominicata.com\/producto\/bono-personalizable\/#primaryimage\"},\"thumbnailUrl\":\"https:\/\/terradominicata.com\/wp-content\/uploads\/2024\/07\/DJI_0379.jpg\",\"datePublished\":\"2024-08-09T09:12:54+00:00\",\"dateModified\":\"2026-04-08T09:17:53+00:00\",\"description\":\"Regale una estancia en el hotel Terra Dominicata mediante este bono regalo. Tiene diferentes opciones con las que configurar el bono regalo.\",\"breadcrumb\":{\"@id\":\"https:\/\/terradominicata.com\/producto\/bono-personalizable\/#breadcrumb\"},\"inLanguage\":\"fr-FR\",\"potentialAction\":[{\"@type\":\"ReadAction\",\"target\":[\"https:\/\/terradominicata.com\/producto\/bono-personalizable\/\"]}]},{\"@type\":\"ImageObject\",\"inLanguage\":\"fr-FR\",\"@id\":\"https:\/\/terradominicata.com\/producto\/bono-personalizable\/#primaryimage\",\"url\":\"https:\/\/terradominicata.com\/wp-content\/uploads\/2024\/07\/DJI_0379.jpg\",\"contentUrl\":\"https:\/\/terradominicata.com\/wp-content\/uploads\/2024\/07\/DJI_0379.jpg\",\"width\":2000,\"height\":1500},{\"@type\":\"BreadcrumbList\",\"@id\":\"https:\/\/terradominicata.com\/producto\/bono-personalizable\/#breadcrumb\",\"itemListElement\":[{\"@type\":\"ListItem\",\"position\":1,\"name\":\"Portada\",\"item\":\"https:\/\/terradominicata.com\/\"},{\"@type\":\"ListItem\",\"position\":2,\"name\":\"Tienda\",\"item\":\"https:\/\/terradominicata.com\/tienda\/\"},{\"@type\":\"ListItem\",\"position\":3,\"name\":\"Regale una estancia\"}]},{\"@type\":\"WebSite\",\"@id\":\"https:\/\/terradominicata.com\/#website\",\"url\":\"https:\/\/terradominicata.com\/\",\"name\":\"Terra Dominicata\",\"description\":\"\",\"publisher\":{\"@id\":\"https:\/\/terradominicata.com\/#organization\"},\"potentialAction\":[{\"@type\":\"SearchAction\",\"target\":{\"@type\":\"EntryPoint\",\"urlTemplate\":\"https:\/\/terradominicata.com\/?s={search_term_string}\"},\"query-input\":\"required name=search_term_string\"}],\"inLanguage\":\"fr-FR\"},{\"@type\":\"Organization\",\"@id\":\"https:\/\/terradominicata.com\/#organization\",\"name\":\"Terra Dominicata\",\"url\":\"https:\/\/terradominicata.com\/\",\"logo\":{\"@type\":\"ImageObject\",\"inLanguage\":\"fr-FR\",\"@id\":\"https:\/\/terradominicata.com\/#\/schema\/logo\/image\/\",\"url\":\"https:\/\/terradominicata.com\/wp-content\/uploads\/2024\/05\/Recurso-1.svg\",\"contentUrl\":\"https:\/\/terradominicata.com\/wp-content\/uploads\/2024\/05\/Recurso-1.svg\",\"width\":427,\"height\":91,\"caption\":\"Terra Dominicata\"},\"image\":{\"@id\":\"https:\/\/terradominicata.com\/#\/schema\/logo\/image\/\"}}]}<\/script>\n<!-- \/ Yoast SEO plugin. -->","yoast_head_json":{"title":"Regale una estancia - Terra Dominicata","description":"Regale una estancia en el hotel Terra Dominicata mediante este bono regalo. Tiene diferentes opciones con las que configurar el bono regalo.","robots":{"index":"index","follow":"follow","max-snippet":"max-snippet:-1","max-image-preview":"max-image-preview:large","max-video-preview":"max-video-preview:-1"},"canonical":"https:\/\/terradominicata.com\/fr\/produit\/bono-personalizable\/","og_locale":"fr_FR","og_type":"article","og_title":"Regale una estancia - Terra Dominicata","og_description":"Regale una estancia en el hotel Terra Dominicata mediante este bono regalo. Tiene diferentes opciones con las que configurar el bono regalo.","og_url":"https:\/\/terradominicata.com\/fr\/produit\/bono-personalizable\/","og_site_name":"Terra Dominicata","article_modified_time":"2026-04-08T09:17:53+00:00","og_image":[{"width":2000,"height":1500,"url":"https:\/\/terradominicata.com\/wp-content\/uploads\/2024\/07\/DJI_0379.jpg","type":"image\/jpeg"}],"twitter_card":"summary_large_image","twitter_misc":{"Dur\u00e9e de lecture estim\u00e9e":"1 minute"},"schema":{"@context":"https:\/\/schema.org","@graph":[{"@type":"WebPage","@id":"https:\/\/terradominicata.com\/producto\/bono-personalizable\/","url":"https:\/\/terradominicata.com\/producto\/bono-personalizable\/","name":"Regale una estancia - Terra Dominicata","isPartOf":{"@id":"https:\/\/terradominicata.com\/#website"},"primaryImageOfPage":{"@id":"https:\/\/terradominicata.com\/producto\/bono-personalizable\/#primaryimage"},"image":{"@id":"https:\/\/terradominicata.com\/producto\/bono-personalizable\/#primaryimage"},"thumbnailUrl":"https:\/\/terradominicata.com\/wp-content\/uploads\/2024\/07\/DJI_0379.jpg","datePublished":"2024-08-09T09:12:54+00:00","dateModified":"2026-04-08T09:17:53+00:00","description":"Regale una estancia en el hotel Terra Dominicata mediante este bono regalo. Tiene diferentes opciones con las que configurar el bono regalo.","breadcrumb":{"@id":"https:\/\/terradominicata.com\/producto\/bono-personalizable\/#breadcrumb"},"inLanguage":"fr-FR","potentialAction":[{"@type":"ReadAction","target":["https:\/\/terradominicata.com\/producto\/bono-personalizable\/"]}]},{"@type":"ImageObject","inLanguage":"fr-FR","@id":"https:\/\/terradominicata.com\/producto\/bono-personalizable\/#primaryimage","url":"https:\/\/terradominicata.com\/wp-content\/uploads\/2024\/07\/DJI_0379.jpg","contentUrl":"https:\/\/terradominicata.com\/wp-content\/uploads\/2024\/07\/DJI_0379.jpg","width":2000,"height":1500},{"@type":"BreadcrumbList","@id":"https:\/\/terradominicata.com\/producto\/bono-personalizable\/#breadcrumb","itemListElement":[{"@type":"ListItem","position":1,"name":"Portada","item":"https:\/\/terradominicata.com\/"},{"@type":"ListItem","position":2,"name":"Tienda","item":"https:\/\/terradominicata.com\/tienda\/"},{"@type":"ListItem","position":3,"name":"Regale una estancia"}]},{"@type":"WebSite","@id":"https:\/\/terradominicata.com\/#website","url":"https:\/\/terradominicata.com\/","name":"Terra Dominicata","description":"","publisher":{"@id":"https:\/\/terradominicata.com\/#organization"},"potentialAction":[{"@type":"SearchAction","target":{"@type":"EntryPoint","urlTemplate":"https:\/\/terradominicata.com\/?s={search_term_string}"},"query-input":"required name=search_term_string"}],"inLanguage":"fr-FR"},{"@type":"Organization","@id":"https:\/\/terradominicata.com\/#organization","name":"Terra Dominicata","url":"https:\/\/terradominicata.com\/","logo":{"@type":"ImageObject","inLanguage":"fr-FR","@id":"https:\/\/terradominicata.com\/#\/schema\/logo\/image\/","url":"https:\/\/terradominicata.com\/wp-content\/uploads\/2024\/05\/Recurso-1.svg","contentUrl":"https:\/\/terradominicata.com\/wp-content\/uploads\/2024\/05\/Recurso-1.svg","width":427,"height":91,"caption":"Terra Dominicata"},"image":{"@id":"https:\/\/terradominicata.com\/#\/schema\/logo\/image\/"}}]}},"_links":{"self":[{"href":"https:\/\/terradominicata.com\/fr\/wp-json\/wp\/v2\/product\/1698","targetHints":{"allow":["GET"]}}],"collection":[{"href":"https:\/\/terradominicata.com\/fr\/wp-json\/wp\/v2\/product"}],"about":[{"href":"https:\/\/terradominicata.com\/fr\/wp-json\/wp\/v2\/types\/product"}],"replies":[{"embeddable":true,"href":"https:\/\/terradominicata.com\/fr\/wp-json\/wp\/v2\/comments?post=1698"}],"wp:featuredmedia":[{"embeddable":true,"href":"https:\/\/terradominicata.com\/fr\/wp-json\/wp\/v2\/media\/2544"}],"wp:attachment":[{"href":"https:\/\/terradominicata.com\/fr\/wp-json\/wp\/v2\/media?parent=1698"}],"wp:term":[{"taxonomy":"product_brand","embeddable":true,"href":"https:\/\/terradominicata.com\/fr\/wp-json\/wp\/v2\/product_brand?post=1698"},{"taxonomy":"product_cat","embeddable":true,"href":"https:\/\/terradominicata.com\/fr\/wp-json\/wp\/v2\/product_cat?post=1698"},{"taxonomy":"product_tag","embeddable":true,"href":"https:\/\/terradominicata.com\/fr\/wp-json\/wp\/v2\/product_tag?post=1698"}],"curies":[{"name":"wp","href":"https:\/\/api.w.org\/{rel}","templated":true}]}}